{"id":1613,"date":"2024-06-29T01:06:11","date_gmt":"2024-06-29T01:06:11","guid":{"rendered":"https:\/\/touchscreenmfg.com\/manufacturer\/3d-bent-glass\/"},"modified":"2024-06-29T03:36:43","modified_gmt":"2024-06-29T03:36:43","slug":"3d-bent-glass","status":"publish","type":"product","link":"https:\/\/touchscreenmfg.com\/lv\/3d-bent-glass\/","title":{"rendered":"3D liektais stikls"},"content":{"rendered":"<h2 class=\"\" data-sourcepos=\"1:1-1:66\">3D liektais stikls: Veidojot gludu un iztur\u012bgu displeju n\u0101kotni<\/h2>\n<p data-sourcepos=\"3:1-3:67\">3D izliektais stikls, kas paz\u012bstams ar\u012b k\u0101 izliekts v\u0101ka stikls, ir revolucion\u0101rs stikla veids, kas maina elektronisko ier\u012b\u010du dizainu un funkcionalit\u0101ti. At\u0161\u0137ir\u012bb\u0101 no tradicion\u0101l\u0101 plakan\u0101 v\u0101ka stikla 3D Bent Glass ir izliekta forma, kas nevainojami atbilst m\u016bsdienu izliekto displeju kont\u016br\u0101m. \u0160is inovat\u012bvais dizains pied\u0101v\u0101 virkni priek\u0161roc\u012bbu sal\u012bdzin\u0101jum\u0101 ar plakano v\u0101ku stiklu, padarot to par v\u0113lamo izv\u0113li gan ra\u017eot\u0101jiem, gan pat\u0113r\u0113t\u0101jiem.<\/p>\n<p data-sourcepos=\"5:1-5:19\"><strong>Galven\u0101s funkcijas:<\/strong><\/p>\n<ul data-sourcepos=\"7:1-7:153\">\n<li data-sourcepos=\"7:1-7:153\">\n<p class=\"\" data-sourcepos=\"7:3-7:169\"><strong class=\"\">Gluds un elegants dizains:<\/strong> 3D izliektais stikls uzlabo ier\u012b\u010du est\u0113tiku, radot gludu, vienlaidu virsmu, kas nevainojami sapl\u016bst ar izliekto displeju.<\/p>\n<\/li>\n<li data-sourcepos=\"9:1-10:0\">\n<p data-sourcepos=\"9:3-9:176\"><strong>Uzlabota iztur\u012bba:<\/strong> 3D izliekt\u0101 stikla izliekt\u0101 forma nodro\u0161ina lab\u0101ku struktur\u0101lo atbalstu, padarot to iztur\u012bg\u0101ku pret triecieniem un skr\u0101p\u0113jumiem, sal\u012bdzinot ar plakano v\u0101ka stiklu.<\/p>\n<\/li>\n<li data-sourcepos=\"11:1-12:0\">\n<p data-sourcepos=\"11:3-11:159\"><strong>Uzlabots displejs no malas l\u012bdz malai:<\/strong> 3D Bent Glass \u013cauj veidot displejus no malas l\u012bdz malai, maksim\u0101li palielinot skata laukumu un radot v\u0113l aizraujo\u0161\u0101ku lieto\u0161anas pieredzi.<\/p>\n<\/li>\n<li data-sourcepos=\"13:1-13:131\">\n<p data-sourcepos=\"13:3-13:131\"><strong>Savietojam\u012bba ar sk\u0101rienekr\u0101nu:<\/strong> 3D Bent Glass ir piln\u012bb\u0101 sader\u012bgs ar sk\u0101rienj\u016bt\u012bgo ekr\u0101nu tehnolo\u0123iju, nodro\u0161inot netrauc\u0113tu sk\u0101rienj\u016bt\u012bgu mijiedarb\u012bbu.<\/p>\n<\/li>\n<\/ul>\n<p data-sourcepos=\"15:1-15:27\"><strong>R\u016bd\u012bta stikla loc\u012b\u0161ana:<\/strong><\/p>\n<p data-sourcepos=\"17:1-17:284\">3D liekt\u0101 stikla izgatavo\u0161anas process ietver r\u016bd\u012bta stikla kars\u0113\u0161anu augst\u0101 temperat\u016br\u0101 un p\u0113c tam t\u0101 form\u0113\u0161anu v\u0113lamaj\u0101 form\u0101, izmantojot specializ\u0113tas veidnes un iek\u0101rtas. \u0160is process nodro\u0161ina, ka stikls saglab\u0101 savu iztur\u012bbu un iztur\u012bbu, vienlaikus pan\u0101kot v\u0113lamo izliekumu.<\/p>\n<p data-sourcepos=\"19:1-19:34\"><strong>Pieteikumi:<\/strong><\/p>\n<ul data-sourcepos=\"21:1-28:0\">\n<li data-sourcepos=\"21:1-22:0\">\n<p data-sourcepos=\"21:3-21:134\"><strong>Viedt\u0101lru\u0146i:<\/strong> Tas tiek pla\u0161i izmantots augstas klases viedt\u0101lru\u0146os, veicinot to gludo dizainu un iztur\u012bgo konstrukciju.<\/p>\n<\/li>\n<li data-sourcepos=\"23:1-24:0\">\n<p data-sourcepos=\"23:3-23:117\"><strong>Tabletes:<\/strong> Liel\u0101kiem displejiem un uzlabotai lieto\u0161anas pieredzei plan\u0161etdatoros arvien bie\u017e\u0101k tiek izmantots 3D Bent Glass.<\/p>\n<\/li>\n<li data-sourcepos=\"25:1-26:0\">\n<p data-sourcepos=\"25:3-25:112\"><strong>Portat\u012bvie datori:<\/strong> Da\u017eiem augst\u0101k\u0101s klases kl\u0113pjdatoriem ir 3D Bent Glass sk\u0101rienj\u016bt\u012bgajiem displejiem un gludai est\u0113tikai.<\/p>\n<\/li>\n<li data-sourcepos=\"27:1-28:0\">\n<p data-sourcepos=\"27:3-27:145\"><strong>Viedie pulkste\u0146i:<\/strong> Tas tiek izmantots viedpulkste\u0146os, nodro\u0161inot iztur\u012bg\u0101ku un vizu\u0101li pievilc\u012bg\u0101ku p\u0101rkl\u0101jumu to displejiem.<\/p>\n<\/li>\n<\/ul>","protected":false},"excerpt":{"rendered":"<p>3D Bent Glass ir p\u0101rmai\u0146as elektronisko ier\u012b\u010du pasaul\u0113, pied\u0101v\u0101jot elegantu dizainu, uzlabotu iztur\u012bbu un uzlabotas displeja iesp\u0113jas. Att\u012bstoties tehnolo\u0123ij\u0101m, 3D Bent Glass ir gatavs k\u013c\u016bt v\u0113l izplat\u012bt\u0101ks, veidojot viedt\u0101lru\u0146u, plan\u0161etdatoru, kl\u0113pjdatoru un citu ier\u012b\u010du n\u0101kotni.<\/p>","protected":false},"featured_media":1574,"template":"","meta":[],"product_cat":[15],"product_tag":[],"_links":{"self":[{"href":"https:\/\/touchscreenmfg.com\/lv\/wp-json\/wp\/v2\/product\/1613"}],"collection":[{"href":"https:\/\/touchscreenmfg.com\/lv\/wp-json\/wp\/v2\/product"}],"about":[{"href":"https:\/\/touchscreenmfg.com\/lv\/wp-json\/wp\/v2\/types\/product"}],"wp:featuredmedia":[{"embeddable":true,"href":"https:\/\/touchscreenmfg.com\/lv\/wp-json\/wp\/v2\/media\/1574"}],"wp:attachment":[{"href":"https:\/\/touchscreenmfg.com\/lv\/wp-json\/wp\/v2\/media?parent=1613"}],"wp:term":[{"taxonomy":"product_cat","embeddable":true,"href":"https:\/\/touchscreenmfg.com\/lv\/wp-json\/wp\/v2\/product_cat?post=1613"},{"taxonomy":"product_tag","embeddable":true,"href":"https:\/\/touchscreenmfg.com\/lv\/wp-json\/wp\/v2\/product_tag?post=1613"}],"curies":[{"name":"wp","href":"https:\/\/api.w.org\/{rel}","templated":true}]}}