{"id":1612,"date":"2024-06-29T01:06:10","date_gmt":"2024-06-29T01:06:10","guid":{"rendered":"https:\/\/touchscreenmfg.com\/manufacturer\/capacitive-touch-screen\/"},"modified":"2024-06-29T03:40:01","modified_gmt":"2024-06-29T03:40:01","slug":"capacitive-touch-screen","status":"publish","type":"product","link":"https:\/\/touchscreenmfg.com\/lv\/capacitive-touch-screen\/","title":{"rendered":"Kapacitat\u012bvais sk\u0101rienekr\u0101ns"},"content":{"rendered":"<h2 class=\"\" data-sourcepos=\"1:1-1:102\">Kapacitat\u012bvie sk\u0101rienekr\u0101ni: Cilv\u0113ka un ma\u0161\u012bnas mijiedarb\u012bbas revolucioniz\u0113\u0161ana ar intuit\u012bvo sk\u0101rienj\u016bt\u012bgo sk\u0101rientehnolo\u0123iju<\/h2>\n<p data-sourcepos=\"3:1-3:88\">Kapacitat\u012bvie sk\u0101rienekr\u0101ni, ko d\u0113v\u0113 ar\u012b par kapacitat\u012bvajiem sk\u0101rienekr\u0101niem vai interakt\u012bvajiem displejiem, ir revolucioniz\u0113ju\u0161i veidu, k\u0101 m\u0113s mijiedarbojamies ar tehnolo\u0123ij\u0101m. \u0160ajos inovat\u012bvajos sk\u0101rienekr\u0101nos izmanto zem displeja virsmas iestr\u0101d\u0101tu elektrodu re\u017e\u0123i, lai noteiktu elektrisk\u0101 lauka izmai\u0146as, ko izraisa cilv\u0113ka pirksts vai cits vado\u0161s objekts. \u0160\u012b tehnolo\u0123ija \u013cauj lietot\u0101jiem kontrol\u0113t digit\u0101lo saturu un mijiedarboties ar to, izmantojot intuit\u012bvus piesk\u0101rienu \u017eestus, piem\u0113ram, piesk\u0101rienus, vilcienus, piesitienus un t\u0101lummai\u0146u.<\/p>\n<p data-sourcepos=\"5:1-5:45\"><strong>Galven\u0101s funkcijas:<\/strong><\/p>\n<ul data-sourcepos=\"7:1-7:125\">\n<li data-sourcepos=\"7:1-7:125\">\n<p class=\"\" data-sourcepos=\"7:3-7:241\"><strong class=\"\">Prec\u012bza un atsauc\u012bga sk\u0101rienu atpaz\u012b\u0161ana:<\/strong> Kapacitat\u012bvie sk\u0101rienekr\u0101ni izmanto sare\u017e\u0123\u012btu sk\u0101rienu noteik\u0161anas tehnolo\u0123iju, lai prec\u012bzi fiks\u0113tu un rea\u0123\u0113tu uz pla\u0161u sk\u0101rienu \u017eestu kl\u0101stu, nodro\u0161inot dabisku un intuit\u012bvu lietot\u0101ja pieredzi.<\/p>\n<\/li>\n<li data-sourcepos=\"9:1-10:0\">\n<p data-sourcepos=\"9:3-9:210\"><strong>Vair\u0101ku piesk\u0101rienu iesp\u0113ja:<\/strong> Daudzi kapacitat\u012bvie sk\u0101rienekr\u0101ni atbalsta vair\u0101ku piesk\u0101rienu funkcionalit\u0101ti, kas \u013cauj lietot\u0101jiem vienlaikus mijiedarboties ar vair\u0101kiem ekr\u0101na punktiem, uzlabojot interakt\u012bvo pieredzi.<\/p>\n<\/li>\n<li data-sourcepos=\"11:1-12:0\">\n<p data-sourcepos=\"11:3-11:206\"><strong>Iztur\u012bgas un pret skr\u0101p\u0113jumiem notur\u012bgas virsmas:<\/strong> Kapacitat\u012bvie sk\u0101rienekr\u0101ni parasti ir izgatavoti no iztur\u012bgiem materi\u0101liem, piem\u0113ram, r\u016bd\u012bta stikla vai plastmasas, kas nodro\u0161ina, ka tie var iztur\u0113t regul\u0101ru lieto\u0161anu un nesaskr\u0101p\u0113.<\/p>\n<\/li>\n<li data-sourcepos=\"13:1-13:35\">\n<p data-sourcepos=\"13:3-13:35\"><strong>Daudzpus\u012bgi lietojumi:<\/strong> Kapacitat\u012bvie sk\u0101rienekr\u0101ni tiek izmantoti visda\u017e\u0101d\u0101kajos lietojumos, tostarp viedt\u0101lru\u0146os, plan\u0161etdatoros, kl\u0113pjdatoros, kioskos un r\u016bpniecisk\u0101s vad\u012bbas sist\u0113m\u0101s.<\/p>\n<\/li>\n<\/ul>\n<p data-sourcepos=\"15:1-15:32\"><strong>Kapacitat\u012bv\u0101 sk\u0101rienparauga tehnolo\u0123ija:<\/strong><\/p>\n<p data-sourcepos=\"17:1-17:327\">Kapacitat\u012bvo sk\u0101rienekr\u0101nu pamat\u0101 ir kapacitat\u012bv\u0101 sensora princips. Kad ekr\u0101nam pieskaras vado\u0161s objekts, piem\u0113ram, pirksts, tas izjauc elektrodu rad\u012bto elektrisko lauku. \u0160o trauc\u0113jumu m\u0113ra sk\u0101rienjut\u012bga sensora sh\u0113ma, \u013caujot sist\u0113mai noteikt piesk\u0101riena vietu.<\/p>\n<p data-sourcepos=\"19:1-19:45\"><strong>Pieteikumi:<\/strong><\/p>\n<ul data-sourcepos=\"21:1-28:0\">\n<li data-sourcepos=\"21:1-22:0\">\n<p data-sourcepos=\"21:3-21:168\"><strong>Pla\u0161a pat\u0113ri\u0146a elektronika:<\/strong> Kapacitat\u012bvie sk\u0101rienekr\u0101ni ir pla\u0161i izplat\u012bti pla\u0161a pat\u0113ri\u0146a elektronikas ier\u012bc\u0113s, nodro\u0161inot intuit\u012bvu viedt\u0101lru\u0146u, plan\u0161etdatoru un kl\u0113pjdatoru vad\u012bbu.<\/p>\n<\/li>\n<li data-sourcepos=\"23:1-24:0\">\n<p data-sourcepos=\"23:3-23:152\"><strong>Komerci\u0101lie displeji:<\/strong> Sk\u0101rienj\u016bt\u012bgos ekr\u0101nus arvien bie\u017e\u0101k izmanto komerci\u0101los nol\u016bkos, piem\u0113ram, mazumtirdzniec\u012bbas kioskos, interakt\u012bv\u0101s izk\u0101rtn\u0113s un izgl\u012bt\u012bbas displejos.<\/p>\n<\/li>\n<li data-sourcepos=\"25:1-26:0\">\n<p data-sourcepos=\"25:3-25:158\"><strong>R\u016bpniecisk\u0101 automatiz\u0101cija:<\/strong> Sk\u0101rienj\u016bt\u012bgie pane\u013ci tiek izmantoti r\u016bpniecisk\u0101s automatiz\u0101cijas sist\u0113m\u0101s, lai kontrol\u0113tu iek\u0101rtas, uzraudz\u012btu procesus un vizualiz\u0113tu datus.<\/p>\n<\/li>\n<li data-sourcepos=\"27:1-28:0\">\n<p data-sourcepos=\"27:3-27:178\"><strong>M\u0101jas automatiz\u0101cija:<\/strong> Viedo m\u0101ju sist\u0113m\u0101s ir integr\u0113ti kapacitat\u012bvie sk\u0101rienekr\u0101ni, kas \u013cauj lietot\u0101jiem ar vienu piesk\u0101rienu kontrol\u0113t apgaismojumu, ier\u012bces un dro\u0161\u012bbas funkcijas.<\/p>\n<\/li>\n<\/ul>","protected":false},"excerpt":{"rendered":"<p>Kapacitat\u012bvie sk\u0101rienekr\u0101ni ir p\u0101rveidoju\u0161i cilv\u0113ka un ma\u0161\u012bnas mijiedarb\u012bbu, nodro\u0161inot dabisk\u0101ku un intuit\u012bv\u0101ku digit\u0101lo ier\u012b\u010du vad\u012bbas un mijiedarb\u012bbas veidu. To daudzpus\u012bba, precizit\u0101te un iztur\u012bba padara tos par neaizst\u0101jamiem komponentiem visda\u017e\u0101d\u0101kaj\u0101s lietojumprogramm\u0101s, s\u0101kot no pla\u0161a pat\u0113ri\u0146a elektronikas l\u012bdz r\u016bpnieciskai automatiz\u0101cijai.<\/p>","protected":false},"featured_media":1573,"template":"","meta":[],"product_cat":[41],"product_tag":[],"_links":{"self":[{"href":"https:\/\/touchscreenmfg.com\/lv\/wp-json\/wp\/v2\/product\/1612"}],"collection":[{"href":"https:\/\/touchscreenmfg.com\/lv\/wp-json\/wp\/v2\/product"}],"about":[{"href":"https:\/\/touchscreenmfg.com\/lv\/wp-json\/wp\/v2\/types\/product"}],"wp:featuredmedia":[{"embeddable":true,"href":"https:\/\/touchscreenmfg.com\/lv\/wp-json\/wp\/v2\/media\/1573"}],"wp:attachment":[{"href":"https:\/\/touchscreenmfg.com\/lv\/wp-json\/wp\/v2\/media?parent=1612"}],"wp:term":[{"taxonomy":"product_cat","embeddable":true,"href":"https:\/\/touchscreenmfg.com\/lv\/wp-json\/wp\/v2\/product_cat?post=1612"},{"taxonomy":"product_tag","embeddable":true,"href":"https:\/\/touchscreenmfg.com\/lv\/wp-json\/wp\/v2\/product_tag?post=1612"}],"curies":[{"name":"wp","href":"https:\/\/api.w.org\/{rel}","templated":true}]}}