{"id":1611,"date":"2024-06-29T01:06:10","date_gmt":"2024-06-29T01:06:10","guid":{"rendered":"https:\/\/touchscreenmfg.com\/manufacturer\/oled-touch-screen\/"},"modified":"2024-06-29T03:46:04","modified_gmt":"2024-06-29T03:46:04","slug":"oled-touch-screen","status":"publish","type":"product","link":"https:\/\/touchscreenmfg.com\/lv\/oled-touch-screen\/","title":{"rendered":"OLED sk\u0101rienekr\u0101ns"},"content":{"rendered":"<h2 class=\"\" data-sourcepos=\"3:1-3:103\">OLED sk\u0101rienekr\u0101ni: Lietot\u0101ju pieredzes uzlabo\u0161ana ar spilgtiem displejiem un atsauc\u012bgu sk\u0101rienj\u016bt\u012bgu mijiedarb\u012bbu.<\/h2>\n<p data-sourcepos=\"5:1-5:118\">OLED sk\u0101rienekr\u0101nos, kas paz\u012bstami ar\u012b k\u0101 OLED sk\u0101rienekr\u0101nu displeji, apvienota organisko gaismas diod\u0113m (OLED) rakstur\u012bg\u0101 augst\u0101k\u0101 att\u0113la kvalit\u0101te un sk\u0101rienekr\u0101na pane\u013ca interakt\u012bv\u0101s iesp\u0113jas. \u0160\u012b novatorisk\u0101 tehnolo\u0123ija nodro\u0161ina aizraujo\u0161u lietot\u0101ja pieredzi, apvienojot satrieco\u0161u vizu\u0101lo efektu ar intuit\u012bvu sk\u0101rienvad\u012bbu.<\/p>\n<p data-sourcepos=\"7:1-7:39\"><strong>Galven\u0101s funkcijas:<\/strong><\/p>\n<ul data-sourcepos=\"9:1-9:134\">\n<li data-sourcepos=\"9:1-9:134\">\n<p class=\"\" data-sourcepos=\"9:3-9:190\"><strong class=\"\">Izcila displeja kvalit\u0101te:<\/strong> OLED sk\u0101rienekr\u0101ni nodro\u0161ina izcilu att\u0113la kvalit\u0101ti ar spilgt\u0101m kr\u0101s\u0101m, augstu kontrasta attiec\u012bbu un patiesi melnu kr\u0101su, nodro\u0161inot vizu\u0101li aizraujo\u0161u pieredzi.<\/p>\n<\/li>\n<li data-sourcepos=\"11:1-12:0\">\n<p data-sourcepos=\"11:3-11:178\"><strong>Rea\u0123\u0113jo\u0161a sk\u0101rienjut\u012bga mijiedarb\u012bba:<\/strong> Sk\u0101rienekr\u0101na pane\u013ca p\u0101rkl\u0101jums \u013cauj lietot\u0101jiem mijiedarboties ar displeju, izmantojot intuit\u012bvus piesk\u0101rienu \u017eestus, piem\u0113ram, piesk\u0101rienus, p\u0101rvelkumus un piesitienus.<\/p>\n<\/li>\n<li data-sourcepos=\"13:1-14:0\">\n<p data-sourcepos=\"13:3-13:165\"><strong>Energoefektivit\u0101te:<\/strong> OLED ekr\u0101ni parasti ir energoefekt\u012bv\u0101ki sal\u012bdzin\u0101jum\u0101 ar LCD sk\u0101rienekr\u0101niem, jo tie pat\u0113r\u0113 maz\u0101k ener\u0123ijas, nemazinot veiktsp\u0113ju.<\/p>\n<\/li>\n<li data-sourcepos=\"15:1-16:0\">\n<p data-sourcepos=\"15:3-15:130\"><strong>Elast\u012bgs dizains:<\/strong> OLED displeji nodro\u0161ina liel\u0101ku dizaina elast\u012bbu, \u013caujot veidot pl\u0101n\u0101kus, viegl\u0101kus un izliektus sk\u0101rienekr\u0101nus.<\/p>\n<\/li>\n<\/ul>\n<p data-sourcepos=\"17:1-17:39\"><strong>Pieteikumi:<\/strong><\/p>\n<ul data-sourcepos=\"19:1-19:151\">\n<li data-sourcepos=\"19:1-19:151\">\n<p data-sourcepos=\"19:3-19:178\"><strong>Viedt\u0101lru\u0146i un plan\u0161etdatori:<\/strong> OLED ekr\u0101ni arvien bie\u017e\u0101k tiek izmantoti augst\u0101k\u0101s klases viedt\u0101lru\u0146os un plan\u0161etdatoros, nodro\u0161inot izcilu skat\u012b\u0161an\u0101s pieredzi un uzlabotu lietot\u0101ja mijiedarb\u012bbu.<\/p>\n<\/li>\n<li data-sourcepos=\"21:1-22:0\">\n<p data-sourcepos=\"21:3-21:181\"><strong>Viedpulkste\u0146i un valk\u0101jam\u0101s ier\u012bces:<\/strong> OLED displeji k\u013c\u016bst arvien izplat\u012bt\u0101ki viedpulkste\u0146os un valk\u0101jam\u0101s ier\u012bc\u0113s, pateicoties to kompaktajam izm\u0113ram, zemajam ener\u0123ijas pat\u0113ri\u0146am un augstajai att\u0113la kvalit\u0101tei.<\/p>\n<\/li>\n<li data-sourcepos=\"23:1-24:0\">\n<p data-sourcepos=\"23:3-23:147\"><strong>Televizori un monitori:<\/strong> OLED televizori un monitori k\u013c\u016bst arvien popul\u0101r\u0101ki, jo tie pied\u0101v\u0101 izcilu att\u0113la kvalit\u0101ti un aizraujo\u0161u skat\u012b\u0161an\u0101s pieredzi.<\/p>\n<\/li>\n<li data-sourcepos=\"25:1-26:0\">\n<p data-sourcepos=\"25:3-25:153\"><strong>Automobi\u013cu displeji:<\/strong> OLED sk\u0101rienekr\u0101ni tiek integr\u0113ti automobi\u013cu pane\u013cos un inform\u0101cijas un izklaides sist\u0113m\u0101s, uzlabojot brauk\u0161anas pieredzi.<\/p>\n<\/li>\n<\/ul>","protected":false},"excerpt":{"rendered":"<p>OLED sk\u0101rienekr\u0101ni ir revolucioniz\u0113ju\u0161i veidu, k\u0101 m\u0113s mijiedarbojamies ar digit\u0101laj\u0101m ier\u012bc\u0113m, pied\u0101v\u0101jot satrieco\u0161u vizu\u0101lo efektu, atsauc\u012bgu sk\u0101rienvad\u012bbu un energoefektivit\u0101ti. To daudzpus\u012bba un izcil\u0101 displeja kvalit\u0101te padara tos par v\u0113lamo izv\u0113li visda\u017e\u0101d\u0101kajiem lietojumiem, s\u0101kot no viedt\u0101lru\u0146iem un plan\u0161etdatoriem l\u012bdz televizoriem un automobi\u013cu displejiem.<\/p>","protected":false},"featured_media":1572,"template":"","meta":[],"product_cat":[41],"product_tag":[],"_links":{"self":[{"href":"https:\/\/touchscreenmfg.com\/lv\/wp-json\/wp\/v2\/product\/1611"}],"collection":[{"href":"https:\/\/touchscreenmfg.com\/lv\/wp-json\/wp\/v2\/product"}],"about":[{"href":"https:\/\/touchscreenmfg.com\/lv\/wp-json\/wp\/v2\/types\/product"}],"wp:featuredmedia":[{"embeddable":true,"href":"https:\/\/touchscreenmfg.com\/lv\/wp-json\/wp\/v2\/media\/1572"}],"wp:attachment":[{"href":"https:\/\/touchscreenmfg.com\/lv\/wp-json\/wp\/v2\/media?parent=1611"}],"wp:term":[{"taxonomy":"product_cat","embeddable":true,"href":"https:\/\/touchscreenmfg.com\/lv\/wp-json\/wp\/v2\/product_cat?post=1611"},{"taxonomy":"product_tag","embeddable":true,"href":"https:\/\/touchscreenmfg.com\/lv\/wp-json\/wp\/v2\/product_tag?post=1611"}],"curies":[{"name":"wp","href":"https:\/\/api.w.org\/{rel}","templated":true}]}}