{"id":1610,"date":"2024-06-29T01:06:10","date_gmt":"2024-06-29T01:06:10","guid":{"rendered":"https:\/\/touchscreenmfg.com\/manufacturer\/tft-touch-screen\/"},"modified":"2024-06-29T03:49:15","modified_gmt":"2024-06-29T03:49:15","slug":"tft-touch-screen","status":"publish","type":"product","link":"https:\/\/touchscreenmfg.com\/lv\/tft-touch-screen\/","title":{"rendered":"TFT sk\u0101rienekr\u0101ns"},"content":{"rendered":"<h2 class=\"\" data-sourcepos=\"3:1-3:77\">TFT sk\u0101rienekr\u0101ni: Kr\u0101su skaidr\u012bbas un intuit\u012bvas sk\u0101rienj\u016bt\u012bg\u0101s mijiedarb\u012bbas apvienojums<\/h2>\n<p data-sourcepos=\"5:1-5:122\">TFT sk\u0101rienekr\u0101ni, paz\u012bstami ar\u012b k\u0101 TFT sk\u0101rienekr\u0101nu displeji, ir sk\u0101rienekr\u0101nu veids, kur\u0101 tiek izmantota pl\u0101nsl\u0101\u0146a tranzistora (TFT) tehnolo\u0123ija, lai nodro\u0161in\u0101tu augstas kvalit\u0101tes att\u0113lu un interakt\u012bvu sk\u0101rienvad\u012bbu. \u0160os daudzpus\u012bgos displejus pla\u0161i izmanto da\u017e\u0101d\u0101s elektronisk\u0101s ier\u012bc\u0113s, pied\u0101v\u0101jot vizu\u0101l\u0101s skaidr\u012bbas un lietot\u0101jam draudz\u012bgas mijiedarb\u012bbas l\u012bdzsvaru.<\/p>\n<p data-sourcepos=\"7:1-7:38\"><strong>Galven\u0101s funkcijas:<\/strong><\/p>\n<ul data-sourcepos=\"9:1-9:87\">\n<li data-sourcepos=\"9:1-9:87\">\n<p class=\"\" data-sourcepos=\"9:3-9:159\"><strong class=\"\">Spilgto kr\u0101su displejs:<\/strong> TFT sk\u0101rienekr\u0101ni nodro\u0161ina pla\u0161u kr\u0101su gammu ar augstu iz\u0161\u0137irtsp\u0113ju, pied\u0101v\u0101jot vizu\u0101li pievilc\u012bgu un saisto\u0161u lietot\u0101ja pieredzi.<\/p>\n<\/li>\n<li data-sourcepos=\"11:1-12:0\">\n<p data-sourcepos=\"11:3-11:177\"><strong>Rea\u0123\u0113jo\u0161a sk\u0101rienjut\u012bga mijiedarb\u012bba:<\/strong> Sk\u0101rienekr\u0101na pane\u013ca p\u0101rkl\u0101jums \u013cauj lietot\u0101jiem mijiedarboties ar displeju, izmantojot intuit\u012bvus piesk\u0101rienu \u017eestus, piem\u0113ram, piesk\u0101rienus, p\u0101rvelkumus un piesitienus.<\/p>\n<\/li>\n<li data-sourcepos=\"13:1-14:0\">\n<p data-sourcepos=\"13:3-13:158\"><strong>Iztur\u012bgs un daudzpus\u012bgs:<\/strong> TFT ekr\u0101ni parasti ir izgatavoti no iztur\u012bgiem materi\u0101liem, piem\u0113ram, stikla vai plastmasas, t\u0101p\u0113c tie ir piem\u0113roti da\u017e\u0101diem lietojumiem.<\/p>\n<\/li>\n<li data-sourcepos=\"15:1-16:0\">\n<p data-sourcepos=\"15:3-15:130\"><strong>Rentabilit\u0101te:<\/strong> TFT tehnolo\u0123ija pied\u0101v\u0101 l\u012bdzsvaru starp veiktsp\u0113ju un pieejam\u012bbu sal\u012bdzin\u0101jum\u0101 ar cit\u0101m sk\u0101rienj\u016bt\u012bgo ekr\u0101nu tehnolo\u0123ij\u0101m.<\/p>\n<\/li>\n<\/ul>\n<p data-sourcepos=\"17:1-17:2\"><strong>Pieteikumi:<\/strong><\/p>\n<ul data-sourcepos=\"19:1-26:0\">\n<li data-sourcepos=\"19:1-20:0\">\n<p data-sourcepos=\"19:3-19:171\"><strong>Viedt\u0101lru\u0146i un plan\u0161etdatori:<\/strong> TFT ekr\u0101nus parasti izmanto viedt\u0101lru\u0146os un plan\u0161etdatoros, nodro\u0161inot rentablu un daudzpus\u012bgu risin\u0101jumu ier\u012bc\u0113m ar sk\u0101rienj\u016bt\u012bgu ekr\u0101nu.<\/p>\n<\/li>\n<li data-sourcepos=\"21:1-22:0\">\n<p data-sourcepos=\"21:3-21:140\"><strong>Portat\u012bvie un galddatori:<\/strong> Sk\u0101rienj\u016bt\u012bgie portat\u012bvie datori un \"viss vien\u0101\" (AIO) galddatori bie\u017ei izmanto TFT sk\u0101rienj\u016bt\u012bgos ekr\u0101nus, lai uzlabotu lietot\u0101ja mijiedarb\u012bbu.<\/p>\n<\/li>\n<li data-sourcepos=\"23:1-24:0\">\n<p data-sourcepos=\"23:3-23:171\"><strong>Kioski un interakt\u012bvie displeji:<\/strong> TFT ekr\u0101ni tiek pla\u0161i izmantoti kioskos, inform\u0101cijas termin\u0101\u013cos un interakt\u012bv\u0101s izk\u0101rtn\u0113s pa\u0161apkalpo\u0161an\u0101s un inform\u0101cijas piek\u013cuves nodro\u0161in\u0101\u0161anai.<\/p>\n<\/li>\n<li data-sourcepos=\"25:1-26:0\">\n<p data-sourcepos=\"25:3-25:166\"><strong>P\u0101rdo\u0161anas punktu (POS) sist\u0113mas:<\/strong> TFT ekr\u0101ni ir b\u016btiski POS sist\u0113mu komponenti, kas nodro\u0161ina efekt\u012bvu kases un pas\u016bt\u012bjumu p\u0101rvald\u012bbu mazumtirdzniec\u012bbas vid\u0113.<\/p>\n<\/li>\n<\/ul>","protected":false},"excerpt":{"rendered":"<p>TFT sk\u0101rienekr\u0101ni ir k\u013cuvu\u0161i par elektronisko ier\u012b\u010du pasaules pamatfunkciju, pied\u0101v\u0101jot kr\u0101su skaidr\u012bbas, atsauc\u012bgas sk\u0101rienekr\u0101nu mijiedarb\u012bbas un pieejam\u012bbas kombin\u0101ciju. To daudzpus\u012bba padara tos piem\u0113rotus visda\u017e\u0101d\u0101kajiem lietojumiem, s\u0101kot no person\u0101l\u0101m ier\u012bc\u0113m un beidzot ar komerci\u0101liem lietojumiem, uzlabojot lietot\u0101ja pieredzi un veicinot inov\u0101cijas.<\/p>","protected":false},"featured_media":1571,"template":"","meta":[],"product_cat":[41],"product_tag":[],"_links":{"self":[{"href":"https:\/\/touchscreenmfg.com\/lv\/wp-json\/wp\/v2\/product\/1610"}],"collection":[{"href":"https:\/\/touchscreenmfg.com\/lv\/wp-json\/wp\/v2\/product"}],"about":[{"href":"https:\/\/touchscreenmfg.com\/lv\/wp-json\/wp\/v2\/types\/product"}],"wp:featuredmedia":[{"embeddable":true,"href":"https:\/\/touchscreenmfg.com\/lv\/wp-json\/wp\/v2\/media\/1571"}],"wp:attachment":[{"href":"https:\/\/touchscreenmfg.com\/lv\/wp-json\/wp\/v2\/media?parent=1610"}],"wp:term":[{"taxonomy":"product_cat","embeddable":true,"href":"https:\/\/touchscreenmfg.com\/lv\/wp-json\/wp\/v2\/product_cat?post=1610"},{"taxonomy":"product_tag","embeddable":true,"href":"https:\/\/touchscreenmfg.com\/lv\/wp-json\/wp\/v2\/product_tag?post=1610"}],"curies":[{"name":"wp","href":"https:\/\/api.w.org\/{rel}","templated":true}]}}