{"id":1609,"date":"2024-06-29T01:06:10","date_gmt":"2024-06-29T01:06:10","guid":{"rendered":"https:\/\/touchscreenmfg.com\/manufacturer\/lcd-touch-screen\/"},"modified":"2024-06-29T03:20:02","modified_gmt":"2024-06-29T03:20:02","slug":"lcd-touch-screen","status":"publish","type":"product","link":"https:\/\/touchscreenmfg.com\/lv\/lcd-touch-screen\/","title":{"rendered":"LCD sk\u0101rienekr\u0101ns"},"content":{"rendered":"<h2 class=\"\" data-sourcepos=\"3:1-3:89\">LCD sk\u0101rienekr\u0101ns: Lietot\u0101ju mijiedarb\u012bbas uzlabo\u0161ana ar vizu\u0101lo skaidr\u012bbu un taktil\u0101s reakcijas iesp\u0113j\u0101m<\/h2>\n<p data-sourcepos=\"5:1-5:121\">LCD sk\u0101rienekr\u0101ni, kas paz\u012bstami ar\u012b k\u0101 sk\u0101rienpane\u013cu ekr\u0101ni vai sk\u0101rienpane\u013cu displeji, ir sk\u0101rienekr\u0101nu veids, kas apvieno \u0161\u0137idro krist\u0101lu displeja (LCD) vizu\u0101lo skaidr\u012bbu un sk\u0101rienekr\u0101na pane\u013ca interakt\u012bv\u0101s iesp\u0113jas. \u0160os daudzpus\u012bgos displejus pla\u0161i izmanto da\u017e\u0101d\u0101s elektronisk\u0101s ier\u012bc\u0113s, pied\u0101v\u0101jot lietot\u0101jam draudz\u012bgu un saisto\u0161u saskarni.<\/p>\n<p data-sourcepos=\"7:1-7:38\"><strong>Galven\u0101s funkcijas:<\/strong><\/p>\n<ul data-sourcepos=\"9:1-9:76\">\n<li data-sourcepos=\"9:1-9:76\">\n<p class=\"\" data-sourcepos=\"9:3-9:190\"><strong class=\"\">Skaidrs un dinamisks displejs:<\/strong> LCD sk\u0101rienekr\u0101nos tiek izmantota LCD tehnolo\u0123ija, lai nodro\u0161in\u0101tu augstas iz\u0161\u0137irtsp\u0113jas att\u0113lus ar bag\u0101t\u012bg\u0101m kr\u0101s\u0101m un as\u0101m deta\u013c\u0101m, nodro\u0161inot vizu\u0101li pievilc\u012bgu lietot\u0101ja pieredzi.<\/p>\n<\/li>\n<li data-sourcepos=\"11:1-12:0\">\n<p data-sourcepos=\"11:3-11:177\"><strong>Rea\u0123\u0113jo\u0161a sk\u0101rienjut\u012bga mijiedarb\u012bba:<\/strong> Sk\u0101rienekr\u0101na pane\u013ca p\u0101rkl\u0101jums \u013cauj lietot\u0101jiem mijiedarboties ar displeju, izmantojot intuit\u012bvus piesk\u0101rienu \u017eestus, piem\u0113ram, piesk\u0101rienus, p\u0101rvelkumus un piesitienus.<\/p>\n<\/li>\n<li data-sourcepos=\"13:1-14:0\">\n<p data-sourcepos=\"13:3-13:185\"><strong>Iztur\u012bgs un daudzpus\u012bgs:<\/strong> T\u0101s parasti ir izgatavotas no iztur\u012bgiem materi\u0101liem, piem\u0113ram, stikla vai plastmasas, t\u0101p\u0113c ir iztur\u012bgas pret skr\u0101p\u0113jumiem un piem\u0113rotas da\u017e\u0101diem lietojumiem.<\/p>\n<\/li>\n<li data-sourcepos=\"15:1-15:72\">\n<p data-sourcepos=\"15:3-15:72\"><strong>Energoefekt\u012bvs:<\/strong> Sal\u012bdzinot ar cit\u0101m displeju tehnolo\u0123ij\u0101m, tie parasti ir energoefekt\u012bv\u0101ki, pat\u0113r\u0113 maz\u0101k ener\u0123ijas, nemazinot veiktsp\u0113ju.<\/p>\n<\/li>\n<\/ul>\n<p data-sourcepos=\"17:1-17:38\"><strong>Pieteikumi:<\/strong><\/p>\n<ul data-sourcepos=\"19:1-26:0\">\n<li data-sourcepos=\"19:1-20:0\">\n<p data-sourcepos=\"19:3-19:159\"><strong>Viedt\u0101lru\u0146i un plan\u0161etdatori:<\/strong> Tie ir viedt\u0101lru\u0146u un plan\u0161etdatoru galven\u0101 displeja tehnolo\u0123ija, kas nodro\u0161ina kompaktu un interakt\u012bvu saskarni.<\/p>\n<\/li>\n<li data-sourcepos=\"21:1-22:0\">\n<p data-sourcepos=\"21:3-21:171\"><strong>Portat\u012bvie un galddatori:<\/strong> Arvien popul\u0101r\u0101ki k\u013c\u016bst sk\u0101rienj\u016bt\u012bgie kl\u0113pjdatori un AIO galddatori \"viss vien\u0101\", kuros tiek izmantoti LCD sk\u0101rienj\u016bt\u012bgie ekr\u0101ni, lai uzlabotu lietot\u0101ja mijiedarb\u012bbu.<\/p>\n<\/li>\n<li data-sourcepos=\"23:1-24:0\">\n<p data-sourcepos=\"23:3-23:171\"><strong>Kioski un interakt\u012bvie displeji:<\/strong> LCD sk\u0101rienekr\u0101nus pla\u0161i izmanto kioskos, inform\u0101cijas termin\u0101\u013cos un interakt\u012bv\u0101s izk\u0101rtn\u0113s, lai nodro\u0161in\u0101tu pa\u0161apkalpo\u0161anos un piek\u013cuvi inform\u0101cijai.<\/p>\n<\/li>\n<li data-sourcepos=\"25:1-26:0\">\n<p data-sourcepos=\"25:3-25:166\"><strong>P\u0101rdo\u0161anas punktu (POS) sist\u0113mas:<\/strong> LCD sk\u0101rienekr\u0101ni ir b\u016btiski POS sist\u0113mu komponenti, kas nodro\u0161ina efekt\u012bvu kases un pas\u016bt\u012bjumu p\u0101rvald\u012bbu mazumtirdzniec\u012bbas vid\u0113.<\/p>\n<\/li>\n<\/ul>","protected":false},"excerpt":{"rendered":"<p>LCD sk\u0101rienekr\u0101ni ir k\u013cuvu\u0161i par neaizst\u0101jamu m\u016bsdienu digit\u0101l\u0101s vides sast\u0101vda\u013cu, pied\u0101v\u0101jot nevainojamu vizu\u0101l\u0101s skaidr\u012bbas, atsauc\u012bgas sk\u0101rienjut\u012bg\u0101s mijiedarb\u012bbas un iztur\u012bbas kombin\u0101ciju. Pateicoties to daudzpus\u012bbai, tie ir piem\u0113roti visda\u017e\u0101d\u0101kajiem lietojumiem, s\u0101kot no person\u0101l\u0101m ier\u012bc\u0113m un beidzot ar komerci\u0101liem lietojumiem, uzlabojot lietot\u0101ja pieredzi un veicinot inov\u0101cijas.<\/p>","protected":false},"featured_media":1570,"template":"","meta":[],"product_cat":[41],"product_tag":[],"_links":{"self":[{"href":"https:\/\/touchscreenmfg.com\/lv\/wp-json\/wp\/v2\/product\/1609"}],"collection":[{"href":"https:\/\/touchscreenmfg.com\/lv\/wp-json\/wp\/v2\/product"}],"about":[{"href":"https:\/\/touchscreenmfg.com\/lv\/wp-json\/wp\/v2\/types\/product"}],"wp:featuredmedia":[{"embeddable":true,"href":"https:\/\/touchscreenmfg.com\/lv\/wp-json\/wp\/v2\/media\/1570"}],"wp:attachment":[{"href":"https:\/\/touchscreenmfg.com\/lv\/wp-json\/wp\/v2\/media?parent=1609"}],"wp:term":[{"taxonomy":"product_cat","embeddable":true,"href":"https:\/\/touchscreenmfg.com\/lv\/wp-json\/wp\/v2\/product_cat?post=1609"},{"taxonomy":"product_tag","embeddable":true,"href":"https:\/\/touchscreenmfg.com\/lv\/wp-json\/wp\/v2\/product_tag?post=1609"}],"curies":[{"name":"wp","href":"https:\/\/api.w.org\/{rel}","templated":true}]}}