{"id":1608,"date":"2024-06-29T01:06:10","date_gmt":"2024-06-29T01:06:10","guid":{"rendered":"https:\/\/touchscreenmfg.com\/manufacturer\/touch-screen-lens\/"},"modified":"2024-06-29T03:53:36","modified_gmt":"2024-06-29T03:53:36","slug":"touch-screen-lens","status":"publish","type":"product","link":"https:\/\/touchscreenmfg.com\/lv\/touch-screen-lens\/","title":{"rendered":"Sk\u0101rienj\u016bt\u012bg\u0101 ekr\u0101na objekt\u012bvs"},"content":{"rendered":"<h2 class=\"\" data-sourcepos=\"3:1-3:76\">Sk\u0101rienjut\u012bg\u0101 ekr\u0101na l\u0113cas: Sk\u0101rienj\u016bt\u012bg\u0101 ekr\u0101na aizsardz\u012bba un lieto\u0161anas pieredzes uzlabo\u0161ana<\/h2>\n<p data-sourcepos=\"5:1-5:166\">Sk\u0101rienj\u016bt\u012bgo ekr\u0101nu l\u0113cas, ko d\u0113v\u0113 ar\u012b par sk\u0101rienj\u016bt\u012bgo ekr\u0101nu p\u0101rsegiem vai aizsargpl\u0113v\u0113m, ir caursp\u012bd\u012bgi sl\u0101\u0146i, ko uzkl\u0101j uz sk\u0101rienj\u016bt\u012bgo ekr\u0101nu displejiem, lai pasarg\u0101tu tos no skr\u0101p\u0113jumiem, triecieniem un citiem boj\u0101jumiem. \u0160iem aizsargekr\u0101niem ir b\u016btiska noz\u012bme sk\u0101rienekr\u0101nu integrit\u0101tes un funkcionalit\u0101tes saglab\u0101\u0161an\u0101, nodro\u0161inot vienm\u0113r\u012bgu un atsauc\u012bgu lietot\u0101ja darb\u012bbu.<\/p>\n<p data-sourcepos=\"7:1-7:40\"><strong>Galven\u0101s funkcijas:<\/strong><\/p>\n<ul data-sourcepos=\"9:1-9:121\">\n<li data-sourcepos=\"9:1-9:121\">\n<p class=\"\" data-sourcepos=\"9:3-9:191\"><strong class=\"\">Iztur\u012bba pret skr\u0101p\u0113jumiem:<\/strong> Sk\u0101rienjut\u012bg\u0101 ekr\u0101na l\u0113cas ir izstr\u0101d\u0101tas t\u0101, lai t\u0101s iztur\u0113tu skr\u0101p\u0113jumus, ko rada ikdienas lieto\u0161ana, piem\u0113ram, atsl\u0113gas, mon\u0113tas un citi priek\u0161meti, t\u0101d\u0113j\u0101di nov\u0113r\u0161ot jut\u012bg\u0101s displeja virsmas boj\u0101jumus.<\/p>\n<\/li>\n<li data-sourcepos=\"11:1-12:0\">\n<p data-sourcepos=\"11:3-11:156\"><strong>Aizsardz\u012bba pret triecieniem:<\/strong> \u0160\u012bs aizsargpl\u0113ves var absorb\u0113t un izklied\u0113t triecienu sp\u0113ku, samazinot sk\u0101rienekr\u0101na plaisu un l\u016bzumu risku.<\/p>\n<\/li>\n<li data-sourcepos=\"13:1-14:0\">\n<p data-sourcepos=\"13:3-13:242\"><strong>Pret atsp\u012bdumu un izsm\u0113r\u0113jumu samazin\u0101\u0161ana:<\/strong> Da\u017eiem sk\u0101rienekr\u0101na objekt\u012bviem ir pretatstaro\u0161anas p\u0101rkl\u0101jumi, kas samazina atsp\u012bdumus un uzlabo redzam\u012bbu spilgt\u0101 vid\u0113. Tiem var b\u016bt ar\u012b pretapaug\u0161anas \u012bpa\u0161\u012bbas, lai samazin\u0101tu pirkstu nospiedumu un traipu veido\u0161anos.<\/p>\n<\/li>\n<li data-sourcepos=\"15:1-15:56\">\n<p data-sourcepos=\"15:3-15:56\"><strong>Savietojam\u012bba ar sk\u0101rienjut\u012bgumu:<\/strong> Sk\u0101rienjut\u012bgo ekr\u0101nu l\u0113cas parasti ir izstr\u0101d\u0101tas t\u0101, lai saglab\u0101tu displeja sk\u0101rienjut\u012bgumu, nodro\u0161inot vienm\u0113r\u012bgu mijiedarb\u012bbu un \u0101tru reakciju.<\/p>\n<\/li>\n<\/ul>\n<p data-sourcepos=\"17:1-17:40\"><strong>Pieteikumi:<\/strong><\/p>\n<ul data-sourcepos=\"19:1-26:0\">\n<li data-sourcepos=\"19:1-20:0\">\n<p data-sourcepos=\"19:3-19:154\"><strong>Viedt\u0101lru\u0146i un plan\u0161etdatori:<\/strong> Sk\u0101rienjut\u012bgo ekr\u0101nu l\u0113cas tiek pla\u0161i izmantotas viedt\u0101lru\u0146os un plan\u0161etdatoros, lai aizsarg\u0101tu to v\u0113rt\u012bgos displejus no ikdienas nolietojuma.<\/p>\n<\/li>\n<li data-sourcepos=\"21:1-22:0\">\n<p data-sourcepos=\"21:3-21:135\"><strong>Portat\u012bvie un galddatori:<\/strong> Sk\u0101rienj\u016bt\u012bgo ekr\u0101nu kl\u0113pjdatoriem un \"viss vien\u0101\" (AIO) galddatoriem bie\u017ei vien tiek izmantota sk\u0101rienj\u016bt\u012bgo ekr\u0101nu l\u0113cu aizsardz\u012bba.<\/p>\n<\/li>\n<li data-sourcepos=\"23:1-24:0\">\n<p data-sourcepos=\"23:3-23:203\"><strong>Kioski un interakt\u012bvie displeji:<\/strong> Publiski pieejamie kioski un interakt\u012bvie displeji ir \u012bpa\u0161i neaizsarg\u0101ti pret skr\u0101p\u0113jumiem un triecieniem, t\u0101p\u0113c sk\u0101rienjut\u012bgo ekr\u0101nu l\u0113cas ir \u013coti svar\u012bgas to aizsardz\u012bbai.<\/p>\n<\/li>\n<li data-sourcepos=\"25:1-26:0\">\n<p data-sourcepos=\"25:3-25:185\"><strong>P\u0101rdo\u0161anas punktu (POS) sist\u0113mas:<\/strong> Sk\u0101rienj\u016bt\u012bgo ekr\u0101nu POS sist\u0113mas ir atkar\u012bgas no sk\u0101rienj\u016bt\u012bgo ekr\u0101nu objekt\u012bviem, lai pasarg\u0101tu displejus no boj\u0101jumiem un nodro\u0161in\u0101tu nep\u0101rtrauktu darb\u012bbu mazumtirdzniec\u012bbas vid\u0113.<\/p>\n<\/li>\n<\/ul>","protected":false},"excerpt":{"rendered":"<p>Sk\u0101rienjut\u012bgo ekr\u0101nu l\u0113cas kalpo k\u0101 svar\u012bga aizsargbarjera sk\u0101rienjut\u012bgajiem ekr\u0101niem, pagarinot to kalpo\u0161anas laiku un saglab\u0101jot funkcionalit\u0101ti. To sp\u0113ja nov\u0113rst skr\u0101p\u0113jumus, triecienus un sm\u0113r\u0113jumus nodro\u0161ina past\u0101v\u012bgu un pat\u012bkamu lieto\u0161anas pieredzi visda\u017e\u0101d\u0101kaj\u0101s lietojumprogramm\u0101s.<\/p>","protected":false},"featured_media":1568,"template":"","meta":[],"product_cat":[41],"product_tag":[],"_links":{"self":[{"href":"https:\/\/touchscreenmfg.com\/lv\/wp-json\/wp\/v2\/product\/1608"}],"collection":[{"href":"https:\/\/touchscreenmfg.com\/lv\/wp-json\/wp\/v2\/product"}],"about":[{"href":"https:\/\/touchscreenmfg.com\/lv\/wp-json\/wp\/v2\/types\/product"}],"wp:featuredmedia":[{"embeddable":true,"href":"https:\/\/touchscreenmfg.com\/lv\/wp-json\/wp\/v2\/media\/1568"}],"wp:attachment":[{"href":"https:\/\/touchscreenmfg.com\/lv\/wp-json\/wp\/v2\/media?parent=1608"}],"wp:term":[{"taxonomy":"product_cat","embeddable":true,"href":"https:\/\/touchscreenmfg.com\/lv\/wp-json\/wp\/v2\/product_cat?post=1608"},{"taxonomy":"product_tag","embeddable":true,"href":"https:\/\/touchscreenmfg.com\/lv\/wp-json\/wp\/v2\/product_tag?post=1608"}],"curies":[{"name":"wp","href":"https:\/\/api.w.org\/{rel}","templated":true}]}}