{"id":1607,"date":"2024-06-29T01:06:10","date_gmt":"2024-06-29T01:06:10","guid":{"rendered":"https:\/\/touchscreenmfg.com\/manufacturer\/matrix-digital-touch-screen\/"},"modified":"2024-06-29T03:13:06","modified_gmt":"2024-06-29T03:13:06","slug":"matrix-digital-touch-screen","status":"publish","type":"product","link":"https:\/\/touchscreenmfg.com\/lv\/matrix-digital-touch-screen\/","title":{"rendered":"Matricas digit\u0101lais sk\u0101rienekr\u0101ns"},"content":{"rendered":"<h2 class=\"\" data-sourcepos=\"3:1-3:105\">Matricas digit\u0101lais sk\u0101rienekr\u0101ns: Cilv\u0113ka un ma\u0161\u012bnas mijiedarb\u012bbas revolucioniz\u0113\u0161ana ar intuit\u012bvu sk\u0101rienj\u016bt\u012bgu sk\u0101rientehnolo\u0123iju.<\/h2>\n<p data-sourcepos=\"5:1-5:361\">Matricas digit\u0101lie sk\u0101rienj\u016bt\u012bgie ekr\u0101ni, paz\u012bstami ar\u012b k\u0101 matricas sk\u0101rienj\u016bt\u012bgie pane\u013ci vai interakt\u012bvie displeji, ir m\u016bsdien\u012bgi sk\u0101rienj\u016bt\u012bgi ekr\u0101ni, kas \u013cauj lietot\u0101jiem mijiedarboties ar digit\u0101lo saturu un ier\u012bc\u0113m, izmantojot intuit\u012bvus sk\u0101rienj\u016bt\u012bgos \u017eestus. \u0160ie inovat\u012bvie sk\u0101rienekr\u0101ni maina veidu, k\u0101 m\u0113s mijiedarbojamies ar tehnolo\u0123ij\u0101m, pied\u0101v\u0101jot dabisk\u0101ku un lietot\u0101jam draudz\u012bg\u0101ku pieredzi.<\/p>\n<p data-sourcepos=\"7:1-7:49\"><strong>Galven\u0101s funkcijas:<\/strong><\/p>\n<ul data-sourcepos=\"9:1-9:125\">\n<li data-sourcepos=\"9:1-9:125\">\n<p data-sourcepos=\"9:3-9:237\"><strong>Prec\u012bza un atsauc\u012bga sk\u0101rienu atpaz\u012b\u0161ana:<\/strong> Matrix digit\u0101lajos sk\u0101rienekr\u0101nos tiek izmantota sare\u017e\u0123\u012bta sk\u0101rienu noteik\u0161anas tehnolo\u0123ija, lai prec\u012bzi fiks\u0113tu un rea\u0123\u0113tu uz da\u017e\u0101diem sk\u0101rienu \u017eestiem, tostarp piesk\u0101rieniem, vilcieniem, piesitieniem un t\u0101lummai\u0146u.<\/p>\n<\/li>\n<li data-sourcepos=\"11:1-12:0\">\n<p data-sourcepos=\"11:3-11:214\"><strong>Vair\u0101ku piesk\u0101rienu iesp\u0113ja:<\/strong> Daudzi Matrix digit\u0101lie ekr\u0101ni atbalsta multi-touch funkcionalit\u0101ti, kas \u013cauj lietot\u0101jiem vienlaikus mijiedarboties ar vair\u0101kiem ekr\u0101na punktiem, t\u0101d\u0113j\u0101di uzlabojot interakt\u012bvo pieredzi.<\/p>\n<\/li>\n<li data-sourcepos=\"13:1-14:0\">\n<p data-sourcepos=\"13:3-13:210\"><strong>Iztur\u012bgas un pret skr\u0101p\u0113jumiem notur\u012bgas virsmas:<\/strong> Matricas digit\u0101lie ekr\u0101ni parasti ir izgatavoti no iztur\u012bgiem materi\u0101liem, piem\u0113ram, r\u016bd\u012bta stikla vai plastmasas, kas nodro\u0161ina, ka tie var iztur\u0113t regul\u0101ru lieto\u0161anu un nesaskr\u0101p\u0113.<\/p>\n<\/li>\n<li data-sourcepos=\"15:1-16:0\">\n<p data-sourcepos=\"15:3-15:181\"><strong>Daudzpus\u012bgi lietojumi:<\/strong> Matrix digit\u0101los sk\u0101rienekr\u0101nus izmanto visda\u017e\u0101d\u0101kajos lietojumos, tostarp viedt\u0101lru\u0146os, plan\u0161etdatoros, kl\u0113pjdatoros, kioskos un r\u016bpniecisk\u0101s vad\u012bbas sist\u0113m\u0101s.<\/p>\n<\/li>\n<\/ul>\n<p data-sourcepos=\"17:1-17:49\"><strong>Pieteikumi:<\/strong><\/p>\n<ul data-sourcepos=\"19:1-26:0\">\n<li data-sourcepos=\"19:1-20:0\">\n<p data-sourcepos=\"19:3-19:172\"><strong>Pla\u0161a pat\u0113ri\u0146a elektronika:<\/strong> Matricas digit\u0101lie sk\u0101rienekr\u0101ni ir pla\u0161i izplat\u012bti pla\u0161a pat\u0113ri\u0146a elektronikas ier\u012bc\u0113s, nodro\u0161inot intuit\u012bvu viedt\u0101lru\u0146u, plan\u0161etdatoru un kl\u0113pjdatoru vad\u012bbu.<\/p>\n<\/li>\n<li data-sourcepos=\"21:1-22:0\">\n<p data-sourcepos=\"21:3-21:152\"><strong>Komerci\u0101lie displeji:<\/strong> Sk\u0101rienj\u016bt\u012bgos ekr\u0101nus arvien bie\u017e\u0101k izmanto komerci\u0101los nol\u016bkos, piem\u0113ram, mazumtirdzniec\u012bbas kioskos, interakt\u012bv\u0101s izk\u0101rtn\u0113s un izgl\u012bt\u012bbas displejos.<\/p>\n<\/li>\n<li data-sourcepos=\"23:1-24:0\">\n<p data-sourcepos=\"23:3-23:158\"><strong>R\u016bpniecisk\u0101 automatiz\u0101cija:<\/strong> Sk\u0101rienj\u016bt\u012bgie pane\u013ci tiek izmantoti r\u016bpniecisk\u0101s automatiz\u0101cijas sist\u0113m\u0101s, lai kontrol\u0113tu iek\u0101rtas, uzraudz\u012btu procesus un vizualiz\u0113tu datus.<\/p>\n<\/li>\n<li data-sourcepos=\"25:1-26:0\">\n<p data-sourcepos=\"25:3-25:182\"><strong>M\u0101jas automatiz\u0101cija:<\/strong> Matrix digit\u0101lie sk\u0101rienekr\u0101ni ir integr\u0113ti viedo m\u0101ju sist\u0113m\u0101s, \u013caujot lietot\u0101jiem ar vienu piesk\u0101rienu kontrol\u0113t apgaismojumu, ier\u012bces un dro\u0161\u012bbas funkcijas.<\/p>\n<\/li>\n<\/ul>","protected":false},"excerpt":{"rendered":"<p>Matrix digit\u0101lie sk\u0101rienekr\u0101ni ir revolucioniz\u0113ju\u0161i cilv\u0113ka un ma\u0161\u012bnas mijiedarb\u012bbu, nodro\u0161inot dabisk\u0101ku un intuit\u012bv\u0101ku digit\u0101lo ier\u012b\u010du vad\u012bbas un mijiedarb\u012bbas veidu. To daudzpus\u012bba, precizit\u0101te un iztur\u012bba padara tos par neaizst\u0101jamiem komponentiem visda\u017e\u0101d\u0101kaj\u0101s lietojumprogramm\u0101s, s\u0101kot no pla\u0161a pat\u0113ri\u0146a elektronikas l\u012bdz r\u016bpnieciskai automatiz\u0101cijai.<\/p>","protected":false},"featured_media":1567,"template":"","meta":[],"product_cat":[41],"product_tag":[],"_links":{"self":[{"href":"https:\/\/touchscreenmfg.com\/lv\/wp-json\/wp\/v2\/product\/1607"}],"collection":[{"href":"https:\/\/touchscreenmfg.com\/lv\/wp-json\/wp\/v2\/product"}],"about":[{"href":"https:\/\/touchscreenmfg.com\/lv\/wp-json\/wp\/v2\/types\/product"}],"wp:featuredmedia":[{"embeddable":true,"href":"https:\/\/touchscreenmfg.com\/lv\/wp-json\/wp\/v2\/media\/1567"}],"wp:attachment":[{"href":"https:\/\/touchscreenmfg.com\/lv\/wp-json\/wp\/v2\/media?parent=1607"}],"wp:term":[{"taxonomy":"product_cat","embeddable":true,"href":"https:\/\/touchscreenmfg.com\/lv\/wp-json\/wp\/v2\/product_cat?post=1607"},{"taxonomy":"product_tag","embeddable":true,"href":"https:\/\/touchscreenmfg.com\/lv\/wp-json\/wp\/v2\/product_tag?post=1607"}],"curies":[{"name":"wp","href":"https:\/\/api.w.org\/{rel}","templated":true}]}}