{"id":2179,"date":"2024-09-20T08:13:40","date_gmt":"2024-09-20T08:13:40","guid":{"rendered":"https:\/\/touchscreenmfg.com\/?post_type=product&#038;p=2179"},"modified":"2024-09-20T08:13:56","modified_gmt":"2024-09-20T08:13:56","slug":"pc-touch-screen","status":"publish","type":"product","link":"https:\/\/touchscreenmfg.com\/lt\/pc-touch-screen\/","title":{"rendered":"Kompiuterio jutiklinis ekranas"},"content":{"rendered":"<h2>Kompiuteri\u0173 jutikliniai ekranai: Patvarus ir universalus pasirinkimas<\/h2>\n<h3 data-sourcepos=\"5:1-5:39\">Pagrindiniai privalumai:<\/h3>\n<ul>\n<li><span class=\"citation-0 recitation\">Didelis atsparumas sm\u016bgiams:<\/span><span class=\"citation-0 recitation citation-end-0\"> Kompiuteris yra labai atspari sm\u016bgiams med\u017eiaga, tod\u0117l tinka prietaisams, kurie gali patirti fizinius sm\u016bgius ar nukristi.<\/span><\/li>\n<li>Atsparumas temperat\u016brai: D\u0117l to kompiuteris gali atlaikyti \u012fvairias temperat\u016bras, tod\u0117l tinka naudoti lauke ar pramon\u0117je.<\/li>\n<li><span class=\"citation-1 recitation\">Atsparumas chemin\u0117ms med\u017eiagoms:<\/span><span class=\"citation-1 recitation citation-end-1\"> Kompiuteris yra atsparus daugeliui chemini\u0173 med\u017eiag\u0173 ir tirpikli\u0173, tod\u0117l yra patvarus at\u0161iaurioje aplinkoje.<\/span><\/li>\n<li><span class=\"citation-2 recitation\">Optinis skaidrumas:<\/span><span class=\"citation-2 recitation citation-end-2\"> Kompiuteris pasi\u017eymi geru optiniu ai\u0161kumu, tod\u0117l jutiklinis vaizdas yra ai\u0161kus ir jautrus.<\/span><\/li>\n<\/ul>\n<h3 data-sourcepos=\"12:1-12:37\">Parai\u0161kos:<\/h3>\n<ul>\n<li><span class=\"citation-3 recitation\">Pramon\u0117s automatizavimas:<\/span><span class=\"citation-3 recitation citation-end-3\"> Kompiuteri\u0173 jutikliniai ekranai pla\u010diai naudojami pramoniniuose valdymo skyduose ir ma\u0161inose d\u0117l j\u0173 ilgaam\u017ei\u0161kumo ir atsparumo at\u0161iaurioms s\u0105lygoms.<\/span><\/li>\n<li>Lauko kioskai: Kompiuteri\u0173 jutikliniai ekranai tinka lauko kioskams ir informaciniams terminalams, nes jie gali b\u016bti atspar\u016bs aplinkos veiksniams.<\/li>\n<li>Automobiliai: Kompiuteris naudojamas automobili\u0173 informacijos ir pramog\u0173 sistemose ir navigacijos ekranuose, kur labai svarbus ilgaam\u017ei\u0161kumas ir atsparumas temperat\u016brai.<\/li>\n<li><span class=\"citation-4 recitation\">Medicinos prietaisai:<\/span><span class=\"citation-4 recitation citation-end-4\"> Kompiuteri\u0173 jutikliniai ekranai naudojami medicinos \u012frangoje, pavyzd\u017eiui, diagnostikos prietaisuose ir pacient\u0173 steb\u0117jimo sistemose.<\/span><\/li>\n<\/ul>\n<h3 data-sourcepos=\"19:1-19:44\">PMMA ir asmenini\u0173 kompiuteri\u0173 jutiklini\u0173 ekran\u0173 palyginimas:<\/h3>\n<div class=\"horizontal-scroll-wrapper\">\n<div class=\"table-block-component\">\n<div class=\"table-block\">\n<div class=\"table-content not-end-of-paragraph\">\n<table style=\"height: 170px;\" width=\"612\" data-sourcepos=\"21:1-27:25\">\n<tbody>\n<tr data-sourcepos=\"21:1-21:23\">\n<th data-sourcepos=\"21:1-21:9\">Funkcija<\/th>\n<th data-sourcepos=\"21:11-21:16\">PMMA<\/th>\n<th data-sourcepos=\"21:18-21:21\">KOMPIUTERIS<\/th>\n<\/tr>\n<tr data-sourcepos=\"23:1-23:40\">\n<td data-sourcepos=\"23:1-23:19\">Atsparumas sm\u016bgiams<\/td>\n<td data-sourcepos=\"23:21-23:26\">Geras<\/td>\n<td data-sourcepos=\"23:28-23:38\">Puikus<\/td>\n<\/tr>\n<tr data-sourcepos=\"24:1-24:45\">\n<td data-sourcepos=\"24:1-24:24\">Atsparumas temperat\u016brai<\/td>\n<td data-sourcepos=\"24:26-24:31\">Geras<\/td>\n<td data-sourcepos=\"24:33-24:43\">Puikus<\/td>\n<\/tr>\n<tr data-sourcepos=\"25:1-25:42\">\n<td data-sourcepos=\"25:1-25:21\">Atsparumas chemin\u0117ms med\u017eiagoms<\/td>\n<td data-sourcepos=\"25:23-25:28\">Geras<\/td>\n<td data-sourcepos=\"25:30-25:40\">Puikus<\/td>\n<\/tr>\n<tr data-sourcepos=\"26:1-26:38\">\n<td data-sourcepos=\"26:1-26:17\">Optinis skaidrumas<\/td>\n<td data-sourcepos=\"26:19-26:29\">Puikus<\/td>\n<td data-sourcepos=\"26:31-26:36\">Geras<\/td>\n<\/tr>\n<tr data-sourcepos=\"27:1-27:25\">\n<td data-sourcepos=\"27:1-27:6\">I\u0161laidos<\/td>\n<td data-sourcepos=\"27:8-27:14\">\u017demiau<\/td>\n<td data-sourcepos=\"27:16-27:23\">Auk\u0161tesn\u0117<\/td>\n<\/tr>\n<\/tbody>\n<\/table>\n<\/div>\n<\/div>\n<\/div>\n<\/div>","protected":false},"excerpt":{"rendered":"<p>Kitas populiarus elektronini\u0173 prietais\u0173 jutiklini\u0173 ekran\u0173 variantas - kompiuterio (polikarbonato) jutikliniai ekranai, pasi\u017eymintys dideliu patvarumu ir atsparumu sm\u016bgiams. Jie da\u017enai naudojami tose srityse, kuriose labai svarbus patvarumas ir tvirtumas.<\/p>\n<p>Apibendrinant galima teigti, kad tiek PMMA, tiek kompiuteri\u0173 jutikliniai ekranai pasi\u017eymi puikiomis eksploatacin\u0117mis savyb\u0117mis ir ilgaam\u017ei\u0161kumu. Pasirinkimas tarp \u0161i\u0173 dviej\u0173 med\u017eiag\u0173 priklauso nuo konkre\u010di\u0173 taikomosios programos reikalavim\u0173. PMMA paprastai yra ekonomi\u0161kesnis ir pasi\u017eymi puikiu optiniu ai\u0161kumu, o PC pasi\u017eymi i\u0161skirtiniu atsparumu sm\u016bgiams ir temperat\u016brai.<\/p>","protected":false},"featured_media":2180,"template":"","meta":[],"product_cat":[43],"product_tag":[],"_links":{"self":[{"href":"https:\/\/touchscreenmfg.com\/lt\/wp-json\/wp\/v2\/product\/2179"}],"collection":[{"href":"https:\/\/touchscreenmfg.com\/lt\/wp-json\/wp\/v2\/product"}],"about":[{"href":"https:\/\/touchscreenmfg.com\/lt\/wp-json\/wp\/v2\/types\/product"}],"wp:featuredmedia":[{"embeddable":true,"href":"https:\/\/touchscreenmfg.com\/lt\/wp-json\/wp\/v2\/media\/2180"}],"wp:attachment":[{"href":"https:\/\/touchscreenmfg.com\/lt\/wp-json\/wp\/v2\/media?parent=2179"}],"wp:term":[{"taxonomy":"product_cat","embeddable":true,"href":"https:\/\/touchscreenmfg.com\/lt\/wp-json\/wp\/v2\/product_cat?post=2179"},{"taxonomy":"product_tag","embeddable":true,"href":"https:\/\/touchscreenmfg.com\/lt\/wp-json\/wp\/v2\/product_tag?post=2179"}],"curies":[{"name":"wp","href":"https:\/\/api.w.org\/{rel}","templated":true}]}}