{"id":2177,"date":"2024-09-20T08:00:55","date_gmt":"2024-09-20T08:00:55","guid":{"rendered":"https:\/\/touchscreenmfg.com\/?post_type=product&#038;p=2177"},"modified":"2025-03-15T09:13:16","modified_gmt":"2025-03-15T09:13:16","slug":"pmma-touch-screen","status":"publish","type":"product","link":"https:\/\/touchscreenmfg.com\/lt\/pmma-touch-screen\/","title":{"rendered":"PMMA jutiklinis ekranas"},"content":{"rendered":"<h2>PMMA jutikliniai ekranai: Ai\u0161kus ir jautrus pasirinkimas<\/h2>\n<h3 data-sourcepos=\"5:1-5:38\">Pagrindiniai privalumai:<\/h3>\n<ul data-sourcepos=\"7:1-8:61\">\n<li data-sourcepos=\"7:1-7:108\">Didelis skaidrumas: <a href=\"https:\/\/nylon-granules.com\/acrylic-sheet\/\" target=\"_blank\" rel=\"noopener\">PMMA<\/a> u\u017etikrina puik\u0173 ai\u0161kum\u0105 ir matomum\u0105, tod\u0117l ekranas yra ai\u0161kus ir ry\u0161kus.<\/li>\n<li data-sourcepos=\"8:1-8:61\">Lengvas: PMMA yra palyginti lengva med\u017eiaga, tod\u0117l tinka ne\u0161iojamiesiems prietaisams.<\/li>\n<li data-sourcepos=\"9:1-9:97\">Atsparumas \u012fbr\u0117\u017eimams: PMMA pasi\u017eymi geru atsparumu \u012fbr\u0117\u017eimams, tod\u0117l apsaugo ekran\u0105 nuo pa\u017eeidim\u0173.<\/li>\n<li data-sourcepos=\"10:1-10:29\">Atsparumas chemin\u0117ms med\u017eiagoms: PMMA yra atsparus \u012fvairioms chemin\u0117ms med\u017eiagoms, tod\u0117l j\u012f galima naudoti at\u0161iaurioje aplinkoje.<\/li>\n<li data-sourcepos=\"11:1-12:0\">Ekonomi\u0161kas: PMMA paprastai yra ekonomi\u0161kesnis, palyginti su kitomis med\u017eiagomis, pvz., stiklu.<\/li>\n<\/ul>\n<h3 data-sourcepos=\"13:1-13:39\">Parai\u0161kos:<\/h3>\n<ul data-sourcepos=\"15:1-17:89\">\n<li data-sourcepos=\"15:1-15:170\">I\u0161manieji telefonai ir plan\u0161etiniai kompiuteriai: PMMA da\u017eniausiai naudojamas i\u0161mani\u0173j\u0173 telefon\u0173 ir plan\u0161etini\u0173 kompiuteri\u0173 jutikliniuose ekranuose, nes pasi\u017eymi ai\u0161kumu, patvarumu ir ekonomi\u0161kumu.<\/li>\n<li data-sourcepos=\"16:1-16:150\">Prekybos viet\u0173 (POS) sistemos: PMMA jutikliniai ekranai pla\u010diai naudojami ma\u017emenin\u0117s prekybos ir svetingumo pramon\u0117je, kai reikia bendrauti su klientais ir atlikti operacijas.<\/li>\n<li data-sourcepos=\"17:1-17:89\">Pramon\u0117s automatizavimas: PMMA jutikliniai ekranai naudojami pramoniniuose valdymo pultuose ir ma\u0161inose operatoriaus \u012fvesties duomenims \u012fvesti.<\/li>\n<li data-sourcepos=\"18:1-19:0\">Medicinos prietaisai: PMMA jutikliniai ekranai naudojami medicinos \u012frangoje, pvz., diagnostikos prietaisuose ir pacient\u0173 steb\u0117jimo sistemose.<\/li>\n<\/ul>\n<h3 data-sourcepos=\"20:1-20:68\">Nors PMMA turi daug privalum\u0173, jis turi ir tam tikr\u0173 apribojim\u0173:<\/h3>\n<ul data-sourcepos=\"22:1-24:0\">\n<li data-sourcepos=\"22:1-22:86\">Kietumas: PMMA yra ne toks kietas kaip stiklas, tod\u0117l jis yra jautresnis \u012fbr\u0117\u017eimams.<\/li>\n<li data-sourcepos=\"23:1-24:0\">Jautrumas temperat\u016brai: PMMA gali paveikti ekstremalios temperat\u016bros, o tai gali tur\u0117ti \u012ftakos jo veikimui.<\/li>\n<\/ul>","protected":false},"excerpt":{"rendered":"<p data-sourcepos=\"3:1-3:93\">PMMA, arba polimetilmetakrilatas, yra populiari jutiklini\u0173 ekran\u0173 med\u017eiaga d\u0117l puiki\u0173 optini\u0173 savybi\u0173 ir patvarumo. PMMA jutikliniai ekranai yra ai\u0161kus, jautrus ir ekonomi\u0161kas sprendimas \u012fvairiems elektroniniams prietaisams.<\/p>\n<p data-sourcepos=\"3:1-3:93\">Apskritai PMMA jutikliniai ekranai yra patikimas ir ekonomi\u0161kas sprendimas \u012fvairioms programoms. D\u0117l j\u0173 ai\u0161kumo, patvarumo ir prieinamos kainos derinio jie yra populiarus pasirinkimas elektronikos pramon\u0117je.<\/p>","protected":false},"featured_media":2178,"template":"","meta":[],"product_cat":[43],"product_tag":[],"_links":{"self":[{"href":"https:\/\/touchscreenmfg.com\/lt\/wp-json\/wp\/v2\/product\/2177"}],"collection":[{"href":"https:\/\/touchscreenmfg.com\/lt\/wp-json\/wp\/v2\/product"}],"about":[{"href":"https:\/\/touchscreenmfg.com\/lt\/wp-json\/wp\/v2\/types\/product"}],"wp:featuredmedia":[{"embeddable":true,"href":"https:\/\/touchscreenmfg.com\/lt\/wp-json\/wp\/v2\/media\/2178"}],"wp:attachment":[{"href":"https:\/\/touchscreenmfg.com\/lt\/wp-json\/wp\/v2\/media?parent=2177"}],"wp:term":[{"taxonomy":"product_cat","embeddable":true,"href":"https:\/\/touchscreenmfg.com\/lt\/wp-json\/wp\/v2\/product_cat?post=2177"},{"taxonomy":"product_tag","embeddable":true,"href":"https:\/\/touchscreenmfg.com\/lt\/wp-json\/wp\/v2\/product_tag?post=2177"}],"curies":[{"name":"wp","href":"https:\/\/api.w.org\/{rel}","templated":true}]}}