{"id":1877,"date":"2024-08-07T02:50:04","date_gmt":"2024-08-07T02:50:04","guid":{"rendered":"https:\/\/touchscreenmfg.com\/?post_type=product&#038;p=1877"},"modified":"2024-08-07T03:01:34","modified_gmt":"2024-08-07T03:01:34","slug":"controller-touch-switch","status":"publish","type":"product","link":"https:\/\/touchscreenmfg.com\/lt\/controller-touch-switch\/","title":{"rendered":"Valdiklio jutiklinis jungiklis"},"content":{"rendered":"<h3 class=\"\" data-sourcepos=\"11:1-11:45\">Parai\u0161kos<\/h3>\n<p data-sourcepos=\"13:1-13:71\">Valdikli\u0173 jutikliniai jungikliai naudojami daugelyje pramon\u0117s \u0161ak\u0173:<\/p>\n<ul data-sourcepos=\"15:1-20:0\">\n<li data-sourcepos=\"15:1-15:84\"><strong>Vartojimo elektronika:<\/strong> I\u0161manieji telefonai, plan\u0161etiniai kompiuteriai, i\u0161manieji laikrod\u017eiai ir \u017eaidim\u0173 konsol\u0117s.<\/li>\n<li data-sourcepos=\"16:1-16:88\"><strong>Automobiliai:<\/strong> Informacin\u0117s ir pramogin\u0117s sistemos, klimato kontrol\u0117s skydeliai ir prietais\u0173 skydeliai.<\/li>\n<li data-sourcepos=\"17:1-17:85\"><strong>Pramon\u0117s automatizavimas:<\/strong> Ma\u0161in\u0173 valdymo skydai, \u017emogaus ir ma\u0161inos s\u0105sajos (HMI).<\/li>\n<li data-sourcepos=\"18:1-18:72\"><strong>Buitin\u0117 technika:<\/strong> I\u0161maniosios orkait\u0117s, \u0161aldytuvai ir skalbykl\u0117s.<\/li>\n<li data-sourcepos=\"19:1-20:0\"><strong>Medicinos \u012franga:<\/strong> Diagnostikos aparatai, pacient\u0173 steb\u0117jimo sistemos.<\/li>\n<\/ul>\n<h3 class=\"\" data-sourcepos=\"21:1-21:41\">Privalumai<\/h3>\n<ul data-sourcepos=\"23:1-28:0\">\n<li data-sourcepos=\"23:1-23:81\"><strong>Intuityvi naudotojo s\u0105saja:<\/strong> Suteikia nat\u016brali\u0105 ir patogi\u0105 s\u0105veik\u0105.<\/li>\n<li data-sourcepos=\"24:1-24:71\"><strong>Eleganti\u0161kas dizainas:<\/strong> Prisideda prie modernaus ir esteti\u0161ko gamini\u0173 dizaino k\u016brimo.<\/li>\n<li data-sourcepos=\"25:1-25:65\"><strong>Patvarumas:<\/strong> Atsparus nusid\u0117v\u0117jimui, u\u017etikrinantis ilgaam\u017ei\u0161kum\u0105.<\/li>\n<li data-sourcepos=\"26:1-26:83\"><strong>Pritaikymas:<\/strong> Galima pritaikyti konkre\u010dioms programoms ir naudotoj\u0173 pageidavimams.<\/li>\n<li data-sourcepos=\"27:1-28:0\"><strong>Higiena:<\/strong> Lengviau valyti, palyginti su fiziniais mygtukais.<\/li>\n<\/ul>","protected":false},"excerpt":{"rendered":"<p>Valdiklio jutiklinis jungiklis yra vartotojo s\u0105saja, reaguojanti \u012f jutiklin\u0119 \u012fvest\u012f ir leid\u017eianti valdyti \u012fvairius prietaisus ir sistemas. \u0160i technologija suk\u0117l\u0117 revoliucij\u0105 m\u016bs\u0173 bendravimo su elektronika srityje, suteikdama vientis\u0105 ir intuityvi\u0105 patirt\u012f.<\/p>","protected":false},"featured_media":1878,"template":"","meta":[],"product_cat":[42],"product_tag":[],"_links":{"self":[{"href":"https:\/\/touchscreenmfg.com\/lt\/wp-json\/wp\/v2\/product\/1877"}],"collection":[{"href":"https:\/\/touchscreenmfg.com\/lt\/wp-json\/wp\/v2\/product"}],"about":[{"href":"https:\/\/touchscreenmfg.com\/lt\/wp-json\/wp\/v2\/types\/product"}],"wp:featuredmedia":[{"embeddable":true,"href":"https:\/\/touchscreenmfg.com\/lt\/wp-json\/wp\/v2\/media\/1878"}],"wp:attachment":[{"href":"https:\/\/touchscreenmfg.com\/lt\/wp-json\/wp\/v2\/media?parent=1877"}],"wp:term":[{"taxonomy":"product_cat","embeddable":true,"href":"https:\/\/touchscreenmfg.com\/lt\/wp-json\/wp\/v2\/product_cat?post=1877"},{"taxonomy":"product_tag","embeddable":true,"href":"https:\/\/touchscreenmfg.com\/lt\/wp-json\/wp\/v2\/product_tag?post=1877"}],"curies":[{"name":"wp","href":"https:\/\/api.w.org\/{rel}","templated":true}]}}