{"id":1871,"date":"2024-08-07T02:46:18","date_gmt":"2024-08-07T02:46:18","guid":{"rendered":"https:\/\/touchscreenmfg.com\/?post_type=product&#038;p=1871"},"modified":"2024-08-07T02:58:47","modified_gmt":"2024-08-07T02:58:47","slug":"car-light-touch-switch","status":"publish","type":"product","link":"https:\/\/touchscreenmfg.com\/lt\/car-light-touch-switch\/","title":{"rendered":"Automobilio \u0161viesos jutiklinis jungiklis"},"content":{"rendered":"<h3><strong><b>Automobili\u0173 \u0161viesos jutiklini\u0173 jungikli\u0173 privalumai<\/b><\/strong><\/h3>\n<ul>\n<li><strong>Patobulinta estetika:<\/strong>\u00a0Eleganti\u0161kas ir minimalistinis dizainas padeda sukurti modern\u0173 automobilio interjer\u0105.<\/li>\n<li><strong>Patobulintas patogumas:<\/strong>\u00a0Intuityvi jutiklin\u0117 s\u0105saja ma\u017eina vairuotojo d\u0117mes\u012f.<\/li>\n<li><strong>Patvarumas:<\/strong>\u00a0Atsparus nusid\u0117v\u0117jimui, u\u017etikrinantis ilgalaik\u012f veikim\u0105.<\/li>\n<li><strong>Pritaikymas:<\/strong>\u00a0Galima u\u017eprogramuoti \u012fvairias ap\u0161vietimo funkcijas ir re\u017eimus.<\/li>\n<li><strong>Higiena:<\/strong>\u00a0Lengviau valyti, palyginti su fiziniais mygtukais.<\/li>\n<\/ul>\n<h3><strong><b>Automobili\u0173 \u0161viesos jutiklini\u0173 jungikli\u0173 tipai<\/b><\/strong><\/h3>\n<ul>\n<li><strong>Talpiniai jutikliniai jungikliai:<\/strong>\u00a0reaguoja \u012f \u017emogaus k\u016bno sukeliamus talpos poky\u010dius.<\/li>\n<li><strong>Atsparieji jutikliniai jungikliai:<\/strong>\u00a0Aptikti elektrin\u0117s var\u017eos poky\u010dius paspaudus.<\/li>\n<li><strong>Projektuojami talpiniai jutikliniai jungikliai:<\/strong>\u00a0pasi\u017eymi didesniu jautrumu ir tikslumu.<\/li>\n<\/ul>\n<h3><strong><b>Taikymas transporto priemon\u0117se<\/b><\/strong><\/h3>\n<p>Automobili\u0173 \u017eibint\u0173 jutikliniai jungikliai da\u017eniausiai naudojami:<\/p>\n<ul>\n<li><strong>Priekini\u0173 \u017eibint\u0173 valdymas:<\/strong>\u00a0Ry\u0161kumo, \u0161viesos srauto modelio ir automatinio \u012fjungimo \/ i\u0161jungimo funkcij\u0173 reguliavimas.<\/li>\n<li><strong>Vidaus ap\u0161vietimas:<\/strong>\u00a0Aplinkos ap\u0161vietimo, skaitymo lempu\u010di\u0173 ir nuotaikingo ap\u0161vietimo valdymas.<\/li>\n<li><strong>Prietais\u0173 skydelio valdikliai:<\/strong>\u00a0Klimato kontrol\u0117s, garso sistem\u0173 ir kit\u0173 transporto priemon\u0117s funkcij\u0173 valdymas.<\/li>\n<\/ul>","protected":false},"excerpt":{"rendered":"<h3 data-sourcepos=\"5:1-5:37\">Kaip veikia automobilio \u0161viesos jutikliniai jungikliai<\/h3>\n<p data-sourcepos=\"7:1-7:243\"><span class=\"citation-1 recitation citation-end-1\">Automobili\u0173 \u0161viesos jutikliniuose jungikliuose pir\u0161to prisilietimui nustatyti paprastai naudojama talpin\u0117 arba var\u017ein\u0117 technologija.<\/span> Pir\u0161tui palietus jungiklio pavir\u0161i\u0173, pasikei\u010dia talpa arba var\u017ea ir suveikia norima funkcija.<\/p>","protected":false},"featured_media":1872,"template":"","meta":[],"product_cat":[42],"product_tag":[],"_links":{"self":[{"href":"https:\/\/touchscreenmfg.com\/lt\/wp-json\/wp\/v2\/product\/1871"}],"collection":[{"href":"https:\/\/touchscreenmfg.com\/lt\/wp-json\/wp\/v2\/product"}],"about":[{"href":"https:\/\/touchscreenmfg.com\/lt\/wp-json\/wp\/v2\/types\/product"}],"wp:featuredmedia":[{"embeddable":true,"href":"https:\/\/touchscreenmfg.com\/lt\/wp-json\/wp\/v2\/media\/1872"}],"wp:attachment":[{"href":"https:\/\/touchscreenmfg.com\/lt\/wp-json\/wp\/v2\/media?parent=1871"}],"wp:term":[{"taxonomy":"product_cat","embeddable":true,"href":"https:\/\/touchscreenmfg.com\/lt\/wp-json\/wp\/v2\/product_cat?post=1871"},{"taxonomy":"product_tag","embeddable":true,"href":"https:\/\/touchscreenmfg.com\/lt\/wp-json\/wp\/v2\/product_tag?post=1871"}],"curies":[{"name":"wp","href":"https:\/\/api.w.org\/{rel}","templated":true}]}}