{"id":1862,"date":"2024-08-07T02:42:39","date_gmt":"2024-08-07T02:42:39","guid":{"rendered":"https:\/\/touchscreenmfg.com\/?post_type=product&#038;p=1862"},"modified":"2024-08-07T02:54:53","modified_gmt":"2024-08-07T02:54:53","slug":"car-center-console-touch-film","status":"publish","type":"product","link":"https:\/\/touchscreenmfg.com\/lt\/car-center-console-touch-film\/","title":{"rendered":"Automobilio centrin\u0117s konsol\u0117s jutiklin\u0117 pl\u0117vel\u0117"},"content":{"rendered":"<h3><strong>Jutiklin\u0117s pl\u0117vel\u0117s taikymas<\/strong><\/h3>\n<p id=\"tw-target-text\" class=\"tw-data-text tw-text-large tw-ta\" dir=\"ltr\" data-placeholder=\"Translation\" aria-label=\"I\u0161verstas tekstas\" data-ved=\"2ahUKEwie_Z3B7OGHAxW_bfUHHYxgEGkQ3ewLegQIERAU\"><span class=\"Y2IQFc\" lang=\"en\">Savikontrol\u0117 nustato, ar pir\u0161tas paliet\u0117 elektrod\u0105, nustatydama elektrostatin\u0117s talpos poky\u010dius. Talpa nuskaitoma ir nustatoma pagal tam tikr\u0105 cikl\u0105. Pagal i\u0161matuotos vert\u0117s pokyt\u012f galima spr\u0119sti, ar pir\u0161tas paliet\u0117 elektrod\u0105. MCU atlieka ciklus pagal tam tikr\u0105 cikl\u0105. Skenuojama ir nustatoma elektrodo talpa. Kai pir\u0161tas nutolsta nuo elektrodo, talpos vert\u0117 i\u0161lieka stabili. Kai pir\u0161tas priart\u0117ja prie talpos vert\u0117s arba j\u0105 palie\u010dia, talpos vert\u0117 padid\u0117ja, o skai\u010diavimo vert\u0117 padid\u0117ja. Kai pir\u0161tas nutolsta nuo elektrodo, talpos vert\u0117 suma\u017e\u0117ja skai\u010diavimo verte. Skai\u010diavimo vert\u0117, kuri suma\u017e\u0117ja ir i\u0161lieka stabili, kai pir\u0161tas nutolsta nuo elektrodo, vadinama bazine verte. \u0160iai bazinei vertei u\u017ededame ribin\u0119 vert\u0119, kuri vadinama kritine verte. Kai skai\u010diavimo vert\u0117 yra didesn\u0117 u\u017e \u0161i\u0105 kritin\u0119 vert\u0119, \u012fjungiamas sprendimo jungiklis. Kai skai\u010diavimo vert\u0117 yra ma\u017eesn\u0117 u\u017e \u0161i\u0105 kritin\u0119 vert\u0119, laikoma, kad jungiklis yra i\u0161jungtas.<\/span><\/p>","protected":false},"excerpt":{"rendered":"<h3 id=\"tw-target-text\" class=\"tw-data-text tw-text-large tw-ta\" dir=\"ltr\" data-placeholder=\"Translation\" aria-label=\"I\u0161verstas tekstas\" data-ved=\"2ahUKEwie_Z3B7OGHAxW_bfUHHYxgEGkQ3ewLegQIERAU\"><strong><span class=\"Y2IQFc\" lang=\"en\">Jutiklin\u0117s pl\u0117vel\u0117s \u012fgyvendinimo principas<\/span><\/strong><\/h3>\n<p>\u012ekrovos jud\u0117jimo greitis yra pastovus, tod\u0117l kuo didesn\u0117 talpa, tuo ilgesnis \u012fkrovimo ir i\u0161krovimo laikas ir tuo didesn\u0117 srov\u0117. Tod\u0117l apie kondensatoriaus dyd\u012f galime spr\u0119sti pagal \u012fkrovimo ir i\u0161krovimo laiko trukm\u0119 bei \u012fkrovimo ir i\u0161krovimo srov\u0117s dyd\u012f. ,Kol yra b\u016bsena, kuri\u0105 galime pasiekti ir surinkti stabil\u0173 b\u016bsenos pokyt\u012f, \u0161\u012f pokyt\u012f galime panaudoti perjungimo signalui \u012fgyvendinti.<\/p>","protected":false},"featured_media":1863,"template":"","meta":[],"product_cat":[42],"product_tag":[],"_links":{"self":[{"href":"https:\/\/touchscreenmfg.com\/lt\/wp-json\/wp\/v2\/product\/1862"}],"collection":[{"href":"https:\/\/touchscreenmfg.com\/lt\/wp-json\/wp\/v2\/product"}],"about":[{"href":"https:\/\/touchscreenmfg.com\/lt\/wp-json\/wp\/v2\/types\/product"}],"wp:featuredmedia":[{"embeddable":true,"href":"https:\/\/touchscreenmfg.com\/lt\/wp-json\/wp\/v2\/media\/1863"}],"wp:attachment":[{"href":"https:\/\/touchscreenmfg.com\/lt\/wp-json\/wp\/v2\/media?parent=1862"}],"wp:term":[{"taxonomy":"product_cat","embeddable":true,"href":"https:\/\/touchscreenmfg.com\/lt\/wp-json\/wp\/v2\/product_cat?post=1862"},{"taxonomy":"product_tag","embeddable":true,"href":"https:\/\/touchscreenmfg.com\/lt\/wp-json\/wp\/v2\/product_tag?post=1862"}],"curies":[{"name":"wp","href":"https:\/\/api.w.org\/{rel}","templated":true}]}}