{"id":1627,"date":"2024-06-29T01:18:12","date_gmt":"2024-06-29T01:18:12","guid":{"rendered":"https:\/\/touchscreenmfg.com\/?post_type=product&#038;p=1627"},"modified":"2024-06-29T01:50:18","modified_gmt":"2024-06-29T01:50:18","slug":"planar-resistive-touch-screen","status":"publish","type":"product","link":"https:\/\/touchscreenmfg.com\/lt\/planar-resistive-touch-screen\/","title":{"rendered":"Planarinis var\u017einis jutiklinis ekranas"},"content":{"rendered":"<p data-sourcepos=\"3:1-3:111\">Planariniai rezistyviniai jutikliniai ekranai yra patikrintas ir ekonomi\u0161kas sprendimas, skirtas jutiklin\u0117ms programoms. \u0160iuose patvariuose jutikliniuose ekranuose naudojamas spaudimui jautrus sluoksnis, kuris reaguoja \u012f fizin\u012f prisilietim\u0105 ir u\u017etikrina patikim\u0105 ir intuityvi\u0105 lietimo patirt\u012f.<\/p>\n<p data-sourcepos=\"5:1-5:51\"><strong>Pagrindin\u0117s savyb\u0117s:<\/strong><\/p>\n<ul data-sourcepos=\"7:1-9:11\">\n<li data-sourcepos=\"7:1-8:0\">\n<p data-sourcepos=\"7:3-7:185\"><strong>Tikslus ir jautrus jutiklinis atpa\u017einimas:<\/strong> Planariniai rezistyviniai jutikliniai ekranai tiksliai aptinka prisilietimus, tod\u0117l s\u0105veika su jutikliniais ekranais yra tiksli ir greita.<\/p>\n<\/li>\n<li data-sourcepos=\"9:1-9:11\">\n<p data-sourcepos=\"9:3-9:11\"><strong>Patvari konstrukcija:<\/strong> Tvirta rezistyvini\u0173 jutiklini\u0173 ekran\u0173 konstrukcija yra atspari intensyviam naudojimui ir at\u0161iaurioms aplinkos s\u0105lygoms, tod\u0117l idealiai tinka komerciniams ir pramoniniams \u012frenginiams.<\/p>\n<\/li>\n<li data-sourcepos=\"11:1-11:27\">\n<p data-sourcepos=\"11:3-11:27\"><strong>Ekonomi\u0161kas sprendimas:<\/strong> Palyginti su talpiniais jutikliniais ekranais, spaudimu pagr\u012fsti jutikliniai ekranai yra prieinamesnis variantas, ypa\u010d didesni\u0173 dyd\u017ei\u0173 ekranuose.<\/p>\n<\/li>\n<\/ul>\n<p data-sourcepos=\"13:1-13:51\"><strong>Parai\u0161kos:<\/strong><\/p>\n<ul data-sourcepos=\"15:1-18:0\">\n<li data-sourcepos=\"15:1-16:0\">\n<p data-sourcepos=\"15:3-15:180\"><strong>Prekybos viet\u0173 (POS) sistemos:<\/strong> Atsparieji jutikliniai ekranai pla\u010diai naudojami kasos sistemose d\u0117l j\u0173 patikimumo, prieinamumo ir atsparumo da\u017eniems prisilietimams.<\/p>\n<\/li>\n<li data-sourcepos=\"17:1-18:0\">\n<p data-sourcepos=\"17:3-17:177\"><strong>Pramoniniai valdymo skydai:<\/strong> Pramon\u0117je rezistyviniai jutikliniai ekranai yra tvirtas ir ilgaam\u017eis sprendimas ma\u0161inoms valdyti ir procesams steb\u0117ti.<\/p>\n<\/li>\n<li data-sourcepos=\"19:1-20:0\">\n<p data-sourcepos=\"19:3-19:161\"><strong>Visuomen\u0117s informavimo kioskai:<\/strong> Planariniai rezistyviniai jutikliniai ekranai leid\u017eia \u012frengti interaktyvius vie\u0161osios informacijos kioskus, kuriuose galima lengvai nar\u0161yti ir pasiekti informacij\u0105.<\/p>\n<\/li>\n<li data-sourcepos=\"21:1-22:0\">\n<p data-sourcepos=\"21:3-21:176\"><strong>Mokomosios ekspozicijos:<\/strong> \u0160vietimo \u012fstaigose spaudimu pagr\u012fsti jutikliniai ekranai palengvina interaktyvi\u0105 mokymosi patirt\u012f ir \u012ftraukia mokinius \u012f jutiklin\u0119 veikl\u0105.<\/p>\n<\/li>\n<\/ul>","protected":false},"excerpt":{"rendered":"<p>Planariniai rezistyviniai jutikliniai ekranai d\u0117l savo patikimo veikimo, prieinamos kainos ir ilgaam\u017ei\u0161kumo teb\u0117ra populiarus pasirinkimas \u012fvairioms programoms. Jie yra patikrintas ir ekonomi\u0161kas sprendimas jutikliniams ekranams, tod\u0117l yra vertingas turtas \u012fvairiose pramon\u0117s \u0161akose ir aplinkose.<\/p>","protected":false},"featured_media":1569,"template":"","meta":[],"product_cat":[41],"product_tag":[],"_links":{"self":[{"href":"https:\/\/touchscreenmfg.com\/lt\/wp-json\/wp\/v2\/product\/1627"}],"collection":[{"href":"https:\/\/touchscreenmfg.com\/lt\/wp-json\/wp\/v2\/product"}],"about":[{"href":"https:\/\/touchscreenmfg.com\/lt\/wp-json\/wp\/v2\/types\/product"}],"wp:featuredmedia":[{"embeddable":true,"href":"https:\/\/touchscreenmfg.com\/lt\/wp-json\/wp\/v2\/media\/1569"}],"wp:attachment":[{"href":"https:\/\/touchscreenmfg.com\/lt\/wp-json\/wp\/v2\/media?parent=1627"}],"wp:term":[{"taxonomy":"product_cat","embeddable":true,"href":"https:\/\/touchscreenmfg.com\/lt\/wp-json\/wp\/v2\/product_cat?post=1627"},{"taxonomy":"product_tag","embeddable":true,"href":"https:\/\/touchscreenmfg.com\/lt\/wp-json\/wp\/v2\/product_tag?post=1627"}],"curies":[{"name":"wp","href":"https:\/\/api.w.org\/{rel}","templated":true}]}}