{"id":1626,"date":"2024-06-29T01:13:20","date_gmt":"2024-06-29T01:13:20","guid":{"rendered":"https:\/\/touchscreenmfg.com\/?post_type=product&#038;p=1626"},"modified":"2024-06-29T02:10:54","modified_gmt":"2024-06-29T02:10:54","slug":"4-wire-resistive-touch-screens","status":"publish","type":"product","link":"https:\/\/touchscreenmfg.com\/lt\/4-wire-resistive-touch-screens\/","title":{"rendered":"4 laid\u0173 var\u017einiai jutikliniai ekranai"},"content":{"rendered":"<h2 class=\"\" data-sourcepos=\"4:1-4:104\">4 laid\u0173 var\u017einiai jutikliniai ekranai: Patikima ir ekonomi\u0161ka jutiklin\u0117 s\u0105veika interaktyvioms i\u0161kaboms<\/h2>\n<p data-sourcepos=\"6:1-6:51\">4 laid\u0173 var\u017einiai jutikliniai ekranai - tai patikrintas ir nebrangus sprendimas, leid\u017eiantis kurti \u012fdomius ir interaktyvius \u017eenklinimo sprendimus. \u0160iuose patvariuose jutikliniuose ekranuose naudojamas spaudimui jautrus sluoksnis, kuris reaguoja \u012f fizin\u012f kontakt\u0105, tod\u0117l su interaktyviaisiais ekranais galima intuityviai s\u0105veikauti.<\/p>\n<p data-sourcepos=\"8:1-8:51\"><strong>Pagrindin\u0117s 4 laid\u0173 var\u017eini\u0173 jutiklini\u0173 ekran\u0173 savyb\u0117s:<\/strong><\/p>\n<ul data-sourcepos=\"10:1-10:95\">\n<li data-sourcepos=\"10:1-10:95\">\n<p class=\"\" data-sourcepos=\"10:3-10:183\"><strong class=\"\">Tikslus ir jautrus jutiklinis atpa\u017einimas:<\/strong> 4 laid\u0173 rezistyviniai jutikliniai ekranai tiksliai atpa\u017e\u012fsta prisilietimus, tod\u0117l s\u0105veika su interaktyviosiomis nuorodomis yra tiksli ir greita.<\/p>\n<\/li>\n<li data-sourcepos=\"12:1-13:0\">\n<p data-sourcepos=\"12:3-12:175\"><strong>Patvari konstrukcija:<\/strong> Tvirta 4 laid\u0173 rezistyvini\u0173 jutiklini\u0173 ekran\u0173 konstrukcija yra atspari intensyviam naudojimui ir at\u0161iaurioms aplinkos s\u0105lygoms, tod\u0117l jie idealiai tinka vie\u0161osioms i\u0161kaboms.<\/p>\n<\/li>\n<li data-sourcepos=\"14:1-15:0\">\n<p data-sourcepos=\"14:3-14:170\"><strong>Ekonomi\u0161kas sprendimas:<\/strong> Palyginti su talpiniais jutikliniais ekranais, 4 laid\u0173 var\u017einiai jutikliniai ekranai yra prieinamesnis variantas, ypa\u010d didesni\u0173 dyd\u017ei\u0173 ekranams.<\/p>\n<\/li>\n<\/ul>\n<p data-sourcepos=\"16:1-16:51\"><strong>4 laid\u0173 var\u017eini\u0173 jutiklini\u0173 ekran\u0173 taikymas:<\/strong><\/p>\n<ul data-sourcepos=\"18:1-20:26\">\n<li data-sourcepos=\"18:1-19:0\">\n<p data-sourcepos=\"18:3-18:195\"><strong>Interaktyvios skaitmenin\u0117s i\u0161kabos:<\/strong> Keturi\u0173 laid\u0173 var\u017einiai jutikliniai ekranai pla\u010diai naudojami interaktyviosiose skaitmenin\u0117se i\u0161kabose, leid\u017eian\u010diose \u017ei\u016brovams dirbti su turiniu, atlikti pasirinkimus ir pasiekti informacij\u0105.<\/p>\n<\/li>\n<li data-sourcepos=\"20:1-20:26\">\n<p data-sourcepos=\"20:3-20:26\"><strong>Ma\u017emenin\u0117s prekybos ir vie\u0161bu\u010di\u0173 ekspozicijos:<\/strong> Ma\u017emenin\u0117je prekyboje ir vie\u0161bu\u010diuose 4 laid\u0173 var\u017einiai jutikliniai ekranai patobulina savitarnos kioskus, kad klientai gal\u0117t\u0173 lengvai per\u017ei\u016br\u0117ti produktus, pateikti u\u017esakymus ir atlikti mok\u0117jimus.<\/p>\n<\/li>\n<li data-sourcepos=\"22:1-23:0\">\n<p data-sourcepos=\"22:3-22:194\"><strong>Visuomen\u0117s informavimo kioskai:<\/strong> 4 laid\u0173 var\u017einiai jutikliniai ekranai palengvina interaktyvi\u0173j\u0173 vie\u0161osios informacijos kiosk\u0173 darb\u0105, suteikdami lankytojams lengv\u0105 prieig\u0105 prie \u017eem\u0117lapi\u0173, \u017einyn\u0173 ir kitos informacijos.<\/p>\n<\/li>\n<li data-sourcepos=\"24:1-25:0\">\n<p data-sourcepos=\"24:3-24:196\"><strong>Muziej\u0173 ir parod\u0173 ekspozicijos:<\/strong> 4 laid\u0173 var\u017einiai jutikliniai ekranai patobulina muziej\u0173 ir parod\u0173 ekranus, tod\u0117l lankytojai gali interaktyviai tyrin\u0117ti eksponatus ir daugiau su\u017einoti apie eksponatus.<\/p>\n<\/li>\n<\/ul>","protected":false},"excerpt":{"rendered":"<p>4 laid\u0173 rezistyviniai jutikliniai ekranai d\u0117l patikimo veikimo, prieinamos kainos ir patvarumo teb\u0117ra populiarus interaktyvi\u0173j\u0173 \u017eenkl\u0173 pasirinkimas. Jie yra patikrintas ir ekonomi\u0161kas sprendimas jutikliniams ekranams, tod\u0117l yra vertinga priemon\u0117 \u012fvairioms i\u0161kab\u0173 programoms.<\/p>","protected":false},"featured_media":1546,"template":"","meta":[],"product_cat":[41],"product_tag":[],"_links":{"self":[{"href":"https:\/\/touchscreenmfg.com\/lt\/wp-json\/wp\/v2\/product\/1626"}],"collection":[{"href":"https:\/\/touchscreenmfg.com\/lt\/wp-json\/wp\/v2\/product"}],"about":[{"href":"https:\/\/touchscreenmfg.com\/lt\/wp-json\/wp\/v2\/types\/product"}],"wp:featuredmedia":[{"embeddable":true,"href":"https:\/\/touchscreenmfg.com\/lt\/wp-json\/wp\/v2\/media\/1546"}],"wp:attachment":[{"href":"https:\/\/touchscreenmfg.com\/lt\/wp-json\/wp\/v2\/media?parent=1626"}],"wp:term":[{"taxonomy":"product_cat","embeddable":true,"href":"https:\/\/touchscreenmfg.com\/lt\/wp-json\/wp\/v2\/product_cat?post=1626"},{"taxonomy":"product_tag","embeddable":true,"href":"https:\/\/touchscreenmfg.com\/lt\/wp-json\/wp\/v2\/product_tag?post=1626"}],"curies":[{"name":"wp","href":"https:\/\/api.w.org\/{rel}","templated":true}]}}