{"id":1625,"date":"2024-06-29T01:12:48","date_gmt":"2024-06-29T01:12:48","guid":{"rendered":"https:\/\/touchscreenmfg.com\/?post_type=product&#038;p=1625"},"modified":"2024-06-29T02:14:44","modified_gmt":"2024-06-29T02:14:44","slug":"5-wire-resistive-touch-screens","status":"publish","type":"product","link":"https:\/\/touchscreenmfg.com\/lt\/5-wire-resistive-touch-screens\/","title":{"rendered":"5 laid\u0173 var\u017einiai jutikliniai ekranai"},"content":{"rendered":"<h2 class=\"\" data-sourcepos=\"1:1-1:95\">5 laid\u0173 var\u017einiai jutikliniai ekranai: Interaktyvi\u0173 i\u0161mani\u0173j\u0173 lent\u0173 ir ekran\u0173 ilgaam\u017ei\u0161kumas: padidintas interaktyvi\u0173j\u0173 i\u0161mani\u0173j\u0173 lent\u0173 ir ekran\u0173 ilgaam\u017ei\u0161kumas<\/h2>\n<p data-sourcepos=\"3:1-3:87\">5 laid\u0173 var\u017einiai jutikliniai ekranai pagerina interaktyvi\u0173j\u0173 i\u0161mani\u0173j\u0173 lent\u0173 ir ekran\u0173 jutiklin\u0117s s\u0105veikos patirt\u012f, nes yra patvaresni, tikslesni ir pigesni. \u0160iuose pa\u017eangiuose jutikliniuose ekranuose naudojama unikali konstrukcija su papildomu jutikliniu laidu, tod\u0117l jie turi kelet\u0105 privalum\u0173, palyginti su tradiciniais 4 laid\u0173 var\u017einiais jutikliniais ekranais.<\/p>\n<p data-sourcepos=\"5:1-5:51\"><strong>Pagrindin\u0117s 5 laid\u0173 var\u017eini\u0173 jutiklini\u0173 ekran\u0173 savyb\u0117s:<\/strong><\/p>\n<ul data-sourcepos=\"7:1-7:60\">\n<li data-sourcepos=\"7:1-7:60\">\n<p data-sourcepos=\"7:3-7:199\"><strong>Puikus patvarumas:<\/strong> Penki\u0173 laid\u0173 rezistyvini\u0173 jutiklini\u0173 ekran\u0173 papildomas jutimo laidas padidina j\u0173 ilgaam\u017ei\u0161kum\u0105, tod\u0117l jie yra atspar\u016bs \u012fbr\u0117\u017eimams ir ne\u0161varumams, tod\u0117l idealiai tinka didelio eismo intensyvumo aplinkai.<\/p>\n<\/li>\n<li data-sourcepos=\"9:1-9:45\">\n<p data-sourcepos=\"9:3-9:45\"><strong>Suma\u017eintas kra\u0161t\u0173 i\u0161kraipymas:<\/strong> Papildoma viela padeda kompensuoti kra\u0161t\u0173 i\u0161kraipymus, kurie yra da\u017ena didesni\u0173 interaktyvi\u0173j\u0173 ekran\u0173 problema, ir u\u017etikrina pastov\u0173 lietimo tikslum\u0105 visame ekrane.<\/p>\n<\/li>\n<li data-sourcepos=\"11:1-12:0\">\n<p data-sourcepos=\"11:3-11:164\"><strong>Stabilus veikimas:<\/strong> 5 laid\u0173 rezistyviniai jutikliniai ekranai u\u017etikrina stabil\u0173 veikim\u0105 net ir sud\u0117tingoje aplinkoje, pvz., esant dideliam aplinkos ap\u0161vietimui ar dulk\u0117ms.<\/p>\n<\/li>\n<li data-sourcepos=\"13:1-14:0\">\n<p data-sourcepos=\"13:3-13:167\"><strong>Ekonomi\u0161kas sprendimas:<\/strong> Palyginti su talpiniais jutikliniais ekranais, 5 laid\u0173 var\u017einiai jutikliniai ekranai yra ekonomi\u0161kesnis sprendimas dideliems interaktyviems ekranams.<\/p>\n<\/li>\n<\/ul>\n<p data-sourcepos=\"15:1-15:51\"><strong>5 laid\u0173 var\u017eini\u0173 jutiklini\u0173 ekran\u0173 taikymas:<\/strong><\/p>\n<ul data-sourcepos=\"17:1-24:0\">\n<li data-sourcepos=\"17:1-18:0\">\n<p data-sourcepos=\"17:3-17:212\"><strong>Interaktyvios i\u0161maniosios lentos:<\/strong> 5 laid\u0173 var\u017einiai jutikliniai ekranai idealiai tinka interaktyviosioms i\u0161maniosioms lentoms, naudojamoms klas\u0117se, konferencij\u0173 sal\u0117se ir mokymo centruose, kad b\u016bt\u0173 galima mokytis bendradarbiaujant ir rengti pristatymus.<\/p>\n<\/li>\n<li data-sourcepos=\"19:1-20:0\">\n<p data-sourcepos=\"19:3-19:225\"><strong>Skaitmenin\u0117s i\u0161kabos ir kioskai:<\/strong> Ma\u017emenin\u0117je prekyboje, vie\u0161bu\u010diuose ir vie\u0161osiose erdv\u0117se 5 laid\u0173 var\u017einiai jutikliniai ekranai patobulina skaitmenines i\u0161kabas ir kioskus, kad naudotojai gal\u0117t\u0173 s\u0105veikauti su turiniu, atlikti pasirinkimus ir pasiekti informacij\u0105.<\/p>\n<\/li>\n<li data-sourcepos=\"21:1-22:0\">\n<p data-sourcepos=\"21:3-21:179\"><strong>Pramon\u0117s valdymo sistemos:<\/strong> 5 laid\u0173 var\u017einiai jutikliniai ekranai yra patikimas ir patvarus sprendimas, skirtas ma\u0161inoms valdyti ir procesams steb\u0117ti pramonin\u0117je aplinkoje.<\/p>\n<\/li>\n<li data-sourcepos=\"23:1-24:0\">\n<p data-sourcepos=\"23:3-23:193\"><strong>Medicinin\u0117s vaizdavimo sistemos:<\/strong> D\u0117l 5 laid\u0173 rezistyvini\u0173 jutiklini\u0173 ekran\u0173 ilgaam\u017ei\u0161kumo ir tikslumo jie tinka medicinini\u0173 vaizd\u0173 apdorojimo sistemoms, kad gydytojai gal\u0117t\u0173 tiksliai valdyti vaizdus.<\/p>\n<\/li>\n<\/ul>","protected":false},"excerpt":{"rendered":"<p>5 laid\u0173 var\u017einiai jutikliniai ekranai pasi\u017eymi \u012ftikinamu patvarumo, tikslumo ir prieinamumo deriniu, tod\u0117l yra geriausias pasirinkimas \u012fvairioms interaktyviosioms i\u0161maniosioms lentoms ir ekranams. Jie yra patikimas ir ekonomi\u0161kas jutiklini\u0173 ekran\u0173 sprendimas, didinantis naudotoj\u0173 \u012fsitraukim\u0105 ir produktyvum\u0105 \u012fvairiose aplinkose.<\/p>","protected":false},"featured_media":1548,"template":"","meta":[],"product_cat":[41],"product_tag":[],"_links":{"self":[{"href":"https:\/\/touchscreenmfg.com\/lt\/wp-json\/wp\/v2\/product\/1625"}],"collection":[{"href":"https:\/\/touchscreenmfg.com\/lt\/wp-json\/wp\/v2\/product"}],"about":[{"href":"https:\/\/touchscreenmfg.com\/lt\/wp-json\/wp\/v2\/types\/product"}],"wp:featuredmedia":[{"embeddable":true,"href":"https:\/\/touchscreenmfg.com\/lt\/wp-json\/wp\/v2\/media\/1548"}],"wp:attachment":[{"href":"https:\/\/touchscreenmfg.com\/lt\/wp-json\/wp\/v2\/media?parent=1625"}],"wp:term":[{"taxonomy":"product_cat","embeddable":true,"href":"https:\/\/touchscreenmfg.com\/lt\/wp-json\/wp\/v2\/product_cat?post=1625"},{"taxonomy":"product_tag","embeddable":true,"href":"https:\/\/touchscreenmfg.com\/lt\/wp-json\/wp\/v2\/product_tag?post=1625"}],"curies":[{"name":"wp","href":"https:\/\/api.w.org\/{rel}","templated":true}]}}