{"id":1624,"date":"2024-06-29T01:09:51","date_gmt":"2024-06-29T01:09:51","guid":{"rendered":"https:\/\/touchscreenmfg.com\/?post_type=product&#038;p=1624"},"modified":"2024-06-29T02:07:12","modified_gmt":"2024-06-29T02:07:12","slug":"8-wire-resistive-touch-screens","status":"publish","type":"product","link":"https:\/\/touchscreenmfg.com\/lt\/8-wire-resistive-touch-screens\/","title":{"rendered":"8 laid\u0173 var\u017einiai jutikliniai ekranai"},"content":{"rendered":"<h2 class=\"\" data-sourcepos=\"1:1-1:78\">8 laid\u0173 var\u017einiai jutikliniai ekranai: Didesnis jutiklini\u0173 monitori\u0173 ekran\u0173 tikslumas<\/h2>\n<p data-sourcepos=\"3:1-3:106\">8 laid\u0173 var\u017einiai jutikliniai ekranai pagerina jutiklini\u0173 monitori\u0173 s\u0105veikos su jutikliniais ekranais patirt\u012f, nes u\u017etikrina didesn\u012f tikslum\u0105, ilgaam\u017ei\u0161kum\u0105 ir prieinamum\u0105. \u0160iuose pa\u017eangiuose jutikliniuose ekranuose naudojama unikali konstrukcija su papildomais jutikliniais laidais, tod\u0117l jie turi kelet\u0105 privalum\u0173, palyginti su tradiciniais 4 laid\u0173 var\u017einiais jutikliniais ekranais.<\/p>\n<p data-sourcepos=\"5:1-5:51\"><strong>Pagrindin\u0117s 8 laid\u0173 var\u017eini\u0173 jutiklini\u0173 ekran\u0173 savyb\u0117s:<\/strong><\/p>\n<ul data-sourcepos=\"7:1-7:94\">\n<li data-sourcepos=\"7:1-7:94\">\n<p data-sourcepos=\"7:3-7:186\"><strong>Didelis tikslumas:<\/strong> 8 laid\u0173 rezistiniuose jutikliniuose ekranuose esantys papildomi jutimo laidai leid\u017eia tiksliau aptikti prisilietimus, tod\u0117l jutiklinis vaizdas yra tikslesnis ir jautresnis.<\/p>\n<\/li>\n<li data-sourcepos=\"9:1-9:103\">\n<p data-sourcepos=\"9:3-9:103\"><strong>Suma\u017eintas kra\u0161t\u0173 i\u0161kraipymas:<\/strong> Papildomi laidai padeda kompensuoti kra\u0161t\u0173 i\u0161kraipymus, kurie yra da\u017ena didesni\u0173 jutiklini\u0173 ekran\u0173 monitori\u0173 problema, ir u\u017etikrina vienod\u0105 lietimo tikslum\u0105 visame ekrane.<\/p>\n<\/li>\n<li data-sourcepos=\"11:1-12:0\">\n<p data-sourcepos=\"11:3-11:164\"><strong>Stabilus veikimas:<\/strong> 8 laid\u0173 rezistyviniai jutikliniai ekranai u\u017etikrina stabil\u0173 veikim\u0105 net ir sud\u0117tingoje aplinkoje, pvz., esant dideliam aplinkos ap\u0161vietimui ar dulk\u0117ms.<\/p>\n<\/li>\n<li data-sourcepos=\"13:1-14:0\">\n<p data-sourcepos=\"13:3-13:168\"><strong>Ekonomi\u0161kas sprendimas:<\/strong> Palyginti su talpiniais jutikliniais ekranais, 8 laid\u0173 var\u017einiai jutikliniai ekranai yra ekonomi\u0161kesnis sprendimas dideliems jutikliniams monitoriams.<\/p>\n<\/li>\n<\/ul>\n<p data-sourcepos=\"15:1-15:51\"><strong>8 laid\u0173 var\u017eini\u0173 jutiklini\u0173 ekran\u0173 taikymas:<\/strong><\/p>\n<ul data-sourcepos=\"17:1-17:32\">\n<li data-sourcepos=\"17:1-17:32\">\n<p class=\"\" data-sourcepos=\"17:3-17:213\"><strong class=\"\">Interaktyv\u016bs plok\u0161ti skydai:<\/strong> 8 laid\u0173 var\u017einiai jutikliniai ekranai idealiai tinka interaktyviems plok\u0161\u010diesiems ekranams, naudojamiems konferencij\u0173 sal\u0117se, klas\u0117se ir vie\u0161osiose erdv\u0117se, kad b\u016bt\u0173 galima skland\u017eiai bendradarbiauti ir dalytis informacija.<\/p>\n<\/li>\n<li data-sourcepos=\"19:1-20:0\">\n<p data-sourcepos=\"19:3-19:180\"><strong>Pramon\u0117s valdymo sistemos:<\/strong> Pramon\u0117je 8 laid\u0173 var\u017einiai jutikliniai ekranai yra patikimas ir patvarus sprendimas ma\u0161inoms valdyti ir procesams steb\u0117ti.<\/p>\n<\/li>\n<li data-sourcepos=\"21:1-22:0\">\n<p data-sourcepos=\"21:3-21:217\"><strong>Ma\u017emenin\u0117s prekybos ir svetingumo kioskai:<\/strong> 8 laid\u0173 var\u017einiai jutikliniai ekranai pagerina savitarnos kioskus ma\u017emenin\u0117s prekybos ir vie\u0161bu\u010di\u0173 aplinkoje, kad klientai gal\u0117t\u0173 lengvai pasiekti informacij\u0105, pateikti u\u017esakymus ir atlikti mok\u0117jimus.<\/p>\n<\/li>\n<li data-sourcepos=\"23:1-24:0\">\n<p data-sourcepos=\"23:3-23:208\"><strong>Mokomosios ekspozicijos:<\/strong> 8 laid\u0173 var\u017einiai jutikliniai ekranai palengvina interaktyv\u0173 mokym\u0105si \u0161vietimo \u012fstaigose, \u012ftraukia moksleivius \u012f lietimu pagr\u012fst\u0105 veikl\u0105 ir pagerina j\u0173 supratim\u0105.<\/p>\n<\/li>\n<\/ul>","protected":false},"excerpt":{"rendered":"<p>8 laid\u0173 var\u017einiai jutikliniai ekranai pasi\u017eymi \u012ftikinamu tikslumo, patvarumo ir prieinamumo deriniu, tod\u0117l jie yra geriausias pasirinkimas \u012fvairioms jutiklini\u0173 monitori\u0173 programoms. Jie yra patikimas ir ekonomi\u0161kas interaktyvi\u0173j\u0173 ekran\u0173 sprendimas, didinantis naudotoj\u0173 \u012fsitraukim\u0105 ir produktyvum\u0105 \u012fvairiose aplinkose.<\/p>","protected":false},"featured_media":1550,"template":"","meta":[],"product_cat":[41],"product_tag":[],"_links":{"self":[{"href":"https:\/\/touchscreenmfg.com\/lt\/wp-json\/wp\/v2\/product\/1624"}],"collection":[{"href":"https:\/\/touchscreenmfg.com\/lt\/wp-json\/wp\/v2\/product"}],"about":[{"href":"https:\/\/touchscreenmfg.com\/lt\/wp-json\/wp\/v2\/types\/product"}],"wp:featuredmedia":[{"embeddable":true,"href":"https:\/\/touchscreenmfg.com\/lt\/wp-json\/wp\/v2\/media\/1550"}],"wp:attachment":[{"href":"https:\/\/touchscreenmfg.com\/lt\/wp-json\/wp\/v2\/media?parent=1624"}],"wp:term":[{"taxonomy":"product_cat","embeddable":true,"href":"https:\/\/touchscreenmfg.com\/lt\/wp-json\/wp\/v2\/product_cat?post=1624"},{"taxonomy":"product_tag","embeddable":true,"href":"https:\/\/touchscreenmfg.com\/lt\/wp-json\/wp\/v2\/product_tag?post=1624"}],"curies":[{"name":"wp","href":"https:\/\/api.w.org\/{rel}","templated":true}]}}