{"id":1621,"date":"2024-06-29T01:06:11","date_gmt":"2024-06-29T01:06:11","guid":{"rendered":"https:\/\/touchscreenmfg.com\/manufacturer\/pdp-display-cover-glass\/"},"modified":"2024-06-29T02:20:27","modified_gmt":"2024-06-29T02:20:27","slug":"pdp-display-cover-glass","status":"publish","type":"product","link":"https:\/\/touchscreenmfg.com\/lt\/pdp-display-cover-glass\/","title":{"rendered":"PDP ekrano dangtelio stiklas"},"content":{"rendered":"<p data-sourcepos=\"3:1-3:86\"><strong>Apsaugokite PDP ekran\u0105 nuo \u012fbr\u0117\u017eim\u0173, atspind\u017ei\u0173 ir pa\u017eeidim\u0173<\/strong><\/p>\n<p data-sourcepos=\"5:1-5:157\">\"PDP Display Cover Glass\" yra apsauginis sluoksnis, specialiai sukurtas PDP \u017eaidim\u0173 \u012frengini\u0173 ekranui. Jis gali pasi\u017eym\u0117ti \u0161iomis savyb\u0117mis:<\/p>\n<ul data-sourcepos=\"7:1-7:36\">\n<li data-sourcepos=\"7:1-7:36\">\n<p class=\"\" data-sourcepos=\"7:3-7:285\"><strong class=\"\">Atsparumas \u012fbr\u0117\u017eimams ir sm\u016bgiams:<\/strong> Kaip ir gr\u016bdinto stiklo ekrano apsauga, PDP ekrano apsauginis stiklas apsaugo ekran\u0105 nuo \u012fbr\u0117\u017eim\u0173, \u012fbr\u0117\u017eim\u0173 ir atsitiktini\u0173 sm\u016bgi\u0173. Tai ypa\u010d svarbu ne\u0161iojamiesiems \u017eaidim\u0173 \u012frenginiams, kurie yra labiau link\u0119 \u012f sm\u016bgius ir kritimus.<\/p>\n<\/li>\n<li data-sourcepos=\"9:1-10:0\">\n<p data-sourcepos=\"9:3-9:168\"><strong>Didesnis ai\u0161kumas:<\/strong> Auk\u0161tos kokyb\u0117s PDP ekrano dangtelio stiklas tur\u0117t\u0173 i\u0161laikyti puik\u0173 optin\u012f skaidrum\u0105 ir u\u017etikrinti, kad \u017eaidim\u0173 vaizdas i\u0161likt\u0173 ry\u0161kus ir nei\u0161kraipytas.<\/p>\n<\/li>\n<li data-sourcepos=\"11:1-12:0\">\n<p data-sourcepos=\"11:3-11:242\"><strong>Atsparumas akinimui:<\/strong> Jei PDP \u017eaidim\u0173 \u012frenginio ekranas yra blizgus, atsparus atspind\u017eiams PDP ekrano dengiamasis stiklas gali pad\u0117ti suma\u017einti aplinkos \u0161viesos \u0161altini\u0173 atspind\u017eius ir pagerinti ekrano matomum\u0105, ypa\u010d ry\u0161kiai ap\u0161viestoje aplinkoje.<\/p>\n<\/li>\n<li data-sourcepos=\"13:1-13:44\">\n<p data-sourcepos=\"13:3-13:44\"><strong>Suderinamumas su jutikliniais \u012frenginiais:<\/strong> Jei PDP \u017eaidim\u0173 \u012frenginys turi jutiklin\u012f ekran\u0105, apsauginis stiklas tur\u0117t\u0173 b\u016bti suprojektuotas taip, kad b\u016bt\u0173 suderinamas su jutikliniu ekranu ir u\u017etikrint\u0173 skland\u017ei\u0105 s\u0105veik\u0105 su jutikliniu ekranu.<\/p>\n<\/li>\n<\/ul>","protected":false},"excerpt":{"rendered":"<p>\"PDP Display Cover Glass\" gali b\u016bti vertingas priedas \u017eaid\u0117jams, norintiems apsaugoti savo \u012frenginio ekran\u0105 ir i\u0161laikyti optimali\u0105 \u017eaidim\u0173 patirt\u012f.<\/p>","protected":false},"featured_media":1582,"template":"","meta":[],"product_cat":[15],"product_tag":[],"_links":{"self":[{"href":"https:\/\/touchscreenmfg.com\/lt\/wp-json\/wp\/v2\/product\/1621"}],"collection":[{"href":"https:\/\/touchscreenmfg.com\/lt\/wp-json\/wp\/v2\/product"}],"about":[{"href":"https:\/\/touchscreenmfg.com\/lt\/wp-json\/wp\/v2\/types\/product"}],"wp:featuredmedia":[{"embeddable":true,"href":"https:\/\/touchscreenmfg.com\/lt\/wp-json\/wp\/v2\/media\/1582"}],"wp:attachment":[{"href":"https:\/\/touchscreenmfg.com\/lt\/wp-json\/wp\/v2\/media?parent=1621"}],"wp:term":[{"taxonomy":"product_cat","embeddable":true,"href":"https:\/\/touchscreenmfg.com\/lt\/wp-json\/wp\/v2\/product_cat?post=1621"},{"taxonomy":"product_tag","embeddable":true,"href":"https:\/\/touchscreenmfg.com\/lt\/wp-json\/wp\/v2\/product_tag?post=1621"}],"curies":[{"name":"wp","href":"https:\/\/api.w.org\/{rel}","templated":true}]}}