{"id":1620,"date":"2024-06-29T01:06:11","date_gmt":"2024-06-29T01:06:11","guid":{"rendered":"https:\/\/touchscreenmfg.com\/manufacturer\/anti-reflective-glass\/"},"modified":"2024-06-29T02:25:34","modified_gmt":"2024-06-29T02:25:34","slug":"anti-reflective-glass","status":"publish","type":"product","link":"https:\/\/touchscreenmfg.com\/lt\/anti-reflective-glass\/","title":{"rendered":"Nuo atspind\u017ei\u0173 apsaugantis stiklas"},"content":{"rendered":"<h2 class=\"\" data-sourcepos=\"1:1-1:93\">Antirefleksinis stiklas: Padidina skaidrum\u0105 ir suma\u017eina atspind\u017eius, kad vaizdas b\u016bt\u0173 ry\u0161kesnis, ir taip u\u017etikrina puiki\u0105 reg\u0117jimo patirt\u012f.<\/h2>\n<p data-sourcepos=\"3:1-3:52\">Antirefleksinis stiklas, dar vadinamas antirefleksiniu stiklu arba neatspindin\u010diu stiklu, - tai stiklas, padengtas specialia danga, kuri suma\u017eina atspind\u017eius ir pagerina \u0161viesos pralaidum\u0105. \u0160i danga sutrikdo \u0161viesos bang\u0173 atspind\u0117jim\u0105, tod\u0117l suma\u017e\u0117ja nepageidaujam\u0173 atspind\u017ei\u0173 ir atspind\u017ei\u0173, kurie gali trukdyti ai\u0161kiai matyti vaizd\u0105.<\/p>\n<p data-sourcepos=\"5:1-5:42\"><strong>Pagrindin\u0117s antirefleksinio stiklo savyb\u0117s:<\/strong><\/p>\n<ul data-sourcepos=\"7:1-7:23\">\n<li data-sourcepos=\"7:1-7:23\">\n<p data-sourcepos=\"7:3-7:165\"><strong>Didesnis ai\u0161kumas:<\/strong> AR stiklas gerokai suma\u017eina pavir\u0161iaus atspind\u017eius, tod\u0117l u\u017e stiklo esantys objektai ar vaizdai matomi ai\u0161kiau ir tiksliau.<\/p>\n<\/li>\n<li data-sourcepos=\"9:1-9:46\">\n<p data-sourcepos=\"9:3-9:46\"><strong>Ma\u017eesnis aki\u0173 \u012ftempimas:<\/strong> AR stiklas suma\u017eina akinimo efekt\u0105, tod\u0117l suma\u017e\u0117ja aki\u0173 \u012ftampa, tod\u0117l patogiau ilgesn\u012f laik\u0105 \u017ei\u016br\u0117ti \u012f ekranus, ekranus ir kitus stiklinius pavir\u0161ius.<\/p>\n<\/li>\n<li data-sourcepos=\"11:1-12:0\">\n<p data-sourcepos=\"11:3-11:135\"><strong>Geresn\u0117 vaizdo kokyb\u0117:<\/strong> AR stiklas pagerina bendr\u0105 vaizdo kokyb\u0119, nes suma\u017eina atspind\u017eius, kurie gali i\u0161kraipyti arba u\u017ego\u017eti vaizd\u0105.<\/p>\n<\/li>\n<\/ul>\n<p data-sourcepos=\"13:1-13:42\"><strong>Nuo atspind\u017ei\u0173 apsaugan\u010dio stiklo pritaikymas:<\/strong><\/p>\n<ul data-sourcepos=\"15:1-17:28\">\n<li data-sourcepos=\"15:1-16:0\">\n<p data-sourcepos=\"15:3-15:165\"><strong>Akiniai:<\/strong> AR dangos paprastai naudojamos akiniuose ir akiniuose nuo saul\u0117s, kad suma\u017eint\u0173 saul\u0117s \u0161viesos, \u017eibint\u0173 ir kit\u0173 \u0161altini\u0173 atspind\u017eius, pagerint\u0173 reg\u0117jim\u0105 ir komfort\u0105.<\/p>\n<\/li>\n<li data-sourcepos=\"17:1-17:28\">\n<p data-sourcepos=\"17:3-17:28\"><strong>Elektroniniai prietaisai:<\/strong> AR stiklas pla\u010diai naudojamas i\u0161maniuosiuose telefonuose, plan\u0161etiniuose kompiuteriuose, ne\u0161iojamuosiuose kompiuteriuose ir kituose elektroniniuose prietaisuose, kad padidint\u0173 ekrano ai\u0161kum\u0105 ir suma\u017eint\u0173 aki\u0173 \u012ftamp\u0105.<\/p>\n<\/li>\n<li data-sourcepos=\"19:1-20:0\">\n<p data-sourcepos=\"19:3-19:163\"><strong>Muziej\u0173 ir galerij\u0173 ekspozicijos:<\/strong> AR stiklas naudojamas muziej\u0173 ir galerij\u0173 ekspozicijose, kad apsaugot\u0173 meno k\u016brinius nuo atspind\u017ei\u0173 ir lankytojams b\u016bt\u0173 ai\u0161kesnis vaizdas.<\/p>\n<\/li>\n<li data-sourcepos=\"21:1-22:0\">\n<p data-sourcepos=\"21:3-21:157\"><strong>Architekt\u016brin\u0117s programos:<\/strong> AR stiklas gali b\u016bti naudojamas languose, stoglangiuose ir kituose architekt\u016briniuose elementuose, siekiant suma\u017einti akinim\u0105 ir pagerinti energijos vartojimo efektyvum\u0105.<\/p>\n<\/li>\n<\/ul>\n<p data-sourcepos=\"23:1-23:316\"><strong>Antirefleksinis gr\u016bdintas stiklas<\/strong> tai AR stiklo tipas, kuris taip pat yra sustiprintas gr\u016bdinimo b\u016bdu, tod\u0117l yra atsparesnis du\u017eimui ir \u012fbr\u0117\u017eimams. \u0160is antirefleksini\u0173 ir apsaugini\u0173 savybi\u0173 derinys yra idealus pasirinkimas tais atvejais, kai labai svarbu ir skaidrumas, ir patvarumas.<\/p>\n<p data-sourcepos=\"25:1-25:141\"><strong>Antirefleksinis stiklas<\/strong> tai kitas antirefleksinio stiklo terminas. Jis da\u017enai vartojamas pakaitomis su \"AR stiklu\" ir \"neatspindin\u010diu stiklu\".<\/p>","protected":false},"excerpt":{"rendered":"<p>Antirefleksinis stiklas yra vertinga technologija, teikianti didel\u0119 naud\u0105 \u012fvairiose srityse. Ji didina ai\u0161kum\u0105, ma\u017eina atspind\u017eius ir gerina estetin\u012f vaizd\u0105, tod\u0117l j\u0105 verta rinktis tais atvejais, kai labai svarbu u\u017etikrinti optimal\u0173 matomum\u0105 ir naudotojo patirt\u012f.<\/p>","protected":false},"featured_media":1581,"template":"","meta":[],"product_cat":[15],"product_tag":[],"_links":{"self":[{"href":"https:\/\/touchscreenmfg.com\/lt\/wp-json\/wp\/v2\/product\/1620"}],"collection":[{"href":"https:\/\/touchscreenmfg.com\/lt\/wp-json\/wp\/v2\/product"}],"about":[{"href":"https:\/\/touchscreenmfg.com\/lt\/wp-json\/wp\/v2\/types\/product"}],"wp:featuredmedia":[{"embeddable":true,"href":"https:\/\/touchscreenmfg.com\/lt\/wp-json\/wp\/v2\/media\/1581"}],"wp:attachment":[{"href":"https:\/\/touchscreenmfg.com\/lt\/wp-json\/wp\/v2\/media?parent=1620"}],"wp:term":[{"taxonomy":"product_cat","embeddable":true,"href":"https:\/\/touchscreenmfg.com\/lt\/wp-json\/wp\/v2\/product_cat?post=1620"},{"taxonomy":"product_tag","embeddable":true,"href":"https:\/\/touchscreenmfg.com\/lt\/wp-json\/wp\/v2\/product_tag?post=1620"}],"curies":[{"name":"wp","href":"https:\/\/api.w.org\/{rel}","templated":true}]}}