{"id":1619,"date":"2024-06-29T01:06:11","date_gmt":"2024-06-29T01:06:11","guid":{"rendered":"https:\/\/touchscreenmfg.com\/manufacturer\/aio-pc-cover-glass\/"},"modified":"2024-06-29T02:32:50","modified_gmt":"2024-06-29T02:32:50","slug":"aio-pc-cover-glass","status":"publish","type":"product","link":"https:\/\/touchscreenmfg.com\/lt\/aio-pc-cover-glass\/","title":{"rendered":"AIO kompiuterio dang\u010dio stiklas"},"content":{"rendered":"<h2 class=\"\" data-sourcepos=\"3:1-3:89\">AIO kompiuterio dangtelio stiklas: Padidinkite savo AIO kompiuterio estetik\u0105, naudodami eleganti\u0161k\u0105 ir stiling\u0105 apsaug\u0105<\/h2>\n<p data-sourcepos=\"5:1-5:54\">AIO kompiuterio dang\u010dio stiklas, dar \u017einomas kaip 3D dang\u010dio stiklas, yra auk\u0161\u010diausios kokyb\u0117s stiklo plok\u0161t\u0117, skirta pagerinti \"All-in-One\" (AIO) kompiuterio i\u0161vaizd\u0105 ir j\u012f apsaugoti. \u0160ie stilingi stikliniai dangteliai pasi\u017eymi unikaliu estetinio patrauklumo ir funkcini\u0173 privalum\u0173 deriniu, tod\u0117l j\u016bs\u0173 AIO kompiuteris taps centrine j\u016bs\u0173 darbo vietos ar nam\u0173 pramog\u0173 \u012frangos dalimi.<\/p>\n<p data-sourcepos=\"7:1-7:39\"><strong>Pagrindin\u0117s savyb\u0117s :<\/strong><\/p>\n<ul data-sourcepos=\"9:1-9:9\">\n<li data-sourcepos=\"9:1-9:9\">\n<p data-sourcepos=\"9:3-9:199\"><strong>Eleganti\u0161kas ir modernus dizainas:<\/strong> AIO kompiuterio dangtelis \"Glass\" pasi\u017eymi eleganti\u0161ku ir moderniu dizainu, kuris papildo minimalistin\u0119 AIO kompiuteri\u0173 estetik\u0105, suteikdamas j\u016bs\u0173 s\u0105rangai elegancijos ir rafinuotumo.<\/p>\n<\/li>\n<li data-sourcepos=\"11:1-12:0\">\n<p data-sourcepos=\"11:3-11:189\"><strong>Patobulintas vizualinis patrauklumas:<\/strong> Permatomas stiklas leid\u017eia i\u0161ry\u0161kinti AIO kompiuterio vidinius komponentus, tod\u0117l sukuriamas vizualiai stulbinantis efektas, kuriame atsiskleid\u017eia viduje esan\u010dios technologijos.<\/p>\n<\/li>\n<li data-sourcepos=\"13:1-13:125\">\n<p data-sourcepos=\"13:3-13:125\"><strong>3D kra\u0161t\u0173 dizainas:<\/strong> Daugelyje AIO kompiuterio dangtelio stiklo plok\u0161\u010di\u0173 yra 3D kra\u0161t\u0173 dizainas, kuris dailiai i\u0161lenkia AIO kompiuterio kra\u0161tus ir suteikia skland\u017ei\u0105 bei rafinuot\u0105 i\u0161vaizd\u0105.<\/p>\n<\/li>\n<li data-sourcepos=\"15:1-16:0\">\n<p data-sourcepos=\"15:3-15:211\"><strong>Atsparumas \u012fbr\u0117\u017eimams ir sm\u016bgiams:<\/strong> Paprastai jis gaminamas i\u0161 gr\u016bdinto stiklo, kuris yra labai atsparus \u012fbr\u0117\u017eimams, sm\u016bgiams ir pir\u0161t\u0173 atspaudams, tod\u0117l u\u017etikrina ilgalaik\u0119 AIO kompiuterio apsaug\u0105.<\/p>\n<\/li>\n<\/ul>\n<p data-sourcepos=\"17:1-17:39\"><strong>Parai\u0161kos:<\/strong><\/p>\n<ul data-sourcepos=\"19:1-24:0\">\n<li data-sourcepos=\"19:1-20:0\">\n<p data-sourcepos=\"19:3-19:171\"><strong>AIO kompiuteriai:<\/strong> AIO kompiuterio dangtelio stiklas yra specialiai sukurtas AIO kompiuteriams, tod\u0117l puikiai priglunda ir pagerina bendr\u0105 \u0161i\u0173 kompakti\u0161k\u0173 stalini\u0173 kompiuteri\u0173 i\u0161vaizd\u0105.<\/p>\n<\/li>\n<li data-sourcepos=\"21:1-22:0\">\n<p data-sourcepos=\"21:3-21:207\"><strong>Nam\u0173 pramog\u0173 centrai:<\/strong> AIO kompiuteriai da\u017enai naudojami kaip nam\u0173 pramog\u0173 centr\u0173 dalis, o tai gali padidinti \u0161i\u0173 \u012frengini\u0173 estetin\u012f patrauklum\u0105 ir paversti juos pagrindiniu kambario akcentu.<\/p>\n<\/li>\n<li data-sourcepos=\"23:1-24:0\">\n<p data-sourcepos=\"23:3-23:174\"><strong>Darbo vietos:<\/strong> AIO kompiuteriai taip pat tampa vis populiaresni darbo vietose, o AIO kompiuterio dang\u010dio stiklas gali suteikti profesionalumo ir stiliaus bet kokio biuro aplinkai.<\/p>\n<\/li>\n<\/ul>","protected":false},"excerpt":{"rendered":"<p>AIO kompiuterio dangtelio stiklas yra vertingas priedas prie bet kurio AIO kompiuterio, kuris suteikia estetin\u012f patobulinim\u0105 ir funkcin\u0119 apsaug\u0105. D\u0117l eleganti\u0161ko dizaino, 3D kra\u0161t\u0173 detali\u0173 ir \u012fbr\u0117\u017eimams atspari\u0173 savybi\u0173 \"AIO PC Cover Glass\" paver\u010dia j\u016bs\u0173 AIO kompiuter\u012f stilingu ir apsaugotu daiktu.<\/p>","protected":false},"featured_media":1580,"template":"","meta":[],"product_cat":[15],"product_tag":[],"_links":{"self":[{"href":"https:\/\/touchscreenmfg.com\/lt\/wp-json\/wp\/v2\/product\/1619"}],"collection":[{"href":"https:\/\/touchscreenmfg.com\/lt\/wp-json\/wp\/v2\/product"}],"about":[{"href":"https:\/\/touchscreenmfg.com\/lt\/wp-json\/wp\/v2\/types\/product"}],"wp:featuredmedia":[{"embeddable":true,"href":"https:\/\/touchscreenmfg.com\/lt\/wp-json\/wp\/v2\/media\/1580"}],"wp:attachment":[{"href":"https:\/\/touchscreenmfg.com\/lt\/wp-json\/wp\/v2\/media?parent=1619"}],"wp:term":[{"taxonomy":"product_cat","embeddable":true,"href":"https:\/\/touchscreenmfg.com\/lt\/wp-json\/wp\/v2\/product_cat?post=1619"},{"taxonomy":"product_tag","embeddable":true,"href":"https:\/\/touchscreenmfg.com\/lt\/wp-json\/wp\/v2\/product_tag?post=1619"}],"curies":[{"name":"wp","href":"https:\/\/api.w.org\/{rel}","templated":true}]}}