{"id":1618,"date":"2024-06-29T01:06:11","date_gmt":"2024-06-29T01:06:11","guid":{"rendered":"https:\/\/touchscreenmfg.com\/manufacturer\/cover-lens\/"},"modified":"2024-06-29T02:42:53","modified_gmt":"2024-06-29T02:42:53","slug":"cover-lens","status":"publish","type":"product","link":"https:\/\/touchscreenmfg.com\/lt\/cover-lens\/","title":{"rendered":"Dangtis objektyvas"},"content":{"rendered":"<h2 class=\"\" data-sourcepos=\"1:1-1:69\">Dang\u010dio objektyvas: Tiksli optini\u0173 l\u0119\u0161i\u0173 apsauga ir tobulinimas<\/h2>\n<p data-sourcepos=\"3:1-3:129\">Apsauginiai l\u0119\u0161iai - tai optiniai komponentai, dedami ant pagrindini\u0173 l\u0119\u0161i\u0173, kad apsaugot\u0173 juos nuo \u012fbr\u0117\u017eim\u0173, dulki\u0173 ir kit\u0173 \u017ealing\u0173 element\u0173. Jie atlieka svarb\u0173 vaidmen\u012f \u012fvairiose srityse, u\u017etikrindami optini\u0173 sistem\u0173 ilgaam\u017ei\u0161kum\u0105 ir optimal\u0173 veikim\u0105.<\/p>\n<p data-sourcepos=\"5:1-5:30\"><strong>Pagrindin\u0117s savyb\u0117s:<\/strong><\/p>\n<ul data-sourcepos=\"7:1-9:14\">\n<li data-sourcepos=\"7:1-8:0\">\n<p data-sourcepos=\"7:3-7:154\"><strong>Apsauga:<\/strong> Dengiamasis l\u0119\u0161is veikia kaip barjeras, apsaugantis pagrindinius l\u0119\u0161ius nuo \u012fbr\u0117\u017eim\u0173, \u012fbr\u0117\u017eim\u0173 ir kit\u0173 i\u0161orini\u0173 veiksni\u0173 sukelt\u0173 fizini\u0173 pa\u017eeidim\u0173.<\/p>\n<\/li>\n<li data-sourcepos=\"9:1-9:14\">\n<p data-sourcepos=\"9:3-9:14\"><strong>Patvarumas:<\/strong> Paprastai jie gaminami i\u0161 patvari\u0173 med\u017eiag\u0173, toki\u0173 kaip stiklas ar plastikas, tod\u0117l gali b\u016bti atspar\u016bs nuolatiniam naudojimui ir at\u0161iaurioms aplinkos s\u0105lygoms.<\/p>\n<\/li>\n<li data-sourcepos=\"11:1-11:41\">\n<p data-sourcepos=\"11:3-11:41\"><strong>Optinis skaidrumas:<\/strong> Auk\u0161tos kokyb\u0117s dengiamieji l\u0119\u0161iai i\u0161laiko puik\u0173 optin\u012f skaidrum\u0105, praleid\u017eia \u0161vies\u0105 be i\u0161kraipym\u0173 ir i\u0161saugo pagrindinio l\u0119\u0161io vaizdo kokyb\u0119.<\/p>\n<\/li>\n<li data-sourcepos=\"13:1-14:0\">\n<p data-sourcepos=\"13:3-13:133\"><strong>Universalumas:<\/strong> Jie yra \u012fvairi\u0173 form\u0173, dyd\u017ei\u0173 ir stori\u0173, kad tikt\u0173 \u012fvairioms optin\u0117ms reikm\u0117ms.<\/p>\n<\/li>\n<\/ul>\n<p data-sourcepos=\"15:1-15:33\"><strong>Parai\u0161kos:<\/strong><\/p>\n<ul data-sourcepos=\"17:1-21:47\">\n<li data-sourcepos=\"17:1-18:0\">\n<p data-sourcepos=\"17:3-17:177\"><strong>Fotoaparato ir vaizdo kameros objektyvai:<\/strong> Apsauginiai objektyvai yra labai svarb\u016bs norint apsaugoti fotoaparato ir vaizdo kameros objektyvus nuo \u012fbr\u0117\u017eim\u0173, dulki\u0173 ir pir\u0161t\u0173 atspaud\u0173, u\u017etikrinant ry\u0161kius ir ai\u0161kius vaizdus.<\/p>\n<\/li>\n<li data-sourcepos=\"19:1-20:0\">\n<p data-sourcepos=\"19:3-19:169\"><strong>\u017di\u016bronai ir teleskopai:<\/strong> Apsauginiai l\u0119\u0161iai apsaugo \u017ei\u016bron\u0173 ir teleskop\u0173 objektyvus ir aki\u0173 l\u0119\u0161ius nuo dulki\u0173, dr\u0117gm\u0117s ir sm\u016bgi\u0173.<\/p>\n<\/li>\n<li data-sourcepos=\"21:1-21:47\">\n<p data-sourcepos=\"21:3-21:47\"><strong>Medicinos prietaisai:<\/strong> Jie naudojami medicinos prietaisuose, pavyzd\u017eiui, mikroskopuose ir endoskopuose, kad apsaugot\u0173 jautrius optinius komponentus nuo u\u017eter\u0161imo ir pa\u017eeidim\u0173.<\/p>\n<\/li>\n<li data-sourcepos=\"23:1-24:0\">\n<p data-sourcepos=\"23:3-23:161\"><strong>Pramoniniai taikymai:<\/strong> Jie naudojami pramonin\u0117je aplinkoje jutikliams, lazeriams ir kitiems optiniams komponentams apsaugoti nuo at\u0161iaurios aplinkos.<\/p>\n<\/li>\n<\/ul>\n<p data-sourcepos=\"25:1-25:269\">Optini\u0173 l\u0119\u0161i\u0173 poliravimas yra labai svarbus procesas, u\u017etikrinantis, kad dangteli\u0173 l\u0119\u0161iai i\u0161laikyt\u0173 savo optin\u012f skaidrum\u0105 ir praleist\u0173 \u0161vies\u0105 be i\u0161kraipym\u0173. Poliruojant l\u0119\u0161io pavir\u0161iuje pa\u0161alinami mikroskopiniai netobulumai ir nelygumai, tod\u0117l pavir\u0161ius tampa lygus ir skaidrus.<\/p>","protected":false},"excerpt":{"rendered":"<p>Apsauginis objektyvas yra vertinga investicija \u012f bet kok\u012f prietais\u0105 su jutikliniu ekranu arba jautriu ekranu. Jis u\u017etikrina b\u016btin\u0105 apsaug\u0105 ir kartu gali pagerinti naudotojo patirt\u012f.<\/p>","protected":false},"featured_media":1579,"template":"","meta":[],"product_cat":[15],"product_tag":[],"_links":{"self":[{"href":"https:\/\/touchscreenmfg.com\/lt\/wp-json\/wp\/v2\/product\/1618"}],"collection":[{"href":"https:\/\/touchscreenmfg.com\/lt\/wp-json\/wp\/v2\/product"}],"about":[{"href":"https:\/\/touchscreenmfg.com\/lt\/wp-json\/wp\/v2\/types\/product"}],"wp:featuredmedia":[{"embeddable":true,"href":"https:\/\/touchscreenmfg.com\/lt\/wp-json\/wp\/v2\/media\/1579"}],"wp:attachment":[{"href":"https:\/\/touchscreenmfg.com\/lt\/wp-json\/wp\/v2\/media?parent=1618"}],"wp:term":[{"taxonomy":"product_cat","embeddable":true,"href":"https:\/\/touchscreenmfg.com\/lt\/wp-json\/wp\/v2\/product_cat?post=1618"},{"taxonomy":"product_tag","embeddable":true,"href":"https:\/\/touchscreenmfg.com\/lt\/wp-json\/wp\/v2\/product_tag?post=1618"}],"curies":[{"name":"wp","href":"https:\/\/api.w.org\/{rel}","templated":true}]}}