{"id":1617,"date":"2024-06-29T01:06:11","date_gmt":"2024-06-29T01:06:11","guid":{"rendered":"https:\/\/touchscreenmfg.com\/manufacturer\/gaming-glass\/"},"modified":"2024-06-29T02:51:17","modified_gmt":"2024-06-29T02:51:17","slug":"gaming-glass","status":"publish","type":"product","link":"https:\/\/touchscreenmfg.com\/lt\/gaming-glass\/","title":{"rendered":"\u017daidim\u0173 stiklas"},"content":{"rendered":"<h2 class=\"\" data-sourcepos=\"1:1-1:81\">\u017daidim\u0173 stiklas: Pagerinkite savo \u017eaidim\u0173 patirt\u012f, naudodami aki\u0173 apsaug\u0105 ir komfort\u0105.<\/h2>\n<p data-sourcepos=\"3:1-3:118\">\u017daidim\u0173 akiniai, dar vadinami \u017eaid\u0117j\u0173 akiniais, yra special\u016bs akiniai, skirti pagerinti komfort\u0105 ir suma\u017einti aki\u0173 \u012ftamp\u0105 per ilgas \u017eaidim\u0173 sesijas. \u0160ie akiniai paprastai pasi\u017eymi keliomis pagrindin\u0117mis savyb\u0117mis, atitinkan\u010diomis specifinius \u017eaid\u0117j\u0173 poreikius.<\/p>\n<p data-sourcepos=\"5:1-5:35\"><strong>Pagrindin\u0117s savyb\u0117s:<\/strong><\/p>\n<ul data-sourcepos=\"7:1-9:66\">\n<li data-sourcepos=\"7:1-8:0\">\n<p data-sourcepos=\"7:3-7:300\"><strong>M\u0117lynosios \u0161viesos blokavimo l\u0119\u0161iai:<\/strong> Da\u017enai juose b\u016bna m\u0117lyn\u0105 \u0161vies\u0105 blokuojantys l\u0119\u0161iai, kurie filtruoja dal\u012f skaitmenini\u0173 ekran\u0173 skleid\u017eiamos m\u0117lynos \u0161viesos. M\u0117lyna \u0161viesa gali sutrikdyti miego re\u017eim\u0105 ir sukelti aki\u0173 nuovarg\u012f, tod\u0117l suma\u017einus jos poveik\u012f galima pagerinti komfort\u0105 ir bendr\u0105 savijaut\u0105.<\/p>\n<\/li>\n<li data-sourcepos=\"9:1-9:66\">\n<p data-sourcepos=\"9:3-9:66\"><strong>Nuo atspind\u017ei\u0173 apsauganti danga:<\/strong> Paprastai jie turi nuo atspind\u017ei\u0173 apsaugan\u010di\u0105 dang\u0105, kuri suma\u017eina aplinkos \u0161viesos \u0161altini\u0173 atspind\u017eius, ma\u017eina aki\u0173 nuovarg\u012f ir pagerina ekrano matomum\u0105, ypa\u010d prastai ap\u0161viestoje aplinkoje.<\/p>\n<\/li>\n<li data-sourcepos=\"11:1-12:0\">\n<p data-sourcepos=\"11:3-11:176\"><strong>Patog\u016bs r\u0117meliai:<\/strong> Paprastai jie yra su lengvais ir patogiais r\u0117meliais, kad kuo ma\u017eiau svert\u0173 ir kuo ma\u017eiau sl\u0117gt\u0173 veid\u0105 per ilgas \u017eaidim\u0173 sesijas.<\/p>\n<\/li>\n<li data-sourcepos=\"13:1-14:0\">\n<p data-sourcepos=\"13:3-13:159\"><strong>Stili\u0173 \u012fvairov\u0117:<\/strong> J\u0173 b\u016bna \u012fvairi\u0173 stili\u0173, atitinkan\u010di\u0173 \u012fvairius pageidavimus: nuo eleganti\u0161k\u0173 ir moderni\u0173 iki tradici\u0161kesni\u0173 r\u0117meli\u0173.<\/p>\n<\/li>\n<\/ul>\n<p data-sourcepos=\"15:1-15:35\"><strong>Parai\u0161kos:<\/strong><\/p>\n<ul data-sourcepos=\"17:1-19:78\">\n<li data-sourcepos=\"17:1-18:0\">\n<p data-sourcepos=\"17:3-17:119\"><strong>Kompiuteriniai \u017eaidimai:<\/strong> Juos pirmiausia naudoja kompiuterini\u0173 \u017eaidim\u0173 \u017eaid\u0117jai, kurie ilgai \u017ei\u016bri \u012f kompiuterio ekran\u0105.<\/p>\n<\/li>\n<li data-sourcepos=\"19:1-19:78\">\n<p data-sourcepos=\"19:3-19:78\"><strong>Konsoliniai \u017eaidimai:<\/strong> \u017daid\u0117jams, \u017eaid\u017eiantiems \u017eaidim\u0173 konsol\u0117mis, taip pat gali b\u016bti naudingi \u017eaidim\u0173 akiniai, ypa\u010d jei jie \u017eaid\u017eia tamsiuose kambariuose arba ilgai.<\/p>\n<\/li>\n<li data-sourcepos=\"21:1-22:0\">\n<p data-sourcepos=\"21:3-21:166\"><strong>Konkurenciniai \u017eaidimai:<\/strong> Profesional\u016bs ir konkurencingi \u017eaid\u0117jai da\u017enai naudoja \u017eaidim\u0173 akinius, kad i\u0161laikyt\u0173 optimal\u0173 d\u0117mes\u012f ir suma\u017eint\u0173 aki\u0173 \u012ftamp\u0105 intensyvi\u0173 \u017eaidim\u0173 sesij\u0173 metu.<\/p>\n<\/li>\n<\/ul>","protected":false},"excerpt":{"rendered":"<p>\"Gaming Glass\" - tai gr\u016bdinto stiklo apsaugos, skirtos specialiai \u017eaidim\u0173 \u012frenginiams.Kaip ir \u012fprastomis gr\u016bdinto stiklo apsaugomis, jomis siekiama apsaugoti subtil\u0173 \u017eaidim\u0173 \u012frenginio ekran\u0105 nuo \u012fbr\u0117\u017eim\u0173 ir sm\u016bgi\u0173.<\/p>","protected":false},"featured_media":1578,"template":"","meta":[],"product_cat":[15],"product_tag":[],"_links":{"self":[{"href":"https:\/\/touchscreenmfg.com\/lt\/wp-json\/wp\/v2\/product\/1617"}],"collection":[{"href":"https:\/\/touchscreenmfg.com\/lt\/wp-json\/wp\/v2\/product"}],"about":[{"href":"https:\/\/touchscreenmfg.com\/lt\/wp-json\/wp\/v2\/types\/product"}],"wp:featuredmedia":[{"embeddable":true,"href":"https:\/\/touchscreenmfg.com\/lt\/wp-json\/wp\/v2\/media\/1578"}],"wp:attachment":[{"href":"https:\/\/touchscreenmfg.com\/lt\/wp-json\/wp\/v2\/media?parent=1617"}],"wp:term":[{"taxonomy":"product_cat","embeddable":true,"href":"https:\/\/touchscreenmfg.com\/lt\/wp-json\/wp\/v2\/product_cat?post=1617"},{"taxonomy":"product_tag","embeddable":true,"href":"https:\/\/touchscreenmfg.com\/lt\/wp-json\/wp\/v2\/product_tag?post=1617"}],"curies":[{"name":"wp","href":"https:\/\/api.w.org\/{rel}","templated":true}]}}