{"id":1616,"date":"2024-06-29T01:06:11","date_gmt":"2024-06-29T01:06:11","guid":{"rendered":"https:\/\/touchscreenmfg.com\/manufacturer\/3d-cover-glass\/"},"modified":"2024-06-29T03:02:20","modified_gmt":"2024-06-29T03:02:20","slug":"3d-cover-glass","status":"publish","type":"product","link":"https:\/\/touchscreenmfg.com\/lt\/3d-cover-glass\/","title":{"rendered":"3D dang\u010dio stiklas"},"content":{"rendered":"<h2 class=\"\" data-sourcepos=\"1:1-1:67\">3D dengiamasis stiklas: 3D stiklo stiklas: eleganti\u0161k\u0173 ir patvari\u0173 ekran\u0173 ateitis<\/h2>\n<p data-sourcepos=\"3:1-3:68\">3D dengiamasis stiklas, dar vadinamas lenktu dengiamuoju stiklu, yra revoliucinis stiklo tipas, kuris kei\u010dia elektronini\u0173 prietais\u0173 dizain\u0105 ir funkcionalum\u0105. Skirtingai nei tradicinis plok\u0161\u010dias dengiamasis stiklas, \u0161is stiklas yra lenktos formos, tod\u0117l puikiai atitinka \u0161iuolaikini\u0173 lenkt\u0173 ekran\u0173 kont\u016brus. \u0160is naujovi\u0161kas dizainas turi daug prana\u0161um\u0173, palyginti su plok\u0161\u010diu dengiamuoju stiklu, tod\u0117l j\u012f renkasi ir gamintojai, ir vartotojai.<\/p>\n<p data-sourcepos=\"5:1-5:2\"><strong>Pagrindin\u0117s savyb\u0117s:<\/strong><\/p>\n<ul data-sourcepos=\"7:1-7:103\">\n<li data-sourcepos=\"7:1-7:103\">\n<p class=\"\" data-sourcepos=\"7:3-7:170\"><strong class=\"\">Dailus ir eleganti\u0161kas dizainas:<\/strong> Jis pagerina prietais\u0173 estetik\u0105, nes sukuria lyg\u0173, vientis\u0105 pavir\u0161i\u0173, kuris skland\u017eiai susilieja su i\u0161lenktu ekranu.<\/p>\n<\/li>\n<li data-sourcepos=\"9:1-10:0\">\n<p data-sourcepos=\"9:3-9:177\"><strong>Padidintas patvarumas:<\/strong> D\u0117l i\u0161lenktos 3D dengiamojo stiklo formos u\u017etikrinama geresn\u0117 strukt\u016brin\u0117 atrama, tod\u0117l jis yra atsparesnis sm\u016bgiams ir \u012fbr\u0117\u017eimams, palyginti su plok\u0161\u010diu dengiamuoju stiklu.<\/p>\n<\/li>\n<li data-sourcepos=\"11:1-12:0\">\n<p data-sourcepos=\"11:3-11:160\"><strong>Patobulintas ekranas nuo kra\u0161to iki kra\u0161to:<\/strong> Tai leid\u017eia naudoti ekranus nuo kra\u0161to iki kra\u0161to, tod\u0117l maksimaliai padid\u0117ja matymo plotas ir sukuriama labiau \u012ftraukianti naudotojo patirtis.<\/p>\n<\/li>\n<li data-sourcepos=\"13:1-13:105\">\n<p data-sourcepos=\"13:3-13:105\"><strong>Suderinamumas su jutikliniu ekranu:<\/strong> Jis visi\u0161kai suderinamas su jutiklinio ekrano technologija ir u\u017etikrina skland\u017ei\u0105 s\u0105veik\u0105 su jutikliniu ekranu.<\/p>\n<\/li>\n<\/ul>\n<p data-sourcepos=\"15:1-15:35\"><strong>Parai\u0161kos:<\/strong><\/p>\n<ul data-sourcepos=\"17:1-24:0\">\n<li data-sourcepos=\"17:1-18:0\">\n<p data-sourcepos=\"17:3-17:135\"><strong>I\u0161manieji telefonai:<\/strong> Jis pla\u010diai naudojamas auk\u0161\u010diausios klas\u0117s i\u0161maniuosiuose telefonuose, nes prisideda prie j\u0173 eleganti\u0161ko dizaino ir patvarios konstrukcijos.<\/p>\n<\/li>\n<li data-sourcepos=\"19:1-20:0\">\n<p data-sourcepos=\"19:3-19:118\"><strong>Plan\u0161etiniai kompiuteriai:<\/strong> Plan\u0161etiniuose kompiuteriuose vis da\u017eniau naudojamas 3D dengiamasis stiklas d\u0117l didesni\u0173 ekran\u0173 ir geresn\u0117s naudotojo patirties.<\/p>\n<\/li>\n<li data-sourcepos=\"21:1-22:0\">\n<p data-sourcepos=\"21:3-21:113\"><strong>Ne\u0161iojamieji kompiuteriai:<\/strong> Kai kuriuose auk\u0161\u010diausios klas\u0117s ne\u0161iojamuosiuose kompiuteriuose jutikliniai ekranai ir aptakus estetinis vaizdas puo\u0161iami \"3D Cover Glass\" stiklu.<\/p>\n<\/li>\n<li data-sourcepos=\"23:1-24:0\">\n<p data-sourcepos=\"23:3-23:146\"><strong>I\u0161manieji laikrod\u017eiai:<\/strong>Jis pradedamas naudoti i\u0161maniuosiuose laikrod\u017eiuose, suteikiant patvaresn\u012f ir vizualiai patrauklesn\u012f j\u0173 ekran\u0173 dangtel\u012f.<\/p>\n<\/li>\n<\/ul>","protected":false},"excerpt":{"rendered":"<p>3D dengiamasis stiklas kei\u010dia \u017eaidimo taisykles elektronini\u0173 prietais\u0173 pasaulyje, nes si\u016blo eleganti\u0161ko dizaino, didesnio patvarumo ir geresni\u0173 ekrano galimybi\u0173 derin\u012f. Tobul\u0117jant technologijoms, \u0161is stiklas gali dar labiau paplisti ir nulemti i\u0161mani\u0173j\u0173 telefon\u0173, plan\u0161etini\u0173 kompiuteri\u0173, ne\u0161iojam\u0173j\u0173 kompiuteri\u0173 ir kit\u0173 prietais\u0173 ateit\u012f.<\/p>","protected":false},"featured_media":1577,"template":"","meta":[],"product_cat":[15],"product_tag":[],"_links":{"self":[{"href":"https:\/\/touchscreenmfg.com\/lt\/wp-json\/wp\/v2\/product\/1616"}],"collection":[{"href":"https:\/\/touchscreenmfg.com\/lt\/wp-json\/wp\/v2\/product"}],"about":[{"href":"https:\/\/touchscreenmfg.com\/lt\/wp-json\/wp\/v2\/types\/product"}],"wp:featuredmedia":[{"embeddable":true,"href":"https:\/\/touchscreenmfg.com\/lt\/wp-json\/wp\/v2\/media\/1577"}],"wp:attachment":[{"href":"https:\/\/touchscreenmfg.com\/lt\/wp-json\/wp\/v2\/media?parent=1616"}],"wp:term":[{"taxonomy":"product_cat","embeddable":true,"href":"https:\/\/touchscreenmfg.com\/lt\/wp-json\/wp\/v2\/product_cat?post=1616"},{"taxonomy":"product_tag","embeddable":true,"href":"https:\/\/touchscreenmfg.com\/lt\/wp-json\/wp\/v2\/product_tag?post=1616"}],"curies":[{"name":"wp","href":"https:\/\/api.w.org\/{rel}","templated":true}]}}