{"id":1615,"date":"2024-06-29T01:06:11","date_gmt":"2024-06-29T01:06:11","guid":{"rendered":"https:\/\/touchscreenmfg.com\/manufacturer\/chemically-tempered-cover-glass\/"},"modified":"2024-06-29T03:26:40","modified_gmt":"2024-06-29T03:26:40","slug":"chemically-tempered-cover-glass","status":"publish","type":"product","link":"https:\/\/touchscreenmfg.com\/lt\/chemically-tempered-cover-glass\/","title":{"rendered":"Chemi\u0161kai gr\u016bdintas dangtelio stiklas"},"content":{"rendered":"<h2 class=\"\" data-sourcepos=\"1:1-1:91\">Chemi\u0161kai gr\u016bdintas dangtelio stiklas: Elektronini\u0173 prietais\u0173 patvarumo ir skaidrumo didinimas<\/h2>\n<p data-sourcepos=\"3:1-3:72\">Chemi\u0161kai gr\u016bdintas dengiamasis stiklas, dar vadinamas jon\u0173 keitimosi stiklu, - tai stiklas, kuris chemi\u0161kai apdorotas, kad b\u016bt\u0173 tvirtesnis ir ilgaam\u017ei\u0161kesnis. \u0160io proceso metu, paprastai kei\u010diant stikle esan\u010dius natrio jonus kalio jonais, pavir\u0161iuje susidaro gniu\u017edymo \u012ftempi\u0173 sluoksnis, tod\u0117l stiklas tampa atsparesnis \u012fbr\u0117\u017eimams, sm\u016bgiams ir \u0161iluminiams sm\u016bgiams.<\/p>\n<p data-sourcepos=\"5:1-5:49\"><strong>Pagrindin\u0117s savyb\u0117s:<\/strong><\/p>\n<ul data-sourcepos=\"7:1-9:1\">\n<li data-sourcepos=\"7:1-8:0\">\n<p data-sourcepos=\"7:3-7:166\"><strong>Padidinta j\u0117ga:<\/strong> Paprastai jis yra 6-8 kartus tvirtesnis u\u017e paprast\u0105 stikl\u0105, tod\u0117l ma\u017eiau link\u0119s d\u016b\u017eti ir \u012fbr\u0117\u017eti.<\/p>\n<\/li>\n<li data-sourcepos=\"9:1-9:1\">\n<p data-sourcepos=\"9:3-9:140\"><strong>Optinis skaidrumas:<\/strong> Jon\u0173 main\u0173 procesas nekei\u010dia stiklo optini\u0173 savybi\u0173, tod\u0117l jis i\u0161lieka skaidrus ir skaidrus.<\/p>\n<\/li>\n<li data-sourcepos=\"11:1-12:0\">\n<p data-sourcepos=\"11:3-11:145\"><strong>Universalumas:<\/strong> J\u012f galima pjaustyti ir formuoti \u012fvairiomis formomis, tod\u0117l jis tinka \u012fvairioms reikm\u0117ms.<\/p>\n<\/li>\n<li data-sourcepos=\"13:1-14:0\">\n<p data-sourcepos=\"13:3-13:163\"><strong>Plonumas:<\/strong> Palyginti su termi\u0161kai gr\u016bdintu stiklu, jis gali b\u016bti gaminamas i\u0161 plonesni\u0173 dali\u0173, tod\u0117l prietaisai gali b\u016bti lengvesni ir aptakesni.<\/p>\n<\/li>\n<\/ul>\n<p data-sourcepos=\"15:1-15:52\"><strong>Parai\u0161kos:<\/strong><\/p>\n<ul data-sourcepos=\"17:1-19:1\">\n<li data-sourcepos=\"17:1-18:0\">\n<p data-sourcepos=\"17:3-17:184\"><strong>I\u0161manieji telefonai ir plan\u0161etiniai kompiuteriai:<\/strong>Jis pla\u010diai naudojamas i\u0161maniuosiuose telefonuose ir plan\u0161etiniuose kompiuteriuose, kad apsaugot\u0173 jautrius ekranus nuo \u012fbr\u0117\u017eim\u0173, sm\u016bgi\u0173 ir atsitiktini\u0173 kritim\u0173.<\/p>\n<\/li>\n<li data-sourcepos=\"19:1-19:1\">\n<p data-sourcepos=\"19:3-19:159\"><strong>Ne\u0161iojamieji kompiuteriai ir ne\u0161iojamieji \u012frenginiai:<\/strong> Ne\u0161iojam\u0173j\u0173 kompiuteri\u0173, plan\u0161etini\u0173 kompiuteri\u0173 ir kit\u0173 ne\u0161iojam\u0173j\u0173 \u012frengini\u0173 ekranams ir jutikliniams ekranams da\u017enai naudojamas chemi\u0161kai gr\u016bdintas apsauginis stiklas.<\/p>\n<\/li>\n<li data-sourcepos=\"21:1-22:0\">\n<p data-sourcepos=\"21:3-21:151\"><strong>Automobili\u0173 ekranai:<\/strong> D\u0117l savo patvarumo ir optinio skaidrumo jis vis da\u017eniau naudojamas automobili\u0173 ekranuose.<\/p>\n<\/li>\n<li data-sourcepos=\"23:1-24:0\">\n<p data-sourcepos=\"23:3-23:160\"><strong>I\u0161manieji laikrod\u017eiai ir d\u0117vimi \u012frenginiai:<\/strong> I\u0161manieji laikrod\u017eiai ir kiti ne\u0161iojamieji prietaisai pasi\u017eymi atsparumu \u012fbr\u0117\u017eimams ir chemi\u0161kai gr\u016bdinto apsauginio stiklo tvirtumu.<\/p>\n<\/li>\n<\/ul>\n<p data-sourcepos=\"25:1-25:27\"><strong>Gr\u016bdinto stiklo pjaustymas:<\/strong><\/p>\n<p data-sourcepos=\"27:1-27:276\">Pjaunant chemi\u0161kai gr\u016bdint\u0105 dengiam\u0105j\u012f stikl\u0105 reikia specialios technikos ir \u012frangos, nes jis yra tvirtesnis ir netinkamai elgiantis gali sudu\u017eti. Norint tiksliai ir saugiai pjauti chemi\u0161kai gr\u016bdint\u0105 dengiam\u0105j\u012f stikl\u0105, rekomenduojama naudotis profesionaliomis stiklo pjaustymo paslaugomis.<\/p>","protected":false},"excerpt":{"rendered":"<p>Chemi\u0161kai gr\u016bdintas apsauginis stiklas tapo pageidaujamu pasirinkimu \u012fvairi\u0173 elektronini\u0173 prietais\u0173 ekranams apsaugoti ir patobulinti. D\u0117l savo tvirtumo, optinio skaidrumo ir universalumo derinio \u0161is stiklas yra esminis \u0161iuolaikini\u0173 technologij\u0173 komponentas.<\/p>","protected":false},"featured_media":1576,"template":"","meta":[],"product_cat":[15],"product_tag":[],"_links":{"self":[{"href":"https:\/\/touchscreenmfg.com\/lt\/wp-json\/wp\/v2\/product\/1615"}],"collection":[{"href":"https:\/\/touchscreenmfg.com\/lt\/wp-json\/wp\/v2\/product"}],"about":[{"href":"https:\/\/touchscreenmfg.com\/lt\/wp-json\/wp\/v2\/types\/product"}],"wp:featuredmedia":[{"embeddable":true,"href":"https:\/\/touchscreenmfg.com\/lt\/wp-json\/wp\/v2\/media\/1576"}],"wp:attachment":[{"href":"https:\/\/touchscreenmfg.com\/lt\/wp-json\/wp\/v2\/media?parent=1615"}],"wp:term":[{"taxonomy":"product_cat","embeddable":true,"href":"https:\/\/touchscreenmfg.com\/lt\/wp-json\/wp\/v2\/product_cat?post=1615"},{"taxonomy":"product_tag","embeddable":true,"href":"https:\/\/touchscreenmfg.com\/lt\/wp-json\/wp\/v2\/product_tag?post=1615"}],"curies":[{"name":"wp","href":"https:\/\/api.w.org\/{rel}","templated":true}]}}