{"id":1614,"date":"2024-06-29T01:06:11","date_gmt":"2024-06-29T01:06:11","guid":{"rendered":"https:\/\/touchscreenmfg.com\/manufacturer\/physically-tempered-cover-glass\/"},"modified":"2024-06-29T03:30:56","modified_gmt":"2024-06-29T03:30:56","slug":"physically-tempered-cover-glass","status":"publish","type":"product","link":"https:\/\/touchscreenmfg.com\/lt\/physically-tempered-cover-glass\/","title":{"rendered":"Fizi\u0161kai gr\u016bdintas dangtelio stiklas"},"content":{"rendered":"<h2 class=\"\" data-sourcepos=\"1:1-1:100\">Fizi\u0161kai gr\u016bdintas dangtelio stiklas: Patikima apsauga ir padidintas elektronini\u0173 prietais\u0173 patvarumas<\/h2>\n<p data-sourcepos=\"3:1-3:96\">Fizi\u0161kai gr\u016bdintas dengiamasis stiklas, dar vadinamas termi\u0161kai gr\u016bdintu stiklu, yra stiklo tipas, kuris buvo termi\u0161kai apdorotas, kad padid\u0117t\u0173 jo tvirtumas ir ilgaam\u017ei\u0161kumas. \u0160io proceso metu, paprastai greitai kaitinant ir au\u0161inant stikl\u0105, pavir\u0161iuje susidaro gniu\u017edomojo \u012ftempimo sluoksnis, tod\u0117l stiklas tampa atsparesnis \u012fbr\u0117\u017eimams, sm\u016bgiams ir \u0161iluminiams sm\u016bgiams.<\/p>\n<p data-sourcepos=\"5:1-5:52\"><strong>Pagrindin\u0117s fizi\u0161kai gr\u016bdinto dangtelio stiklo savyb\u0117s:<\/strong><\/p>\n<ul data-sourcepos=\"7:1-7:27\">\n<li data-sourcepos=\"7:1-7:27\">\n<p data-sourcepos=\"7:3-7:183\"><strong>I\u0161skirtinis stiprumas:<\/strong> Fizi\u0161kai gr\u016bdintas apsauginis stiklas paprastai yra keturis-penkis kartus tvirtesnis u\u017e \u012fprast\u0105 stikl\u0105, tod\u0117l puikiai apsaugo nuo sudu\u017eimo ir \u012fbr\u0117\u017eim\u0173.<\/p>\n<\/li>\n<li data-sourcepos=\"9:1-9:54\">\n<p data-sourcepos=\"9:3-9:54\"><strong>Optinis skaidrumas:<\/strong> Terminio apdorojimo procesas nekei\u010dia optini\u0173 stiklo savybi\u0173, tod\u0117l stiklas i\u0161lieka skaidrus ir skaidrus.<\/p>\n<\/li>\n<li data-sourcepos=\"11:1-12:0\">\n<p data-sourcepos=\"11:3-11:145\"><strong>Universalumas:<\/strong> Fizi\u0161kai gr\u016bdint\u0105 dengiam\u0105j\u012f stikl\u0105 galima pjaustyti ir formuoti \u012fvairiomis formomis, tod\u0117l jis tinka \u012fvairioms reikm\u0117ms.<\/p>\n<\/li>\n<li data-sourcepos=\"13:1-14:0\">\n<p data-sourcepos=\"13:3-13:171\"><strong>Plonesn\u0117s parinktys:<\/strong> Fizi\u0161kai gr\u016bdintas dengiamasis stiklas gali b\u016bti gaminamas i\u0161 plonesni\u0173 dali\u0173, palyginti su chemi\u0161kai gr\u016bdintu stiklu, tod\u0117l prietaisai gali b\u016bti aptakesni ir lengvesni.<\/p>\n<\/li>\n<\/ul>\n<p data-sourcepos=\"15:1-15:52\"><strong>Fizi\u0161kai gr\u016bdinto dengiamojo stiklo pritaikymas:<\/strong><\/p>\n<ul data-sourcepos=\"17:1-19:98\">\n<li data-sourcepos=\"17:1-18:0\">\n<p data-sourcepos=\"17:3-17:184\"><strong>I\u0161manieji telefonai ir plan\u0161etiniai kompiuteriai:<\/strong> Fizi\u0161kai gr\u016bdintas apsauginis stiklas pla\u010diai naudojamas i\u0161maniuosiuose telefonuose ir plan\u0161etiniuose kompiuteriuose, kad apsaugot\u0173 jautrius ekranus nuo \u012fbr\u0117\u017eim\u0173, sm\u016bgi\u0173 ir atsitiktini\u0173 kritim\u0173.<\/p>\n<\/li>\n<li data-sourcepos=\"19:1-19:98\">\n<p data-sourcepos=\"19:3-19:98\"><strong>Architekt\u016brin\u0117s programos:<\/strong> Fizi\u0161kai gr\u016bdintas dengiamasis stiklas d\u0117l savo tvirtumo ir saugumo savybi\u0173 naudojamas \u012fvairiose architekt\u016bros srityse, pavyzd\u017eiui, langams, durims ir pertvaroms.<\/p>\n<\/li>\n<li data-sourcepos=\"21:1-22:0\">\n<p data-sourcepos=\"21:3-21:151\"><strong>Automobili\u0173 ekranai:<\/strong> Fizi\u0161kai gr\u016bdintas dengiamasis stiklas vis da\u017eniau naudojamas automobili\u0173 ekranuose d\u0117l savo patvarumo ir optinio skaidrumo.<\/p>\n<\/li>\n<li data-sourcepos=\"23:1-24:0\">\n<p data-sourcepos=\"23:3-23:154\"><strong>Prietais\u0173 skydeliai:<\/strong> Buitin\u0117s technikos prietaisuose, pavyzd\u017eiui, \u0161aldytuvuose ir orkait\u0117se, valdymo skydeliuose ir ekranuose da\u017enai naudojamas fizi\u0161kai gr\u016bdintas dengiamasis stiklas.<\/p>\n<\/li>\n<\/ul>\n<p data-sourcepos=\"25:1-25:28\"><strong>Stiklo gr\u016bdinimo procesas:<\/strong><\/p>\n<p data-sourcepos=\"27:1-27:309\">Fizi\u0161kai gr\u016bdinto dengiamojo stiklo gr\u016bdinimo metu stiklas \u012fkaitinamas iki ma\u017edaug 600-700 \u00b0C temperat\u016bros, tada greitai at\u0161aldomas \u0161alto oro srov\u0117mis. D\u0117l tokio staigaus temperat\u016bros poky\u010dio pavir\u0161iuje susidaro gniu\u017edomojo \u012ftempimo sluoksnis, tod\u0117l stiklas tampa atsparesnis \u012ftempimui ir du\u017eimui.<\/p>","protected":false},"excerpt":{"rendered":"<p>Fizi\u0161kai gr\u016bdintas dengiamasis stiklas tapo pagrindine elektronini\u0173 prietais\u0173 ir architekt\u016brini\u0173 \u012frengini\u0173 apsaugos priemone. D\u0117l i\u0161skirtinio tvirtumo, optinio skaidrumo ir universalumo \u0161is stiklas yra esminis \u0161iuolaikini\u0173 technologij\u0173 ir statybos komponentas.<\/p>","protected":false},"featured_media":1575,"template":"","meta":[],"product_cat":[15],"product_tag":[],"_links":{"self":[{"href":"https:\/\/touchscreenmfg.com\/lt\/wp-json\/wp\/v2\/product\/1614"}],"collection":[{"href":"https:\/\/touchscreenmfg.com\/lt\/wp-json\/wp\/v2\/product"}],"about":[{"href":"https:\/\/touchscreenmfg.com\/lt\/wp-json\/wp\/v2\/types\/product"}],"wp:featuredmedia":[{"embeddable":true,"href":"https:\/\/touchscreenmfg.com\/lt\/wp-json\/wp\/v2\/media\/1575"}],"wp:attachment":[{"href":"https:\/\/touchscreenmfg.com\/lt\/wp-json\/wp\/v2\/media?parent=1614"}],"wp:term":[{"taxonomy":"product_cat","embeddable":true,"href":"https:\/\/touchscreenmfg.com\/lt\/wp-json\/wp\/v2\/product_cat?post=1614"},{"taxonomy":"product_tag","embeddable":true,"href":"https:\/\/touchscreenmfg.com\/lt\/wp-json\/wp\/v2\/product_tag?post=1614"}],"curies":[{"name":"wp","href":"https:\/\/api.w.org\/{rel}","templated":true}]}}