{"id":1613,"date":"2024-06-29T01:06:11","date_gmt":"2024-06-29T01:06:11","guid":{"rendered":"https:\/\/touchscreenmfg.com\/manufacturer\/3d-bent-glass\/"},"modified":"2024-06-29T03:36:43","modified_gmt":"2024-06-29T03:36:43","slug":"3d-bent-glass","status":"publish","type":"product","link":"https:\/\/touchscreenmfg.com\/lt\/3d-bent-glass\/","title":{"rendered":"3D lenktas stiklas"},"content":{"rendered":"<h2 class=\"\" data-sourcepos=\"1:1-1:66\">3D lenktas stiklas: Stiklo stiklas: eleganti\u0161k\u0173 ir patvari\u0173 ekran\u0173 ateitis<\/h2>\n<p data-sourcepos=\"3:1-3:67\">\"3D Bent Glass\", dar vadinamas lenktu dengiamuoju stiklu, yra revoliucinis stiklo tipas, kuris kei\u010dia elektronini\u0173 prietais\u0173 dizain\u0105 ir funkcionalum\u0105. Skirtingai nei tradicinis plok\u0161\u010dias dengiamasis stiklas, \"3D Bent Glass\" yra i\u0161lenktos formos, tod\u0117l puikiai dera prie \u0161iuolaikini\u0173 lenkt\u0173 ekran\u0173 kont\u016br\u0173. \u0160is naujovi\u0161kas dizainas turi daug prana\u0161um\u0173, palyginti su plok\u0161\u010diu dengiamuoju stiklu, tod\u0117l j\u012f renkasi ir gamintojai, ir vartotojai.<\/p>\n<p data-sourcepos=\"5:1-5:19\"><strong>Pagrindin\u0117s savyb\u0117s:<\/strong><\/p>\n<ul data-sourcepos=\"7:1-7:153\">\n<li data-sourcepos=\"7:1-7:153\">\n<p class=\"\" data-sourcepos=\"7:3-7:169\"><strong class=\"\">Dailus ir eleganti\u0161kas dizainas:<\/strong> \"3D Bent Glass\" pagerina prietais\u0173 estetik\u0105, nes sukuria lyg\u0173, vientis\u0105 pavir\u0161i\u0173, kuris skland\u017eiai susilieja su i\u0161lenktu ekranu.<\/p>\n<\/li>\n<li data-sourcepos=\"9:1-10:0\">\n<p data-sourcepos=\"9:3-9:176\"><strong>Padidintas patvarumas:<\/strong> D\u0117l lenktos formos \"3D Bent Glass\" stiklas turi geresn\u0119 strukt\u016brin\u0119 atram\u0105, tod\u0117l yra atsparesnis sm\u016bgiams ir \u012fbr\u0117\u017eimams, palyginti su plok\u0161\u010diu dengiamuoju stiklu.<\/p>\n<\/li>\n<li data-sourcepos=\"11:1-12:0\">\n<p data-sourcepos=\"11:3-11:159\"><strong>Patobulintas ekranas nuo kra\u0161to iki kra\u0161to:<\/strong> \"3D Bent Glass\" stiklas leid\u017eia sukurti ekranus nuo kra\u0161to iki kra\u0161to, tod\u0117l maksimaliai padid\u0117ja \u017ei\u016br\u0117jimo plotas ir sukuriama labiau \u012ftraukianti naudotojo patirtis.<\/p>\n<\/li>\n<li data-sourcepos=\"13:1-13:131\">\n<p data-sourcepos=\"13:3-13:131\"><strong>Suderinamumas su jutikliniu ekranu:<\/strong> \"3D Bent Glass\" visi\u0161kai suderinamas su jutiklinio ekrano technologija ir u\u017etikrina skland\u017ei\u0105 s\u0105veik\u0105 lie\u010diant.<\/p>\n<\/li>\n<\/ul>\n<p data-sourcepos=\"15:1-15:27\"><strong>Gr\u016bdinto stiklo lenkimas:<\/strong><\/p>\n<p data-sourcepos=\"17:1-17:284\">Kuriant 3D lenkt\u0105 stikl\u0105, gr\u016bdintas stiklas kaitinamas iki auk\u0161tos temperat\u016bros, o tada, naudojant specialias formas ir \u012frang\u0105, formuojamas \u012f norim\u0105 form\u0105. \u0160is procesas u\u017etikrina, kad stiklas i\u0161laikyt\u0173 savo tvirtum\u0105 ir ilgaam\u017ei\u0161kum\u0105, o kartu b\u016bt\u0173 i\u0161gautas norimas i\u0161lenkimas.<\/p>\n<p data-sourcepos=\"19:1-19:34\"><strong>Parai\u0161kos:<\/strong><\/p>\n<ul data-sourcepos=\"21:1-28:0\">\n<li data-sourcepos=\"21:1-22:0\">\n<p data-sourcepos=\"21:3-21:134\"><strong>I\u0161manieji telefonai:<\/strong> Jis pla\u010diai naudojamas auk\u0161\u010diausios klas\u0117s i\u0161maniuosiuose telefonuose, nes prisideda prie j\u0173 eleganti\u0161ko dizaino ir patvarios konstrukcijos.<\/p>\n<\/li>\n<li data-sourcepos=\"23:1-24:0\">\n<p data-sourcepos=\"23:3-23:117\"><strong>Plan\u0161etiniai kompiuteriai:<\/strong> Plan\u0161etiniuose kompiuteriuose vis da\u017eniau naudojamas \"3D Bent Glass\" stiklas d\u0117l didesni\u0173 ekran\u0173 ir geresn\u0117s naudotojo patirties.<\/p>\n<\/li>\n<li data-sourcepos=\"25:1-26:0\">\n<p data-sourcepos=\"25:3-25:112\"><strong>Ne\u0161iojamieji kompiuteriai:<\/strong> Kai kuriuose auk\u0161\u010diausios klas\u0117s ne\u0161iojamuosiuose kompiuteriuose yra \"3D Bent Glass\" stiklas, skirtas lietimui jautriems ekranams ir eleganti\u0161kai estetikai.<\/p>\n<\/li>\n<li data-sourcepos=\"27:1-28:0\">\n<p data-sourcepos=\"27:3-27:145\"><strong>I\u0161manieji laikrod\u017eiai:<\/strong> Jis pradedamas naudoti i\u0161maniuosiuose laikrod\u017eiuose, suteikiant patvaresn\u012f ir vizualiai patrauklesn\u012f j\u0173 ekran\u0173 dangtel\u012f.<\/p>\n<\/li>\n<\/ul>","protected":false},"excerpt":{"rendered":"<p>\"3D Bent Glass\" - tai elektronini\u0173 prietais\u0173 pasaul\u012f kei\u010dianti naujov\u0117, kuri u\u017etikrina eleganti\u0161k\u0105 dizain\u0105, didesn\u012f patvarum\u0105 ir geresnes ekrano galimybes. Tobul\u0117jant technologijoms, \"3D Bent Glass\" stiklas gali tapti dar labiau paplit\u0119s ir nulemti i\u0161mani\u0173j\u0173 telefon\u0173, plan\u0161etini\u0173 kompiuteri\u0173, ne\u0161iojam\u0173j\u0173 kompiuteri\u0173 ir kit\u0173 prietais\u0173 ateit\u012f.<\/p>","protected":false},"featured_media":1574,"template":"","meta":[],"product_cat":[15],"product_tag":[],"_links":{"self":[{"href":"https:\/\/touchscreenmfg.com\/lt\/wp-json\/wp\/v2\/product\/1613"}],"collection":[{"href":"https:\/\/touchscreenmfg.com\/lt\/wp-json\/wp\/v2\/product"}],"about":[{"href":"https:\/\/touchscreenmfg.com\/lt\/wp-json\/wp\/v2\/types\/product"}],"wp:featuredmedia":[{"embeddable":true,"href":"https:\/\/touchscreenmfg.com\/lt\/wp-json\/wp\/v2\/media\/1574"}],"wp:attachment":[{"href":"https:\/\/touchscreenmfg.com\/lt\/wp-json\/wp\/v2\/media?parent=1613"}],"wp:term":[{"taxonomy":"product_cat","embeddable":true,"href":"https:\/\/touchscreenmfg.com\/lt\/wp-json\/wp\/v2\/product_cat?post=1613"},{"taxonomy":"product_tag","embeddable":true,"href":"https:\/\/touchscreenmfg.com\/lt\/wp-json\/wp\/v2\/product_tag?post=1613"}],"curies":[{"name":"wp","href":"https:\/\/api.w.org\/{rel}","templated":true}]}}