{"id":1611,"date":"2024-06-29T01:06:10","date_gmt":"2024-06-29T01:06:10","guid":{"rendered":"https:\/\/touchscreenmfg.com\/manufacturer\/oled-touch-screen\/"},"modified":"2024-06-29T03:46:04","modified_gmt":"2024-06-29T03:46:04","slug":"oled-touch-screen","status":"publish","type":"product","link":"https:\/\/touchscreenmfg.com\/lt\/oled-touch-screen\/","title":{"rendered":"OLED jutiklinis ekranas"},"content":{"rendered":"<h2 class=\"\" data-sourcepos=\"3:1-3:103\">OLED jutikliniai ekranai: OLED ekranai: naudotoj\u0173 patirties gerinimas naudojant ry\u0161kius ekranus ir jautri\u0105 jutiklin\u0119 s\u0105veik\u0105<\/h2>\n<p data-sourcepos=\"5:1-5:118\">OLED jutikliniuose ekranuose, dar vadinamuose OLED jutiklinio ekrano ekranais, derinama puiki organini\u0173 \u0161viesos diod\u0173 (OLED) technologijos vaizdo kokyb\u0117 ir jutiklinio ekrano skydelio interaktyvumo galimyb\u0117s. \u0160i naujovi\u0161ka technologija u\u017etikrina patraukli\u0105 naudotojo patirt\u012f, sujungdama nuostab\u0173 vaizd\u0105 ir intuityv\u0173 jutiklin\u012f valdym\u0105.<\/p>\n<p data-sourcepos=\"7:1-7:39\"><strong>Pagrindin\u0117s savyb\u0117s:<\/strong><\/p>\n<ul data-sourcepos=\"9:1-9:134\">\n<li data-sourcepos=\"9:1-9:134\">\n<p class=\"\" data-sourcepos=\"9:3-9:190\"><strong class=\"\">I\u0161skirtin\u0117 ekrano kokyb\u0117:<\/strong> OLED jutikliniai ekranai pasi\u017eymi i\u0161skirtine vaizdo kokybe, ry\u0161kiomis spalvomis, dideliu kontrasto santykiu ir tikra juodos spalvos spalva, tod\u0117l vaizdas tampa \u012fsp\u016bdingas.<\/p>\n<\/li>\n<li data-sourcepos=\"11:1-12:0\">\n<p data-sourcepos=\"11:3-11:178\"><strong>Jautrioji s\u0105veika su lietimu:<\/strong> Jutiklinio ekrano skydelio perdanga leid\u017eia naudotojams s\u0105veikauti su ekranu intuityviais jutikliniais gestais, pvz., bakstel\u0117jimais, perbraukimais ir prisilietimais.<\/p>\n<\/li>\n<li data-sourcepos=\"13:1-14:0\">\n<p data-sourcepos=\"13:3-13:165\"><strong>Energijos vartojimo efektyvumas:<\/strong> OLED ekranai, palyginti su skyst\u0173j\u0173 kristal\u0173 jutikliniais ekranais, paprastai taupiau naudoja ma\u017eiau energijos, o j\u0173 na\u0161umas d\u0117l to nesuma\u017e\u0117ja.<\/p>\n<\/li>\n<li data-sourcepos=\"15:1-16:0\">\n<p data-sourcepos=\"15:3-15:130\"><strong>Lankstus dizainas:<\/strong> OLED ekranai suteikia daugiau lankstumo kuriant dizain\u0105, tod\u0117l jutikliniai ekranai gali b\u016bti plonesni, lengvesni ir lenkti.<\/p>\n<\/li>\n<\/ul>\n<p data-sourcepos=\"17:1-17:39\"><strong>Parai\u0161kos:<\/strong><\/p>\n<ul data-sourcepos=\"19:1-19:151\">\n<li data-sourcepos=\"19:1-19:151\">\n<p data-sourcepos=\"19:3-19:178\"><strong>I\u0161manieji telefonai ir plan\u0161etiniai kompiuteriai:<\/strong> OLED ekranai vis da\u017eniau naudojami auk\u0161\u010diausios klas\u0117s i\u0161maniuosiuose telefonuose ir plan\u0161etiniuose kompiuteriuose, nes u\u017etikrina geresn\u0119 \u017ei\u016br\u0117jimo patirt\u012f ir geresn\u0119 naudotojo s\u0105veik\u0105.<\/p>\n<\/li>\n<li data-sourcepos=\"21:1-22:0\">\n<p data-sourcepos=\"21:3-21:181\"><strong>I\u0161manieji laikrod\u017eiai ir d\u0117vimieji \u012frenginiai:<\/strong> OLED ekranai d\u0117l kompakti\u0161ko dyd\u017eio, ma\u017e\u0173 energijos s\u0105naud\u0173 ir auk\u0161tos vaizdo kokyb\u0117s vis da\u017eniau naudojami i\u0161maniuosiuose laikrod\u017eiuose ir d\u0117vimuose prietaisuose.<\/p>\n<\/li>\n<li data-sourcepos=\"23:1-24:0\">\n<p data-sourcepos=\"23:3-23:147\"><strong>Televizoriai ir monitoriai:<\/strong> OLED televizoriai ir monitoriai tampa vis populiaresni, nes u\u017etikrina i\u0161skirtin\u0119 vaizdo kokyb\u0119 ir \u012ftraukian\u010di\u0105 \u017ei\u016br\u0117jimo patirt\u012f.<\/p>\n<\/li>\n<li data-sourcepos=\"25:1-26:0\">\n<p data-sourcepos=\"25:3-25:153\"><strong>Automobili\u0173 ekranai:<\/strong> OLED jutikliniai ekranai integruojami \u012f automobili\u0173 prietais\u0173 skydelius ir informacines ir pramogines sistemas, taip pagerinant vairavimo patirt\u012f.<\/p>\n<\/li>\n<\/ul>","protected":false},"excerpt":{"rendered":"<p>OLED jutikliniai ekranai i\u0161 esm\u0117s pakeit\u0117 m\u016bs\u0173 bendravimo su skaitmeniniais prietaisais b\u016bd\u0105, nes pasi\u017eymi nuostabiu vaizdu, jautriu jutikliniu valdymu ir energijos vartojimo efektyvumu. D\u0117l j\u0173 universalumo ir puikios ekrano kokyb\u0117s jie yra pageidaujamas pasirinkimas \u012fvairioms programoms - nuo i\u0161mani\u0173j\u0173 telefon\u0173 ir plan\u0161etini\u0173 kompiuteri\u0173 iki televizori\u0173 ir automobili\u0173 ekran\u0173.<\/p>","protected":false},"featured_media":1572,"template":"","meta":[],"product_cat":[41],"product_tag":[],"_links":{"self":[{"href":"https:\/\/touchscreenmfg.com\/lt\/wp-json\/wp\/v2\/product\/1611"}],"collection":[{"href":"https:\/\/touchscreenmfg.com\/lt\/wp-json\/wp\/v2\/product"}],"about":[{"href":"https:\/\/touchscreenmfg.com\/lt\/wp-json\/wp\/v2\/types\/product"}],"wp:featuredmedia":[{"embeddable":true,"href":"https:\/\/touchscreenmfg.com\/lt\/wp-json\/wp\/v2\/media\/1572"}],"wp:attachment":[{"href":"https:\/\/touchscreenmfg.com\/lt\/wp-json\/wp\/v2\/media?parent=1611"}],"wp:term":[{"taxonomy":"product_cat","embeddable":true,"href":"https:\/\/touchscreenmfg.com\/lt\/wp-json\/wp\/v2\/product_cat?post=1611"},{"taxonomy":"product_tag","embeddable":true,"href":"https:\/\/touchscreenmfg.com\/lt\/wp-json\/wp\/v2\/product_tag?post=1611"}],"curies":[{"name":"wp","href":"https:\/\/api.w.org\/{rel}","templated":true}]}}