{"id":1610,"date":"2024-06-29T01:06:10","date_gmt":"2024-06-29T01:06:10","guid":{"rendered":"https:\/\/touchscreenmfg.com\/manufacturer\/tft-touch-screen\/"},"modified":"2024-06-29T03:49:15","modified_gmt":"2024-06-29T03:49:15","slug":"tft-touch-screen","status":"publish","type":"product","link":"https:\/\/touchscreenmfg.com\/lt\/tft-touch-screen\/","title":{"rendered":"TFT jutiklinis ekranas"},"content":{"rendered":"<h2 class=\"\" data-sourcepos=\"3:1-3:77\">TFT jutikliniai ekranai: Spalv\u0173 ai\u0161kumo ir intuityvios s\u0105veikos su jutikliniais ekranais derinys<\/h2>\n<p data-sourcepos=\"5:1-5:122\">TFT jutikliniai ekranai, dar vadinami TFT jutikliniais ekranais, yra jutiklinio ekrano tipas, kuriame naudojama plonasluoksni\u0173 tranzistori\u0173 (TFT) technologija, u\u017etikrinanti auk\u0161tos kokyb\u0117s vaizdus ir interaktyv\u0173 jutiklin\u012f valdym\u0105. \u0160ie universal\u016bs ekranai pla\u010diai naudojami \u012fvairiuose elektroniniuose prietaisuose, kuriuose u\u017etikrinama vaizdo ai\u0161kumo ir patogios s\u0105veikos pusiausvyra.<\/p>\n<p data-sourcepos=\"7:1-7:38\"><strong>Pagrindin\u0117s savyb\u0117s:<\/strong><\/p>\n<ul data-sourcepos=\"9:1-9:87\">\n<li data-sourcepos=\"9:1-9:87\">\n<p class=\"\" data-sourcepos=\"9:3-9:159\"><strong class=\"\">Ry\u0161ki\u0173 spalv\u0173 ekranas:<\/strong> TFT jutikliniai ekranai pasi\u017eymi pla\u010diu spalv\u0173 diapazonu ir didele rai\u0161ka, tod\u0117l naudotojo patirtis yra vizualiai patraukli ir \u012ftraukianti.<\/p>\n<\/li>\n<li data-sourcepos=\"11:1-12:0\">\n<p data-sourcepos=\"11:3-11:177\"><strong>Jautrioji s\u0105veika su lietimu:<\/strong> Jutiklinio ekrano skydelio perdanga leid\u017eia naudotojams s\u0105veikauti su ekranu intuityviais jutikliniais gestais, pvz., bakstel\u0117jimais, perbraukimais ir prisilietimais.<\/p>\n<\/li>\n<li data-sourcepos=\"13:1-14:0\">\n<p data-sourcepos=\"13:3-13:158\"><strong>Patvarus ir universalus:<\/strong> TFT ekranai paprastai gaminami i\u0161 patvari\u0173 med\u017eiag\u0173, toki\u0173 kaip stiklas ar plastikas, tod\u0117l tinka \u012fvairioms reikm\u0117ms.<\/p>\n<\/li>\n<li data-sourcepos=\"15:1-16:0\">\n<p data-sourcepos=\"15:3-15:130\"><strong>Ekonomi\u0161kas:<\/strong> Palyginti su kitomis jutiklini\u0173 ekran\u0173 technologijomis, TFT technologija u\u017etikrina na\u0161umo ir prieinamumo pusiausvyr\u0105.<\/p>\n<\/li>\n<\/ul>\n<p data-sourcepos=\"17:1-17:2\"><strong>Parai\u0161kos:<\/strong><\/p>\n<ul data-sourcepos=\"19:1-26:0\">\n<li data-sourcepos=\"19:1-20:0\">\n<p data-sourcepos=\"19:3-19:171\"><strong>I\u0161manieji telefonai ir plan\u0161etiniai kompiuteriai:<\/strong> TFT ekranai paprastai naudojami i\u0161maniuosiuose telefonuose ir plan\u0161etiniuose kompiuteriuose, nes yra ekonomi\u0161kas ir universalus sprendimas jutikliniams \u012frenginiams.<\/p>\n<\/li>\n<li data-sourcepos=\"21:1-22:0\">\n<p data-sourcepos=\"21:3-21:140\"><strong>Ne\u0161iojamieji ir staliniai kompiuteriai:<\/strong> Ne\u0161iojamuosiuose kompiuteriuose su jutikliniu ekranu ir \"viskas viename\" (AIO) staliniuose kompiuteriuose da\u017enai naudojami TFT jutikliniai ekranai, kad pager\u0117t\u0173 naudotojo s\u0105veika.<\/p>\n<\/li>\n<li data-sourcepos=\"23:1-24:0\">\n<p data-sourcepos=\"23:3-23:171\"><strong>Kioskai ir interaktyv\u016bs ekranai:<\/strong> TFT ekranai pla\u010diai naudojami kioskuose, informaciniuose terminaluose ir interaktyviosiose i\u0161kabose, skirtose savitarnos ir informacijos prieigai.<\/p>\n<\/li>\n<li data-sourcepos=\"25:1-26:0\">\n<p data-sourcepos=\"25:3-25:166\"><strong>Prekybos viet\u0173 (POS) sistemos:<\/strong> TFT ekranai yra esmin\u0117s POS sistem\u0173 sudedamosios dalys, leid\u017eian\u010dios efektyviai atlikti kasos operacijas ir valdyti u\u017esakymus ma\u017emenin\u0117s prekybos aplinkoje.<\/p>\n<\/li>\n<\/ul>","protected":false},"excerpt":{"rendered":"<p>TFT jutikliniai ekranai tapo pagrindiniu elektronini\u0173 prietais\u0173 elementu, pasi\u017eymin\u010diu spalv\u0173 ai\u0161kumu, jautria jutikline s\u0105veika ir prieinama kaina. D\u0117l savo universalumo jie tinka \u012fvairiausioms paskirtims - nuo asmenini\u0173 prietais\u0173 iki komercin\u0117s paskirties \u012frengini\u0173, gerindami naudotoj\u0173 patirt\u012f ir skatindami inovacijas.<\/p>","protected":false},"featured_media":1571,"template":"","meta":[],"product_cat":[41],"product_tag":[],"_links":{"self":[{"href":"https:\/\/touchscreenmfg.com\/lt\/wp-json\/wp\/v2\/product\/1610"}],"collection":[{"href":"https:\/\/touchscreenmfg.com\/lt\/wp-json\/wp\/v2\/product"}],"about":[{"href":"https:\/\/touchscreenmfg.com\/lt\/wp-json\/wp\/v2\/types\/product"}],"wp:featuredmedia":[{"embeddable":true,"href":"https:\/\/touchscreenmfg.com\/lt\/wp-json\/wp\/v2\/media\/1571"}],"wp:attachment":[{"href":"https:\/\/touchscreenmfg.com\/lt\/wp-json\/wp\/v2\/media?parent=1610"}],"wp:term":[{"taxonomy":"product_cat","embeddable":true,"href":"https:\/\/touchscreenmfg.com\/lt\/wp-json\/wp\/v2\/product_cat?post=1610"},{"taxonomy":"product_tag","embeddable":true,"href":"https:\/\/touchscreenmfg.com\/lt\/wp-json\/wp\/v2\/product_tag?post=1610"}],"curies":[{"name":"wp","href":"https:\/\/api.w.org\/{rel}","templated":true}]}}