{"id":1609,"date":"2024-06-29T01:06:10","date_gmt":"2024-06-29T01:06:10","guid":{"rendered":"https:\/\/touchscreenmfg.com\/manufacturer\/lcd-touch-screen\/"},"modified":"2024-06-29T03:20:02","modified_gmt":"2024-06-29T03:20:02","slug":"lcd-touch-screen","status":"publish","type":"product","link":"https:\/\/touchscreenmfg.com\/lt\/lcd-touch-screen\/","title":{"rendered":"LCD jutiklinis ekranas"},"content":{"rendered":"<h2 class=\"\" data-sourcepos=\"3:1-3:89\">LCD jutiklinis ekranas: Vartotojo s\u0105veikos gerinimas naudojant vizualin\u012f ai\u0161kum\u0105 ir taktilin\u012f atsak\u0105<\/h2>\n<p data-sourcepos=\"5:1-5:121\">LCD jutikliniai ekranai, dar vadinami jutiklini\u0173 skydeli\u0173 ekranais arba jutiklini\u0173 skydeli\u0173 ekranais, yra jutiklini\u0173 ekran\u0173 tipas, kuriame suderintas skyst\u0173j\u0173 kristal\u0173 ekrano (LCD) vizualinis ai\u0161kumas ir jutiklinio skydelio interaktyvumo galimyb\u0117s. \u0160ie universal\u016bs ekranai pla\u010diai naudojami \u012fvairiuose elektroniniuose prietaisuose, nes juose galima naudotis patogia ir patrauklia s\u0105saja.<\/p>\n<p data-sourcepos=\"7:1-7:38\"><strong>Pagrindin\u0117s savyb\u0117s:<\/strong><\/p>\n<ul data-sourcepos=\"9:1-9:76\">\n<li data-sourcepos=\"9:1-9:76\">\n<p class=\"\" data-sourcepos=\"9:3-9:190\"><strong class=\"\">Ai\u0161kus ir ry\u0161kus ekranas:<\/strong> LCD jutikliniuose ekranuose naudojama LCD technologija, kuri u\u017etikrina didel\u0117s skiriamosios gebos vaizdus, sodrias spalvas ir ry\u0161kias detales, taip u\u017etikrinant vizualiai patraukli\u0105 naudotojo patirt\u012f.<\/p>\n<\/li>\n<li data-sourcepos=\"11:1-12:0\">\n<p data-sourcepos=\"11:3-11:177\"><strong>Jautrioji s\u0105veika su lietimu:<\/strong> Jutiklinio ekrano skydelio perdanga leid\u017eia naudotojams s\u0105veikauti su ekranu intuityviais jutikliniais gestais, pvz., bakstel\u0117jimais, perbraukimais ir prisilietimais.<\/p>\n<\/li>\n<li data-sourcepos=\"13:1-14:0\">\n<p data-sourcepos=\"13:3-13:185\"><strong>Patvarus ir universalus:<\/strong> Paprastai jie gaminami i\u0161 patvari\u0173 med\u017eiag\u0173, pavyzd\u017eiui, stiklo ar plastiko, tod\u0117l yra atspar\u016bs \u012fbr\u0117\u017eimams ir tinkami \u012fvairioms reikm\u0117ms.<\/p>\n<\/li>\n<li data-sourcepos=\"15:1-15:72\">\n<p data-sourcepos=\"15:3-15:72\"><strong>Efektyvus energijos vartojimas:<\/strong> Palyginti su kitomis ekran\u0173 technologijomis, jie paprastai taupiai naudoja ma\u017eiau energijos, nes d\u0117l to nesuma\u017e\u0117ja j\u0173 na\u0161umas.<\/p>\n<\/li>\n<\/ul>\n<p data-sourcepos=\"17:1-17:38\"><strong>Parai\u0161kos:<\/strong><\/p>\n<ul data-sourcepos=\"19:1-26:0\">\n<li data-sourcepos=\"19:1-20:0\">\n<p data-sourcepos=\"19:3-19:159\"><strong>I\u0161manieji telefonai ir plan\u0161etiniai kompiuteriai:<\/strong> Tai pagrindin\u0117 i\u0161mani\u0173j\u0173 telefon\u0173 ir plan\u0161etini\u0173 kompiuteri\u0173 ekran\u0173 technologija, u\u017etikrinanti kompakti\u0161k\u0105 ir interaktyvi\u0105 s\u0105saj\u0105.<\/p>\n<\/li>\n<li data-sourcepos=\"21:1-22:0\">\n<p data-sourcepos=\"21:3-21:171\"><strong>Ne\u0161iojamieji ir staliniai kompiuteriai:<\/strong> Vis labiau populiar\u0117ja ne\u0161iojamieji kompiuteriai su jutikliniu ekranu ir \"viskas viename\" AIO staliniai kompiuteriai, kuriuose naudojami LCD jutikliniai ekranai, u\u017etikrinantys geresn\u0119 naudotojo s\u0105veik\u0105.<\/p>\n<\/li>\n<li data-sourcepos=\"23:1-24:0\">\n<p data-sourcepos=\"23:3-23:171\"><strong>Kioskai ir interaktyv\u016bs ekranai:<\/strong> LCD jutikliniai ekranai pla\u010diai naudojami kioskuose, informaciniuose terminaluose ir interaktyviose nuorodose savitarnos ir informacijos prieigai.<\/p>\n<\/li>\n<li data-sourcepos=\"25:1-26:0\">\n<p data-sourcepos=\"25:3-25:166\"><strong>Prekybos viet\u0173 (POS) sistemos:<\/strong> LCD jutikliniai ekranai yra esminiai POS sistem\u0173 komponentai, leid\u017eiantys efektyviai atlikti kasos operacijas ir valdyti u\u017esakymus ma\u017emenin\u0117s prekybos vietose.<\/p>\n<\/li>\n<\/ul>","protected":false},"excerpt":{"rendered":"<p>LCD jutikliniai ekranai tapo nepakei\u010diamais \u0161iuolaikinio skaitmeninio kra\u0161tovaizd\u017eio komponentais, pasi\u017eymin\u010diais vientisu vaizdo ai\u0161kumo, jautrios jutiklin\u0117s s\u0105veikos ir ilgaam\u017ei\u0161kumo deriniu. D\u0117l savo universalumo jie tinka \u012fvairiausioms reikm\u0117ms - nuo asmenini\u0173 prietais\u0173 iki komercin\u0117s paskirties \u012frengini\u0173, gerindami naudotoj\u0173 patirt\u012f ir skatindami inovacijas.<\/p>","protected":false},"featured_media":1570,"template":"","meta":[],"product_cat":[41],"product_tag":[],"_links":{"self":[{"href":"https:\/\/touchscreenmfg.com\/lt\/wp-json\/wp\/v2\/product\/1609"}],"collection":[{"href":"https:\/\/touchscreenmfg.com\/lt\/wp-json\/wp\/v2\/product"}],"about":[{"href":"https:\/\/touchscreenmfg.com\/lt\/wp-json\/wp\/v2\/types\/product"}],"wp:featuredmedia":[{"embeddable":true,"href":"https:\/\/touchscreenmfg.com\/lt\/wp-json\/wp\/v2\/media\/1570"}],"wp:attachment":[{"href":"https:\/\/touchscreenmfg.com\/lt\/wp-json\/wp\/v2\/media?parent=1609"}],"wp:term":[{"taxonomy":"product_cat","embeddable":true,"href":"https:\/\/touchscreenmfg.com\/lt\/wp-json\/wp\/v2\/product_cat?post=1609"},{"taxonomy":"product_tag","embeddable":true,"href":"https:\/\/touchscreenmfg.com\/lt\/wp-json\/wp\/v2\/product_tag?post=1609"}],"curies":[{"name":"wp","href":"https:\/\/api.w.org\/{rel}","templated":true}]}}