{"id":1608,"date":"2024-06-29T01:06:10","date_gmt":"2024-06-29T01:06:10","guid":{"rendered":"https:\/\/touchscreenmfg.com\/manufacturer\/touch-screen-lens\/"},"modified":"2024-06-29T03:53:36","modified_gmt":"2024-06-29T03:53:36","slug":"touch-screen-lens","status":"publish","type":"product","link":"https:\/\/touchscreenmfg.com\/lt\/touch-screen-lens\/","title":{"rendered":"Jutiklinio ekrano objektyvas"},"content":{"rendered":"<h2 class=\"\" data-sourcepos=\"3:1-3:76\">Jutiklinio ekrano l\u0119\u0161iai: Jutiklinio ekrano apsauga ir patobulinta jutiklinio ekrano naudojimo patirtis<\/h2>\n<p data-sourcepos=\"5:1-5:166\">Jutiklinio ekrano l\u0119\u0161iai, dar vadinami jutiklinio ekrano dangteliais arba apsaugin\u0117mis pl\u0117vel\u0117mis, yra skaidr\u016bs sluoksniai, dedami ant jutiklinio ekrano ekran\u0173, kad apsaugot\u0173 juos nuo \u012fbr\u0117\u017eim\u0173, sm\u016bgi\u0173 ir kit\u0173 pa\u017eeidim\u0173. \u0160ie apsauginiai skydai atlieka svarb\u0173 vaidmen\u012f i\u0161saugant jutiklini\u0173 ekran\u0173 vientisum\u0105 ir funkcionalum\u0105, u\u017etikrinant skland\u017ei\u0105 ir jautri\u0105 naudotojo patirt\u012f.<\/p>\n<p data-sourcepos=\"7:1-7:40\"><strong>Pagrindin\u0117s savyb\u0117s:<\/strong><\/p>\n<ul data-sourcepos=\"9:1-9:121\">\n<li data-sourcepos=\"9:1-9:121\">\n<p class=\"\" data-sourcepos=\"9:3-9:191\"><strong class=\"\">Atsparumas \u012fbr\u0117\u017eimams:<\/strong> Jutiklinio ekrano l\u0119\u0161iai sukurti taip, kad b\u016bt\u0173 atspar\u016bs kasdienio naudojimo \u012fbr\u0117\u017eimams, pavyzd\u017eiui, raktams, monetoms ir kitiems daiktams, ir taip apsaugo jautr\u0173 ekrano pavir\u0161i\u0173 nuo pa\u017eeidim\u0173.<\/p>\n<\/li>\n<li data-sourcepos=\"11:1-12:0\">\n<p data-sourcepos=\"11:3-11:156\"><strong>Apsauga nuo sm\u016bgi\u0173:<\/strong> \u0160ios apsaugin\u0117s pl\u0117vel\u0117s gali sugerti ir i\u0161sklaidyti sm\u016bgi\u0173 j\u0117g\u0105, tod\u0117l suma\u017e\u0117ja jutiklinio ekrano \u012ftr\u016bkim\u0173 ir \u012fskilim\u0173 rizika.<\/p>\n<\/li>\n<li data-sourcepos=\"13:1-14:0\">\n<p data-sourcepos=\"13:3-13:242\"><strong>Apsauga nuo atspind\u017ei\u0173 ir d\u0117mi\u0173 ma\u017einimo:<\/strong> Kai kurie jutiklinio ekrano l\u0119\u0161iai turi nuo atspind\u017ei\u0173 apsaugan\u010dias dangas, kurios suma\u017eina atspind\u017eius ir pagerina matomum\u0105 \u0161viesioje aplinkoje. Jie taip pat gali tur\u0117ti apsaugini\u0173 savybi\u0173 nuo pir\u0161t\u0173 atspaud\u0173 ir d\u0117mi\u0173.<\/p>\n<\/li>\n<li data-sourcepos=\"15:1-15:56\">\n<p data-sourcepos=\"15:3-15:56\"><strong>Suderinamumas su jutikliniu jautrumu:<\/strong> Jutiklinio ekrano l\u0119\u0161iai paprastai projektuojami taip, kad i\u0161laikyt\u0173 ekrano jutiklin\u012f jautrum\u0105 ir u\u017etikrint\u0173 skland\u017ei\u0105 s\u0105veik\u0105 ir greit\u0105 reagavim\u0105.<\/p>\n<\/li>\n<\/ul>\n<p data-sourcepos=\"17:1-17:40\"><strong>Parai\u0161kos:<\/strong><\/p>\n<ul data-sourcepos=\"19:1-26:0\">\n<li data-sourcepos=\"19:1-20:0\">\n<p data-sourcepos=\"19:3-19:154\"><strong>I\u0161manieji telefonai ir plan\u0161etiniai kompiuteriai:<\/strong> Jutiklinio ekrano l\u0119\u0161iai pla\u010diai naudojami i\u0161maniuosiuose telefonuose ir plan\u0161etiniuose kompiuteriuose, kad apsaugot\u0173 j\u0173 vertingus ekranus nuo kasdienio nusid\u0117v\u0117jimo.<\/p>\n<\/li>\n<li data-sourcepos=\"21:1-22:0\">\n<p data-sourcepos=\"21:3-21:135\"><strong>Ne\u0161iojamieji ir staliniai kompiuteriai:<\/strong> Ne\u0161iojamiesiems kompiuteriams su jutikliniu ekranu ir staliniams kompiuteriams \"viskas viename\" (AIO) da\u017enai naudinga jutiklinio ekrano l\u0119\u0161i\u0173 apsauga.<\/p>\n<\/li>\n<li data-sourcepos=\"23:1-24:0\">\n<p data-sourcepos=\"23:3-23:203\"><strong>Kioskai ir interaktyv\u016bs ekranai:<\/strong> Vie\u0161ai prieinami kioskai ir interaktyv\u016bs ekranai yra ypa\u010d pa\u017eeid\u017eiami \u012fbr\u0117\u017eim\u0173 ir sm\u016bgi\u0173, tod\u0117l jutiklinio ekrano l\u0119\u0161iai yra labai svarb\u016bs j\u0173 apsaugai.<\/p>\n<\/li>\n<li data-sourcepos=\"25:1-26:0\">\n<p data-sourcepos=\"25:3-25:185\"><strong>Prekybos viet\u0173 (POS) sistemos:<\/strong> Jutiklinio ekrano POS sistemos remiasi jutiklinio ekrano l\u0119\u0161iais, kad apsaugot\u0173 ekranus nuo pa\u017eeidim\u0173 ir u\u017etikrint\u0173 nepertraukiam\u0105 veikim\u0105 ma\u017emenin\u0117s prekybos aplinkoje.<\/p>\n<\/li>\n<\/ul>","protected":false},"excerpt":{"rendered":"<p>Jutiklinio ekrano l\u0119\u0161iai yra svarbi apsaugin\u0117 jutiklinio ekrano ekran\u0173 u\u017etvara, prailginanti j\u0173 tarnavimo laik\u0105 ir i\u0161sauganti funkcionalum\u0105. J\u0173 geb\u0117jimas apsaugoti nuo \u012fbr\u0117\u017eim\u0173, sm\u016bgi\u0173 ir sutepim\u0173 u\u017etikrina nuosekli\u0105 ir maloni\u0105 naudotojo patirt\u012f \u012fvairiose programose.<\/p>","protected":false},"featured_media":1568,"template":"","meta":[],"product_cat":[41],"product_tag":[],"_links":{"self":[{"href":"https:\/\/touchscreenmfg.com\/lt\/wp-json\/wp\/v2\/product\/1608"}],"collection":[{"href":"https:\/\/touchscreenmfg.com\/lt\/wp-json\/wp\/v2\/product"}],"about":[{"href":"https:\/\/touchscreenmfg.com\/lt\/wp-json\/wp\/v2\/types\/product"}],"wp:featuredmedia":[{"embeddable":true,"href":"https:\/\/touchscreenmfg.com\/lt\/wp-json\/wp\/v2\/media\/1568"}],"wp:attachment":[{"href":"https:\/\/touchscreenmfg.com\/lt\/wp-json\/wp\/v2\/media?parent=1608"}],"wp:term":[{"taxonomy":"product_cat","embeddable":true,"href":"https:\/\/touchscreenmfg.com\/lt\/wp-json\/wp\/v2\/product_cat?post=1608"},{"taxonomy":"product_tag","embeddable":true,"href":"https:\/\/touchscreenmfg.com\/lt\/wp-json\/wp\/v2\/product_tag?post=1608"}],"curies":[{"name":"wp","href":"https:\/\/api.w.org\/{rel}","templated":true}]}}