{"id":2179,"date":"2024-09-20T08:13:40","date_gmt":"2024-09-20T08:13:40","guid":{"rendered":"https:\/\/touchscreenmfg.com\/?post_type=product&#038;p=2179"},"modified":"2024-09-20T08:13:56","modified_gmt":"2024-09-20T08:13:56","slug":"pc-touch-screen","status":"publish","type":"product","link":"https:\/\/touchscreenmfg.com\/it\/pc-touch-screen\/","title":{"rendered":"PC Touch Screen"},"content":{"rendered":"<h2>Touch screen per PC: Una scelta durevole e versatile<\/h2>\n<h3 data-sourcepos=\"5:1-5:39\">Vantaggi principali:<\/h3>\n<ul>\n<li><span class=\"citation-0 recitation\">Alta resistenza agli urti:<\/span><span class=\"citation-0 recitation citation-end-0\"> Il PC \u00e8 un materiale altamente resistente agli urti, adatto ai dispositivi che possono subire urti fisici o cadute.<\/span><\/li>\n<li>Resistenza alle temperature: Il PC \u00e8 in grado di resistere a un'ampia gamma di temperature, rendendolo adatto ad applicazioni esterne o industriali.<\/li>\n<li><span class=\"citation-1 recitation\">Resistenza chimica:<\/span><span class=\"citation-1 recitation citation-end-1\"> Il PC \u00e8 resistente a molti prodotti chimici e solventi, il che lo rende durevole in ambienti difficili.<\/span><\/li>\n<li><span class=\"citation-2 recitation\">Chiarezza ottica:<\/span><span class=\"citation-2 recitation citation-end-2\"> Il PC offre una buona chiarezza ottica, garantendo un'esperienza tattile chiara e reattiva.<\/span><\/li>\n<\/ul>\n<h3 data-sourcepos=\"12:1-12:37\">Applicazioni:<\/h3>\n<ul>\n<li><span class=\"citation-3 recitation\">Automazione industriale:<\/span><span class=\"citation-3 recitation citation-end-3\"> I touch screen per PC sono ampiamente utilizzati nei pannelli di controllo e nei macchinari industriali grazie alla loro durata e resistenza alle condizioni pi\u00f9 difficili.<\/span><\/li>\n<li>Chioschi all'aperto: I touch screen PC sono adatti per chioschi e terminali informativi all'aperto, in quanto possono resistere all'esposizione agli elementi.<\/li>\n<li>Automotive: Il PC \u00e8 utilizzato nei sistemi di infotainment e negli schermi di navigazione delle automobili, dove la durata e la resistenza alle temperature sono essenziali.<\/li>\n<li><span class=\"citation-4 recitation\">Dispositivi medici:<\/span><span class=\"citation-4 recitation citation-end-4\"> I touch screen dei PC sono presenti nelle apparecchiature mediche, come i dispositivi diagnostici e i sistemi di monitoraggio dei pazienti.<\/span><\/li>\n<\/ul>\n<h3 data-sourcepos=\"19:1-19:44\">Confronto tra schermi tattili in PMMA e PC:<\/h3>\n<div class=\"horizontal-scroll-wrapper\">\n<div class=\"table-block-component\">\n<div class=\"table-block\">\n<div class=\"table-content not-end-of-paragraph\">\n<table style=\"height: 170px;\" width=\"612\" data-sourcepos=\"21:1-27:25\">\n<tbody>\n<tr data-sourcepos=\"21:1-21:23\">\n<th data-sourcepos=\"21:1-21:9\">Caratteristica<\/th>\n<th data-sourcepos=\"21:11-21:16\">PMMA<\/th>\n<th data-sourcepos=\"21:18-21:21\">PC<\/th>\n<\/tr>\n<tr data-sourcepos=\"23:1-23:40\">\n<td data-sourcepos=\"23:1-23:19\">Resistenza agli urti<\/td>\n<td data-sourcepos=\"23:21-23:26\">Buono<\/td>\n<td data-sourcepos=\"23:28-23:38\">Eccellente<\/td>\n<\/tr>\n<tr data-sourcepos=\"24:1-24:45\">\n<td data-sourcepos=\"24:1-24:24\">Resistenza alla temperatura<\/td>\n<td data-sourcepos=\"24:26-24:31\">Buono<\/td>\n<td data-sourcepos=\"24:33-24:43\">Eccellente<\/td>\n<\/tr>\n<tr data-sourcepos=\"25:1-25:42\">\n<td data-sourcepos=\"25:1-25:21\">Resistenza chimica<\/td>\n<td data-sourcepos=\"25:23-25:28\">Buono<\/td>\n<td data-sourcepos=\"25:30-25:40\">Eccellente<\/td>\n<\/tr>\n<tr data-sourcepos=\"26:1-26:38\">\n<td data-sourcepos=\"26:1-26:17\">Chiarezza ottica<\/td>\n<td data-sourcepos=\"26:19-26:29\">Eccellente<\/td>\n<td data-sourcepos=\"26:31-26:36\">Buono<\/td>\n<\/tr>\n<tr data-sourcepos=\"27:1-27:25\">\n<td data-sourcepos=\"27:1-27:6\">Costo<\/td>\n<td data-sourcepos=\"27:8-27:14\">Pi\u00f9 basso<\/td>\n<td data-sourcepos=\"27:16-27:23\">Pi\u00f9 alto<\/td>\n<\/tr>\n<\/tbody>\n<\/table>\n<\/div>\n<\/div>\n<\/div>\n<\/div>","protected":false},"excerpt":{"rendered":"<p>I touch screen in PC (policarbonato) sono un'altra opzione popolare per i dispositivi elettronici, in quanto offrono un'eccellente durata e resistenza agli urti. Sono spesso utilizzati in applicazioni in cui la durata e la robustezza sono essenziali.<\/p>\n<p>In conclusione, sia i touch screen in PMMA che quelli in PC offrono prestazioni e durata eccellenti. La scelta tra i due materiali dipende dai requisiti specifici dell'applicazione. Il PMMA \u00e8 generalmente pi\u00f9 economico e offre un'eccellente chiarezza ottica, mentre il PC \u00e8 noto per la sua eccezionale resistenza agli urti e alle temperature.<\/p>","protected":false},"featured_media":2180,"template":"","meta":[],"product_cat":[43],"product_tag":[],"_links":{"self":[{"href":"https:\/\/touchscreenmfg.com\/it\/wp-json\/wp\/v2\/product\/2179"}],"collection":[{"href":"https:\/\/touchscreenmfg.com\/it\/wp-json\/wp\/v2\/product"}],"about":[{"href":"https:\/\/touchscreenmfg.com\/it\/wp-json\/wp\/v2\/types\/product"}],"wp:featuredmedia":[{"embeddable":true,"href":"https:\/\/touchscreenmfg.com\/it\/wp-json\/wp\/v2\/media\/2180"}],"wp:attachment":[{"href":"https:\/\/touchscreenmfg.com\/it\/wp-json\/wp\/v2\/media?parent=2179"}],"wp:term":[{"taxonomy":"product_cat","embeddable":true,"href":"https:\/\/touchscreenmfg.com\/it\/wp-json\/wp\/v2\/product_cat?post=2179"},{"taxonomy":"product_tag","embeddable":true,"href":"https:\/\/touchscreenmfg.com\/it\/wp-json\/wp\/v2\/product_tag?post=2179"}],"curies":[{"name":"wp","href":"https:\/\/api.w.org\/{rel}","templated":true}]}}