{"id":2177,"date":"2024-09-20T08:00:55","date_gmt":"2024-09-20T08:00:55","guid":{"rendered":"https:\/\/touchscreenmfg.com\/?post_type=product&#038;p=2177"},"modified":"2025-03-15T09:13:16","modified_gmt":"2025-03-15T09:13:16","slug":"pmma-touch-screen","status":"publish","type":"product","link":"https:\/\/touchscreenmfg.com\/it\/pmma-touch-screen\/","title":{"rendered":"Touch screen in PMMA"},"content":{"rendered":"<h2>Touch screen in PMMA: Una scelta chiara e reattiva<\/h2>\n<h3 data-sourcepos=\"5:1-5:38\">Vantaggi principali:<\/h3>\n<ul data-sourcepos=\"7:1-8:61\">\n<li data-sourcepos=\"7:1-7:108\">Alta trasparenza: <a href=\"https:\/\/nylon-granules.com\/acrylic-sheet\/\" target=\"_blank\" rel=\"noopener\">PMMA<\/a> offre un'eccellente chiarezza e visibilit\u00e0, garantendo una visualizzazione chiara e nitida.<\/li>\n<li data-sourcepos=\"8:1-8:61\">Leggerezza: Il PMMA \u00e8 un materiale relativamente leggero, che lo rende adatto ai dispositivi portatili.<\/li>\n<li data-sourcepos=\"9:1-9:97\">Resistenza ai graffi: Il PMMA offre una buona resistenza ai graffi, proteggendo lo schermo dai danni.<\/li>\n<li data-sourcepos=\"10:1-10:29\">Resistenza chimica: Il PMMA \u00e8 resistente a una serie di sostanze chimiche, che lo rendono adatto all'uso in ambienti difficili.<\/li>\n<li data-sourcepos=\"11:1-12:0\">Economico: Il PMMA \u00e8 generalmente pi\u00f9 conveniente rispetto ad altri materiali come il vetro.<\/li>\n<\/ul>\n<h3 data-sourcepos=\"13:1-13:39\">Applicazioni:<\/h3>\n<ul data-sourcepos=\"15:1-17:89\">\n<li data-sourcepos=\"15:1-15:170\">Smartphone e tablet: Il PMMA \u00e8 comunemente utilizzato nei touchscreen di smartphone e tablet grazie alla sua combinazione di chiarezza, durata ed economicit\u00e0.<\/li>\n<li data-sourcepos=\"16:1-16:150\">Sistemi POS (Point-of-Sale): I touch screen in PMMA sono ampiamente utilizzati nei settori della vendita al dettaglio e dell'ospitalit\u00e0 per le interazioni e le transazioni con i clienti.<\/li>\n<li data-sourcepos=\"17:1-17:89\">Automazione industriale: I touch screen in PMMA sono utilizzati nei pannelli di controllo industriali e nelle macchine per l'input dell'operatore.<\/li>\n<li data-sourcepos=\"18:1-19:0\">Dispositivi medici: I touch screen in PMMA si trovano in apparecchiature mediche come dispositivi diagnostici e sistemi di monitoraggio dei pazienti.<\/li>\n<\/ul>\n<h3 data-sourcepos=\"20:1-20:68\">Sebbene il PMMA offra molti vantaggi, presenta anche alcuni limiti:<\/h3>\n<ul data-sourcepos=\"22:1-24:0\">\n<li data-sourcepos=\"22:1-22:86\">Durezza: Il PMMA non \u00e8 duro come il vetro e quindi \u00e8 pi\u00f9 soggetto ai graffi.<\/li>\n<li data-sourcepos=\"23:1-24:0\">Sensibilit\u00e0 alla temperatura: Il PMMA pu\u00f2 essere influenzato da temperature estreme, che possono influire sulle sue prestazioni.<\/li>\n<\/ul>","protected":false},"excerpt":{"rendered":"<p data-sourcepos=\"3:1-3:93\">Il PMMA, o polimetilmetacrilato, \u00e8 un materiale popolare per i touch screen grazie alle sue eccellenti propriet\u00e0 ottiche e di durata. I touch screen in PMMA offrono una soluzione chiara, reattiva ed economica per diversi dispositivi elettronici.<\/p>\n<p data-sourcepos=\"3:1-3:93\">Nel complesso, i touch screen in PMMA rappresentano una soluzione affidabile ed economica per un'ampia gamma di applicazioni. La loro combinazione di chiarezza, durata e convenienza li rende una scelta popolare nell'industria elettronica.<\/p>","protected":false},"featured_media":2178,"template":"","meta":[],"product_cat":[43],"product_tag":[],"_links":{"self":[{"href":"https:\/\/touchscreenmfg.com\/it\/wp-json\/wp\/v2\/product\/2177"}],"collection":[{"href":"https:\/\/touchscreenmfg.com\/it\/wp-json\/wp\/v2\/product"}],"about":[{"href":"https:\/\/touchscreenmfg.com\/it\/wp-json\/wp\/v2\/types\/product"}],"wp:featuredmedia":[{"embeddable":true,"href":"https:\/\/touchscreenmfg.com\/it\/wp-json\/wp\/v2\/media\/2178"}],"wp:attachment":[{"href":"https:\/\/touchscreenmfg.com\/it\/wp-json\/wp\/v2\/media?parent=2177"}],"wp:term":[{"taxonomy":"product_cat","embeddable":true,"href":"https:\/\/touchscreenmfg.com\/it\/wp-json\/wp\/v2\/product_cat?post=2177"},{"taxonomy":"product_tag","embeddable":true,"href":"https:\/\/touchscreenmfg.com\/it\/wp-json\/wp\/v2\/product_tag?post=2177"}],"curies":[{"name":"wp","href":"https:\/\/api.w.org\/{rel}","templated":true}]}}