{"id":1862,"date":"2024-08-07T02:42:39","date_gmt":"2024-08-07T02:42:39","guid":{"rendered":"https:\/\/touchscreenmfg.com\/?post_type=product&#038;p=1862"},"modified":"2024-08-07T02:54:53","modified_gmt":"2024-08-07T02:54:53","slug":"car-center-console-touch-film","status":"publish","type":"product","link":"https:\/\/touchscreenmfg.com\/it\/car-center-console-touch-film\/","title":{"rendered":"Pellicola tattile per console centrale auto"},"content":{"rendered":"<h3><strong>Applicazioni della pellicola tattile<\/strong><\/h3>\n<p id=\"tw-target-text\" class=\"tw-data-text tw-text-large tw-ta\" dir=\"ltr\" data-placeholder=\"Translation\" aria-label=\"Testo tradotto\" data-ved=\"2ahUKEwie_Z3B7OGHAxW_bfUHHYxgEGkQ3ewLegQIERAU\"><span class=\"Y2IQFc\" lang=\"en\">L'autocapacit\u00e0 determina se un dito tocca l'elettrodo rilevando le variazioni della capacit\u00e0 elettrostatica. La capacit\u00e0 viene scansionata e rilevata secondo un determinato ciclo. In base alla variazione del valore misurato, si pu\u00f2 giudicare se un dito tocca l'elettrodo. L'MCU esegue un ciclo in base a un determinato valore. La capacit\u00e0 dell'elettrodo viene scansionata e rilevata. Quando il dito \u00e8 lontano dall'elettrodo, il valore della capacit\u00e0 rimane stabile. Quando un dito si avvicina o tocca il valore di capacit\u00e0, il valore di capacit\u00e0 aumenta e il valore di conteggio aumenta. Quando il dito si allontana dall'elettrodo, il valore di capacit\u00e0 diminuisce del valore di conteggio. Il valore di conteggio che diminuisce e rimane stabile quando il dito si allontana dall'elettrodo \u00e8 chiamato valore di base. A questo valore di base sovrapponiamo un valore di soglia, detto valore critico. Quando il valore di conteggio \u00e8 superiore a questo valore critico, l'interruttore di giudizio \u00e8 attivo. Quando il valore di conteggio \u00e8 inferiore a questo valore critico, l'interruttore viene giudicato OFF.<\/span><\/p>","protected":false},"excerpt":{"rendered":"<h3 id=\"tw-target-text\" class=\"tw-data-text tw-text-large tw-ta\" dir=\"ltr\" data-placeholder=\"Translation\" aria-label=\"Testo tradotto\" data-ved=\"2ahUKEwie_Z3B7OGHAxW_bfUHHYxgEGkQ3ewLegQIERAU\"><strong><span class=\"Y2IQFc\" lang=\"en\">Principio di implementazione della pellicola tattile<\/span><\/strong><\/h3>\n<p>La velocit\u00e0 di movimento della carica \u00e8 costante, quindi pi\u00f9 grande \u00e8 la capacit\u00e0, pi\u00f9 lungo \u00e8 il tempo di carica e scarica e maggiore \u00e8 la quantit\u00e0 di corrente. Pertanto, possiamo utilizzare la durata del tempo di carica e di scarica e la quantit\u00e0 di corrente di carica e di scarica per valutare le dimensioni del condensatore. Finch\u00e9 esiste uno stato che possiamo raggiungere e raccogliere un cambiamento di stato stabile, possiamo utilizzare questo cambiamento per implementare un segnale di commutazione.<\/p>","protected":false},"featured_media":1863,"template":"","meta":[],"product_cat":[42],"product_tag":[],"_links":{"self":[{"href":"https:\/\/touchscreenmfg.com\/it\/wp-json\/wp\/v2\/product\/1862"}],"collection":[{"href":"https:\/\/touchscreenmfg.com\/it\/wp-json\/wp\/v2\/product"}],"about":[{"href":"https:\/\/touchscreenmfg.com\/it\/wp-json\/wp\/v2\/types\/product"}],"wp:featuredmedia":[{"embeddable":true,"href":"https:\/\/touchscreenmfg.com\/it\/wp-json\/wp\/v2\/media\/1863"}],"wp:attachment":[{"href":"https:\/\/touchscreenmfg.com\/it\/wp-json\/wp\/v2\/media?parent=1862"}],"wp:term":[{"taxonomy":"product_cat","embeddable":true,"href":"https:\/\/touchscreenmfg.com\/it\/wp-json\/wp\/v2\/product_cat?post=1862"},{"taxonomy":"product_tag","embeddable":true,"href":"https:\/\/touchscreenmfg.com\/it\/wp-json\/wp\/v2\/product_tag?post=1862"}],"curies":[{"name":"wp","href":"https:\/\/api.w.org\/{rel}","templated":true}]}}