{"id":1627,"date":"2024-06-29T01:18:12","date_gmt":"2024-06-29T01:18:12","guid":{"rendered":"https:\/\/touchscreenmfg.com\/?post_type=product&#038;p=1627"},"modified":"2024-06-29T01:50:18","modified_gmt":"2024-06-29T01:50:18","slug":"planar-resistive-touch-screen","status":"publish","type":"product","link":"https:\/\/touchscreenmfg.com\/it\/planar-resistive-touch-screen\/","title":{"rendered":"Touch screen resistivo planare"},"content":{"rendered":"<p data-sourcepos=\"3:1-3:111\">I touch screen resistivi Planar offrono una soluzione comprovata e conveniente per le applicazioni touch-enabled. Questi touch screen durevoli utilizzano uno strato sensibile alla pressione che risponde al contatto fisico, offrendo un'esperienza tattile affidabile e intuitiva.<\/p>\n<p data-sourcepos=\"5:1-5:51\"><strong>Caratteristiche principali:<\/strong><\/p>\n<ul data-sourcepos=\"7:1-9:11\">\n<li data-sourcepos=\"7:1-8:0\">\n<p data-sourcepos=\"7:3-7:185\"><strong>Riconoscimento tattile preciso e reattivo:<\/strong> I touch screen resistivi planari offrono un rilevamento preciso del tocco, garantendo un'interazione accurata e reattiva con i display touch screen.<\/p>\n<\/li>\n<li data-sourcepos=\"9:1-9:11\">\n<p data-sourcepos=\"9:3-9:11\"><strong>Costruzione resistente:<\/strong> Il design robusto dei touch screen resistivi resiste all'uso intenso e agli ambienti difficili, rendendoli ideali per le applicazioni commerciali e industriali.<\/p>\n<\/li>\n<li data-sourcepos=\"11:1-11:27\">\n<p data-sourcepos=\"11:3-11:27\"><strong>Soluzione economicamente vantaggiosa:<\/strong> Rispetto ai touch screen capacitivi, quelli a pressione offrono un'opzione pi\u00f9 conveniente, soprattutto per i display di dimensioni maggiori.<\/p>\n<\/li>\n<\/ul>\n<p data-sourcepos=\"13:1-13:51\"><strong>Applicazioni:<\/strong><\/p>\n<ul data-sourcepos=\"15:1-18:0\">\n<li data-sourcepos=\"15:1-16:0\">\n<p data-sourcepos=\"15:3-15:180\"><strong>Sistemi POS (Point-of-Sale):<\/strong> I touch screen resistivi sono ampiamente utilizzati nei sistemi POS per la loro affidabilit\u00e0, economicit\u00e0 e capacit\u00e0 di resistere a tocchi frequenti.<\/p>\n<\/li>\n<li data-sourcepos=\"17:1-18:0\">\n<p data-sourcepos=\"17:3-17:177\"><strong>Pannelli di controllo industriali:<\/strong> In ambito industriale, i touch screen resistivi rappresentano una soluzione robusta e duratura per il controllo dei macchinari e il monitoraggio dei processi.<\/p>\n<\/li>\n<li data-sourcepos=\"19:1-20:0\">\n<p data-sourcepos=\"19:3-19:161\"><strong>Chioschi di informazione al pubblico:<\/strong> Gli schermi tattili resistivi planari consentono di realizzare chioschi interattivi per le informazioni pubbliche, offrendo una navigazione e un accesso semplici alle informazioni.<\/p>\n<\/li>\n<li data-sourcepos=\"21:1-22:0\">\n<p data-sourcepos=\"21:3-21:176\"><strong>Esposizioni didattiche:<\/strong> In ambito educativo, gli schermi tattili a pressione facilitano le esperienze di apprendimento interattivo e coinvolgono gli studenti con attivit\u00e0 basate sul tatto.<\/p>\n<\/li>\n<\/ul>","protected":false},"excerpt":{"rendered":"<p>I touch screen resistivi planari continuano a essere una scelta popolare per un'ampia gamma di applicazioni grazie alle loro prestazioni affidabili, alla convenienza e alla durata. Offrono una soluzione comprovata e conveniente per i display touch-enabled, rendendoli una risorsa preziosa per vari settori e ambienti.<\/p>","protected":false},"featured_media":1569,"template":"","meta":[],"product_cat":[41],"product_tag":[],"_links":{"self":[{"href":"https:\/\/touchscreenmfg.com\/it\/wp-json\/wp\/v2\/product\/1627"}],"collection":[{"href":"https:\/\/touchscreenmfg.com\/it\/wp-json\/wp\/v2\/product"}],"about":[{"href":"https:\/\/touchscreenmfg.com\/it\/wp-json\/wp\/v2\/types\/product"}],"wp:featuredmedia":[{"embeddable":true,"href":"https:\/\/touchscreenmfg.com\/it\/wp-json\/wp\/v2\/media\/1569"}],"wp:attachment":[{"href":"https:\/\/touchscreenmfg.com\/it\/wp-json\/wp\/v2\/media?parent=1627"}],"wp:term":[{"taxonomy":"product_cat","embeddable":true,"href":"https:\/\/touchscreenmfg.com\/it\/wp-json\/wp\/v2\/product_cat?post=1627"},{"taxonomy":"product_tag","embeddable":true,"href":"https:\/\/touchscreenmfg.com\/it\/wp-json\/wp\/v2\/product_tag?post=1627"}],"curies":[{"name":"wp","href":"https:\/\/api.w.org\/{rel}","templated":true}]}}