{"id":1619,"date":"2024-06-29T01:06:11","date_gmt":"2024-06-29T01:06:11","guid":{"rendered":"https:\/\/touchscreenmfg.com\/manufacturer\/aio-pc-cover-glass\/"},"modified":"2024-06-29T02:32:50","modified_gmt":"2024-06-29T02:32:50","slug":"aio-pc-cover-glass","status":"publish","type":"product","link":"https:\/\/touchscreenmfg.com\/it\/aio-pc-cover-glass\/","title":{"rendered":"Vetro di copertura del PC AIO"},"content":{"rendered":"<h2 class=\"\" data-sourcepos=\"3:1-3:89\">Vetro di copertura per PC AIO: Eleva l'estetica del tuo PC AIO con una protezione elegante e raffinata<\/h2>\n<p data-sourcepos=\"5:1-5:54\">Il vetro di copertura per PC AIO, noto anche come vetro di copertura 3D, \u00e8 un pannello di vetro di qualit\u00e0 superiore progettato per migliorare l'aspetto e proteggere il PC All-in-One (AIO). Queste eleganti coperture in vetro offrono una combinazione unica di fascino estetico e vantaggi funzionali, trasformando il vostro PC AIO in un elemento centrale del vostro spazio di lavoro o di intrattenimento domestico.<\/p>\n<p data-sourcepos=\"7:1-7:39\"><strong>Caratteristiche principali :<\/strong><\/p>\n<ul data-sourcepos=\"9:1-9:9\">\n<li data-sourcepos=\"9:1-9:9\">\n<p data-sourcepos=\"9:3-9:199\"><strong>Design elegante e moderno:<\/strong> Il vetro di copertura per PC AIO presenta un design elegante e moderno che completa l'estetica minimalista dei PC AIO, aggiungendo un tocco di eleganza e raffinatezza alla vostra configurazione.<\/p>\n<\/li>\n<li data-sourcepos=\"11:1-12:0\">\n<p data-sourcepos=\"11:3-11:189\"><strong>Miglioramento dell'attrattiva visiva:<\/strong> Il vetro trasparente lascia trasparire i componenti interni del PC AIO, creando un effetto visivo straordinario che mette in mostra la tecnologia al suo interno.<\/p>\n<\/li>\n<li data-sourcepos=\"13:1-13:125\">\n<p data-sourcepos=\"13:3-13:125\"><strong>Design dei bordi 3D:<\/strong> Molti pannelli di vetro di copertura per AIO PC presentano un design con bordi 3D che si curvano elegantemente intorno ai bordi del PC AIO, offrendo un aspetto liscio e raffinato.<\/p>\n<\/li>\n<li data-sourcepos=\"15:1-16:0\">\n<p data-sourcepos=\"15:3-15:211\"><strong>Resistenza ai graffi e agli urti:<\/strong> In genere \u00e8 realizzato in vetro temperato, altamente resistente a graffi, urti e impronte digitali, che garantisce una protezione duratura per il PC AIO.<\/p>\n<\/li>\n<\/ul>\n<p data-sourcepos=\"17:1-17:39\"><strong>Applicazioni:<\/strong><\/p>\n<ul data-sourcepos=\"19:1-24:0\">\n<li data-sourcepos=\"19:1-20:0\">\n<p data-sourcepos=\"19:3-19:171\"><strong>PC AIO:<\/strong> Il vetro di copertura per PC AIO \u00e8 stato progettato specificamente per i PC AIO, garantendo una perfetta aderenza e migliorando l'aspetto generale di questi computer desktop compatti.<\/p>\n<\/li>\n<li data-sourcepos=\"21:1-22:0\">\n<p data-sourcepos=\"21:3-21:207\"><strong>Centri di intrattenimento per la casa:<\/strong> I PC AIO sono spesso utilizzati come parte dei centri di intrattenimento domestico e possono elevare il fascino estetico di queste configurazioni, rendendole un punto focale della stanza.<\/p>\n<\/li>\n<li data-sourcepos=\"23:1-24:0\">\n<p data-sourcepos=\"23:3-23:174\"><strong>Spazi di lavoro:<\/strong> I PC AIO stanno diventando sempre pi\u00f9 popolari anche negli spazi di lavoro e il vetro di copertura per PC AIO pu\u00f2 aggiungere un tocco di professionalit\u00e0 e stile a qualsiasi ambiente d'ufficio.<\/p>\n<\/li>\n<\/ul>","protected":false},"excerpt":{"rendered":"<p>Il vetro di copertura AIO PC \u00e8 un'aggiunta preziosa a qualsiasi PC AIO, in quanto offre una combinazione di miglioramento estetico e protezione funzionale. Grazie al suo design elegante, ai dettagli dei bordi in 3D e alle propriet\u00e0 antigraffio, AIO PC Cover Glass trasforma il vostro PC AIO in un oggetto elegante e protetto.<\/p>","protected":false},"featured_media":1580,"template":"","meta":[],"product_cat":[15],"product_tag":[],"_links":{"self":[{"href":"https:\/\/touchscreenmfg.com\/it\/wp-json\/wp\/v2\/product\/1619"}],"collection":[{"href":"https:\/\/touchscreenmfg.com\/it\/wp-json\/wp\/v2\/product"}],"about":[{"href":"https:\/\/touchscreenmfg.com\/it\/wp-json\/wp\/v2\/types\/product"}],"wp:featuredmedia":[{"embeddable":true,"href":"https:\/\/touchscreenmfg.com\/it\/wp-json\/wp\/v2\/media\/1580"}],"wp:attachment":[{"href":"https:\/\/touchscreenmfg.com\/it\/wp-json\/wp\/v2\/media?parent=1619"}],"wp:term":[{"taxonomy":"product_cat","embeddable":true,"href":"https:\/\/touchscreenmfg.com\/it\/wp-json\/wp\/v2\/product_cat?post=1619"},{"taxonomy":"product_tag","embeddable":true,"href":"https:\/\/touchscreenmfg.com\/it\/wp-json\/wp\/v2\/product_tag?post=1619"}],"curies":[{"name":"wp","href":"https:\/\/api.w.org\/{rel}","templated":true}]}}