{"id":1616,"date":"2024-06-29T01:06:11","date_gmt":"2024-06-29T01:06:11","guid":{"rendered":"https:\/\/touchscreenmfg.com\/manufacturer\/3d-cover-glass\/"},"modified":"2024-06-29T03:02:20","modified_gmt":"2024-06-29T03:02:20","slug":"3d-cover-glass","status":"publish","type":"product","link":"https:\/\/touchscreenmfg.com\/it\/3d-cover-glass\/","title":{"rendered":"Vetro di copertura 3D"},"content":{"rendered":"<h2 class=\"\" data-sourcepos=\"1:1-1:67\">Vetro di copertura 3D: Il futuro dei display eleganti e resistenti<\/h2>\n<p data-sourcepos=\"3:1-3:68\">Il vetro di copertura 3D, noto anche come vetro di copertura curvo, \u00e8 un tipo di vetro rivoluzionario che sta trasformando il design e la funzionalit\u00e0 dei dispositivi elettronici. A differenza del tradizionale vetro di copertura piatto, presenta una forma curva che si adatta perfettamente ai contorni dei moderni display curvi. Questo design innovativo offre una serie di vantaggi rispetto al vetro di copertura piatto, rendendolo la scelta preferita da produttori e consumatori.<\/p>\n<p data-sourcepos=\"5:1-5:2\"><strong>Caratteristiche principali:<\/strong><\/p>\n<ul data-sourcepos=\"7:1-7:103\">\n<li data-sourcepos=\"7:1-7:103\">\n<p class=\"\" data-sourcepos=\"7:3-7:170\"><strong class=\"\">Design elegante e raffinato:<\/strong> Migliora l'estetica dei dispositivi creando una superficie liscia e continua che si fonde perfettamente con il display curvo.<\/p>\n<\/li>\n<li data-sourcepos=\"9:1-10:0\">\n<p data-sourcepos=\"9:3-9:177\"><strong>Maggiore durata:<\/strong> La forma curva del vetro di copertura 3D fornisce un migliore supporto strutturale, rendendolo pi\u00f9 resistente agli urti e ai graffi rispetto al vetro di copertura piatto.<\/p>\n<\/li>\n<li data-sourcepos=\"11:1-12:0\">\n<p data-sourcepos=\"11:3-11:160\"><strong>Display Edge-to-Edge migliorato:<\/strong> Permette di avere display edge-to-edge, massimizzando l'area di visualizzazione e creando un'esperienza d'uso pi\u00f9 coinvolgente.<\/p>\n<\/li>\n<li data-sourcepos=\"13:1-13:105\">\n<p data-sourcepos=\"13:3-13:105\"><strong>Compatibilit\u00e0 con lo schermo tattile:<\/strong> \u00c8 pienamente compatibile con la tecnologia touchscreen, garantendo un'interazione tattile senza soluzione di continuit\u00e0.<\/p>\n<\/li>\n<\/ul>\n<p data-sourcepos=\"15:1-15:35\"><strong>Applicazioni:<\/strong><\/p>\n<ul data-sourcepos=\"17:1-24:0\">\n<li data-sourcepos=\"17:1-18:0\">\n<p data-sourcepos=\"17:3-17:135\"><strong>Smartphone:<\/strong> \u00c8 ampiamente utilizzato negli smartphone di fascia alta, contribuendo al loro design elegante e alla loro struttura resistente.<\/p>\n<\/li>\n<li data-sourcepos=\"19:1-20:0\">\n<p data-sourcepos=\"19:3-19:118\"><strong>Compresse:<\/strong> I tablet incorporano sempre pi\u00f9 spesso il vetro di copertura 3D per i loro display pi\u00f9 grandi e per la migliore esperienza d'uso.<\/p>\n<\/li>\n<li data-sourcepos=\"21:1-22:0\">\n<p data-sourcepos=\"21:3-21:113\"><strong>Computer portatili:<\/strong> Alcuni laptop di fascia alta sono dotati di Cover Glass 3D per i loro display touch-enabled e per l'estetica elegante.<\/p>\n<\/li>\n<li data-sourcepos=\"23:1-24:0\">\n<p data-sourcepos=\"23:3-23:146\"><strong>Smartwatches:<\/strong>Si sta facendo strada negli smartwatch, fornendo una copertura pi\u00f9 resistente e visivamente accattivante per i loro display.<\/p>\n<\/li>\n<\/ul>","protected":false},"excerpt":{"rendered":"<p>Il vetro di copertura 3D \u00e8 una novit\u00e0 assoluta nel mondo dei dispositivi elettronici, in quanto offre una combinazione di design elegante, maggiore durata e migliori capacit\u00e0 di visualizzazione. Con il progredire della tecnologia, \u00e8 destinato a diventare ancora pi\u00f9 diffuso, plasmando il futuro di smartphone, tablet, computer portatili e altri dispositivi.<\/p>","protected":false},"featured_media":1577,"template":"","meta":[],"product_cat":[15],"product_tag":[],"_links":{"self":[{"href":"https:\/\/touchscreenmfg.com\/it\/wp-json\/wp\/v2\/product\/1616"}],"collection":[{"href":"https:\/\/touchscreenmfg.com\/it\/wp-json\/wp\/v2\/product"}],"about":[{"href":"https:\/\/touchscreenmfg.com\/it\/wp-json\/wp\/v2\/types\/product"}],"wp:featuredmedia":[{"embeddable":true,"href":"https:\/\/touchscreenmfg.com\/it\/wp-json\/wp\/v2\/media\/1577"}],"wp:attachment":[{"href":"https:\/\/touchscreenmfg.com\/it\/wp-json\/wp\/v2\/media?parent=1616"}],"wp:term":[{"taxonomy":"product_cat","embeddable":true,"href":"https:\/\/touchscreenmfg.com\/it\/wp-json\/wp\/v2\/product_cat?post=1616"},{"taxonomy":"product_tag","embeddable":true,"href":"https:\/\/touchscreenmfg.com\/it\/wp-json\/wp\/v2\/product_tag?post=1616"}],"curies":[{"name":"wp","href":"https:\/\/api.w.org\/{rel}","templated":true}]}}