{"id":1615,"date":"2024-06-29T01:06:11","date_gmt":"2024-06-29T01:06:11","guid":{"rendered":"https:\/\/touchscreenmfg.com\/manufacturer\/chemically-tempered-cover-glass\/"},"modified":"2024-06-29T03:26:40","modified_gmt":"2024-06-29T03:26:40","slug":"chemically-tempered-cover-glass","status":"publish","type":"product","link":"https:\/\/touchscreenmfg.com\/it\/chemically-tempered-cover-glass\/","title":{"rendered":"Vetro di copertura temperato chimicamente"},"content":{"rendered":"<h2 class=\"\" data-sourcepos=\"1:1-1:91\">Vetro di copertura temperato chimicamente: Migliorare la durata e la chiarezza dei dispositivi elettronici<\/h2>\n<p data-sourcepos=\"3:1-3:72\">Il vetro di copertura temperato chimicamente, noto anche come vetro scambiato con ioni, \u00e8 un tipo di vetro sottoposto a un trattamento chimico per migliorarne la resistenza e la durata. Questo processo, che in genere prevede lo scambio di ioni sodio nel vetro con ioni potassio, crea uno strato di tensione compressiva sulla superficie, rendendo il vetro pi\u00f9 resistente ai graffi, agli urti e agli shock termici.<\/p>\n<p data-sourcepos=\"5:1-5:49\"><strong>Caratteristiche principali:<\/strong><\/p>\n<ul data-sourcepos=\"7:1-9:1\">\n<li data-sourcepos=\"7:1-8:0\">\n<p data-sourcepos=\"7:3-7:166\"><strong>Forza potenziata:<\/strong> In genere \u00e8 da sei a otto volte pi\u00f9 resistente del vetro ordinario, il che lo rende meno soggetto a rotture e graffi.<\/p>\n<\/li>\n<li data-sourcepos=\"9:1-9:1\">\n<p data-sourcepos=\"9:3-9:140\"><strong>Chiarezza ottica:<\/strong> Il processo di scambio ionico non altera le propriet\u00e0 ottiche del vetro, preservandone la trasparenza e la chiarezza.<\/p>\n<\/li>\n<li data-sourcepos=\"11:1-12:0\">\n<p data-sourcepos=\"11:3-11:145\"><strong>Versatilit\u00e0:<\/strong> Pu\u00f2 essere tagliato e modellato in varie forme, rendendolo adatto a un'ampia gamma di applicazioni.<\/p>\n<\/li>\n<li data-sourcepos=\"13:1-14:0\">\n<p data-sourcepos=\"13:3-13:163\"><strong>Spessore ridotto:<\/strong> Pu\u00f2 essere prodotto in sezioni pi\u00f9 sottili rispetto al vetro temperato termicamente, consentendo di ottenere dispositivi pi\u00f9 leggeri ed eleganti.<\/p>\n<\/li>\n<\/ul>\n<p data-sourcepos=\"15:1-15:52\"><strong>Applicazioni:<\/strong><\/p>\n<ul data-sourcepos=\"17:1-19:1\">\n<li data-sourcepos=\"17:1-18:0\">\n<p data-sourcepos=\"17:3-17:184\"><strong>Smartphone e tablet:<\/strong>\u00c8 ampiamente utilizzato in smartphone e tablet per proteggere i delicati display da graffi, urti e cadute accidentali.<\/p>\n<\/li>\n<li data-sourcepos=\"19:1-19:1\">\n<p data-sourcepos=\"19:3-19:159\"><strong>Laptop e dispositivi portatili:<\/strong> I computer portatili, i tablet e altri dispositivi portatili utilizzano spesso vetri temperati chimicamente per i loro display e touchscreen.<\/p>\n<\/li>\n<li data-sourcepos=\"21:1-22:0\">\n<p data-sourcepos=\"21:3-21:151\"><strong>Display per autoveicoli:<\/strong> Viene utilizzato sempre pi\u00f9 spesso nei display automobilistici grazie alla sua durata e alla sua chiarezza ottica.<\/p>\n<\/li>\n<li data-sourcepos=\"23:1-24:0\">\n<p data-sourcepos=\"23:3-23:160\"><strong>Orologi intelligenti e indossabili:<\/strong> Gli orologi intelligenti e altri dispositivi indossabili beneficiano della resistenza ai graffi e della forza del vetro di copertura temperato chimicamente.<\/p>\n<\/li>\n<\/ul>\n<p data-sourcepos=\"25:1-25:27\"><strong>Taglio del vetro temperato:<\/strong><\/p>\n<p data-sourcepos=\"27:1-27:276\">Il taglio del vetro di copertura temperato chimicamente richiede tecniche e attrezzature specializzate a causa della sua maggiore resistenza e del potenziale di frantumazione in caso di manipolazione errata. Per un taglio preciso e sicuro del vetro di copertura temperato chimicamente, si raccomanda un servizio di taglio professionale.<\/p>","protected":false},"excerpt":{"rendered":"<p>Il vetro di copertura temperato chimicamente \u00e8 diventato la scelta preferita per proteggere e migliorare i display di vari dispositivi elettronici. La sua combinazione di resistenza, chiarezza ottica e versatilit\u00e0 lo rende un componente essenziale della tecnologia moderna.<\/p>","protected":false},"featured_media":1576,"template":"","meta":[],"product_cat":[15],"product_tag":[],"_links":{"self":[{"href":"https:\/\/touchscreenmfg.com\/it\/wp-json\/wp\/v2\/product\/1615"}],"collection":[{"href":"https:\/\/touchscreenmfg.com\/it\/wp-json\/wp\/v2\/product"}],"about":[{"href":"https:\/\/touchscreenmfg.com\/it\/wp-json\/wp\/v2\/types\/product"}],"wp:featuredmedia":[{"embeddable":true,"href":"https:\/\/touchscreenmfg.com\/it\/wp-json\/wp\/v2\/media\/1576"}],"wp:attachment":[{"href":"https:\/\/touchscreenmfg.com\/it\/wp-json\/wp\/v2\/media?parent=1615"}],"wp:term":[{"taxonomy":"product_cat","embeddable":true,"href":"https:\/\/touchscreenmfg.com\/it\/wp-json\/wp\/v2\/product_cat?post=1615"},{"taxonomy":"product_tag","embeddable":true,"href":"https:\/\/touchscreenmfg.com\/it\/wp-json\/wp\/v2\/product_tag?post=1615"}],"curies":[{"name":"wp","href":"https:\/\/api.w.org\/{rel}","templated":true}]}}