{"id":2179,"date":"2024-09-20T08:13:40","date_gmt":"2024-09-20T08:13:40","guid":{"rendered":"https:\/\/touchscreenmfg.com\/?post_type=product&#038;p=2179"},"modified":"2024-09-20T08:13:56","modified_gmt":"2024-09-20T08:13:56","slug":"pc-touch-screen","status":"publish","type":"product","link":"https:\/\/touchscreenmfg.com\/hu\/pc-touch-screen\/","title":{"rendered":"PC \u00e9rint\u0151k\u00e9perny\u0151"},"content":{"rendered":"<h2>PC \u00e9rint\u0151k\u00e9perny\u0151k: Tart\u00f3s \u00e9s sokoldal\u00fa v\u00e1laszt\u00e1s<\/h2>\n<h3 data-sourcepos=\"5:1-5:39\">Legfontosabb el\u0151ny\u00f6k:<\/h3>\n<ul>\n<li><span class=\"citation-0 recitation\">Nagy \u00fct\u00e9s\u00e1ll\u00f3s\u00e1g:<\/span><span class=\"citation-0 recitation citation-end-0\"> A PC rendk\u00edv\u00fcl \u00fct\u00e9s\u00e1ll\u00f3 anyag, \u00edgy alkalmas olyan eszk\u00f6z\u00f6kh\u00f6z, amelyeket fizikai \u00fct\u00e9sek vagy leejt\u00e9sek \u00e9rhetnek.<\/span><\/li>\n<li>H\u0151m\u00e9rs\u00e9kleti ellen\u00e1ll\u00e1s: A PC sz\u00e9les h\u0151m\u00e9rs\u00e9klet-tartom\u00e1nyt b\u00edr ki, \u00edgy alkalmas k\u00fclt\u00e9ri vagy ipari alkalmaz\u00e1sokhoz.<\/li>\n<li><span class=\"citation-1 recitation\">K\u00e9miai ellen\u00e1ll\u00e1s:<\/span><span class=\"citation-1 recitation citation-end-1\"> A PC sz\u00e1mos vegyszerrel \u00e9s old\u00f3szerrel szemben ellen\u00e1ll\u00f3, \u00edgy tart\u00f3s a zord k\u00f6rnyezetben is.<\/span><\/li>\n<li><span class=\"citation-2 recitation\">Optikai tisztas\u00e1g:<\/span><span class=\"citation-2 recitation citation-end-2\"> A PC j\u00f3 optikai tisztas\u00e1got biztos\u00edt, ami tiszta \u00e9s \u00e9rz\u00e9keny \u00e9rint\u00e9s\u00e9lm\u00e9nyt biztos\u00edt.<\/span><\/li>\n<\/ul>\n<h3 data-sourcepos=\"12:1-12:37\">Alkalmaz\u00e1sok:<\/h3>\n<ul>\n<li><span class=\"citation-3 recitation\">Ipari automatiz\u00e1l\u00e1s:<\/span><span class=\"citation-3 recitation citation-end-3\"> A PC-s \u00e9rint\u0151k\u00e9perny\u0151ket az ipari vez\u00e9rl\u0151panelekben \u00e9s g\u00e9pekben sz\u00e9les k\u00f6rben haszn\u00e1lj\u00e1k, mivel tart\u00f3sak \u00e9s ellen\u00e1ll\u00f3k a zord k\u00f6r\u00fclm\u00e9nyeknek.<\/span><\/li>\n<li>K\u00fclt\u00e9ri kioszkok: A PC \u00e9rint\u0151k\u00e9perny\u0151k alkalmasak k\u00fclt\u00e9ri kioszkok \u00e9s inform\u00e1ci\u00f3s termin\u00e1lok sz\u00e1m\u00e1ra, mivel ellen\u00e1llnak az id\u0151j\u00e1r\u00e1s viszontags\u00e1gainak.<\/li>\n<li>Aut\u00f3ipar: A PC-t az aut\u00f3k infotainment rendszereiben \u00e9s navig\u00e1ci\u00f3s k\u00e9perny\u0151iben haszn\u00e1lj\u00e1k, ahol a tart\u00f3ss\u00e1g \u00e9s a h\u0151m\u00e9rs\u00e9klet-ellen\u00e1ll\u00e1s alapvet\u0151 fontoss\u00e1g\u00fa.<\/li>\n<li><span class=\"citation-4 recitation\">Orvostechnikai eszk\u00f6z\u00f6k:<\/span><span class=\"citation-4 recitation citation-end-4\"> A PC-\u00e9rint\u0151k\u00e9perny\u0151k olyan orvosi berendez\u00e9sekben tal\u00e1lhat\u00f3k, mint a diagnosztikai eszk\u00f6z\u00f6k \u00e9s a betegmegfigyel\u0151 rendszerek.<\/span><\/li>\n<\/ul>\n<h3 data-sourcepos=\"19:1-19:44\">PMMA \u00e9s PC \u00e9rint\u0151k\u00e9perny\u0151k \u00f6sszehasonl\u00edt\u00e1sa:<\/h3>\n<div class=\"horizontal-scroll-wrapper\">\n<div class=\"table-block-component\">\n<div class=\"table-block\">\n<div class=\"table-content not-end-of-paragraph\">\n<table style=\"height: 170px;\" width=\"612\" data-sourcepos=\"21:1-27:25\">\n<tbody>\n<tr data-sourcepos=\"21:1-21:23\">\n<th data-sourcepos=\"21:1-21:9\">Jellemz\u0151<\/th>\n<th data-sourcepos=\"21:11-21:16\">PMMA<\/th>\n<th data-sourcepos=\"21:18-21:21\">PC<\/th>\n<\/tr>\n<tr data-sourcepos=\"23:1-23:40\">\n<td data-sourcepos=\"23:1-23:19\">\u00dct\u00e9s\u00e1ll\u00f3s\u00e1g<\/td>\n<td data-sourcepos=\"23:21-23:26\">J\u00f3<\/td>\n<td data-sourcepos=\"23:28-23:38\">Kiv\u00e1l\u00f3<\/td>\n<\/tr>\n<tr data-sourcepos=\"24:1-24:45\">\n<td data-sourcepos=\"24:1-24:24\">H\u0151m\u00e9rs\u00e9kleti ellen\u00e1ll\u00e1s<\/td>\n<td data-sourcepos=\"24:26-24:31\">J\u00f3<\/td>\n<td data-sourcepos=\"24:33-24:43\">Kiv\u00e1l\u00f3<\/td>\n<\/tr>\n<tr data-sourcepos=\"25:1-25:42\">\n<td data-sourcepos=\"25:1-25:21\">K\u00e9miai ellen\u00e1ll\u00e1s<\/td>\n<td data-sourcepos=\"25:23-25:28\">J\u00f3<\/td>\n<td data-sourcepos=\"25:30-25:40\">Kiv\u00e1l\u00f3<\/td>\n<\/tr>\n<tr data-sourcepos=\"26:1-26:38\">\n<td data-sourcepos=\"26:1-26:17\">Optikai tisztas\u00e1g<\/td>\n<td data-sourcepos=\"26:19-26:29\">Kiv\u00e1l\u00f3<\/td>\n<td data-sourcepos=\"26:31-26:36\">J\u00f3<\/td>\n<\/tr>\n<tr data-sourcepos=\"27:1-27:25\">\n<td data-sourcepos=\"27:1-27:6\">K\u00f6lts\u00e9gek<\/td>\n<td data-sourcepos=\"27:8-27:14\">Als\u00f3<\/td>\n<td data-sourcepos=\"27:16-27:23\">Magasabb<\/td>\n<\/tr>\n<\/tbody>\n<\/table>\n<\/div>\n<\/div>\n<\/div>\n<\/div>","protected":false},"excerpt":{"rendered":"<p>A PC (polikarbon\u00e1t) \u00e9rint\u0151k\u00e9perny\u0151k szint\u00e9n n\u00e9pszer\u0171ek az elektronikus eszk\u00f6z\u00f6k eset\u00e9ben, mivel kiv\u00e1l\u00f3 tart\u00f3ss\u00e1got \u00e9s \u00fct\u00e9s\u00e1ll\u00f3s\u00e1got biztos\u00edtanak. Gyakran haszn\u00e1lj\u00e1k \u0151ket olyan alkalmaz\u00e1sokban, ahol a tart\u00f3ss\u00e1g \u00e9s a robusztuss\u00e1g alapvet\u0151 fontoss\u00e1g\u00fa.<\/p>\n<p>\u00d6sszefoglalva, mind a PMMA, mind a PC \u00e9rint\u0151k\u00e9perny\u0151k kiv\u00e1l\u00f3 teljes\u00edtm\u00e9nyt \u00e9s tart\u00f3ss\u00e1got ny\u00fajtanak. A k\u00e9t anyag k\u00f6z\u00f6tti v\u00e1laszt\u00e1s az alkalmaz\u00e1s egyedi k\u00f6vetelm\u00e9nyeit\u0151l f\u00fcgg. A PMMA \u00e1ltal\u00e1ban k\u00f6lts\u00e9ghat\u00e9konyabb \u00e9s kiv\u00e1l\u00f3 optikai tisztas\u00e1got biztos\u00edt, m\u00edg a PC rendk\u00edv\u00fcli \u00fct\u00e9s- \u00e9s h\u0151m\u00e9rs\u00e9klet\u00e1ll\u00f3s\u00e1g\u00e1r\u00f3l ismert.<\/p>","protected":false},"featured_media":2180,"template":"","meta":[],"product_cat":[43],"product_tag":[],"_links":{"self":[{"href":"https:\/\/touchscreenmfg.com\/hu\/wp-json\/wp\/v2\/product\/2179"}],"collection":[{"href":"https:\/\/touchscreenmfg.com\/hu\/wp-json\/wp\/v2\/product"}],"about":[{"href":"https:\/\/touchscreenmfg.com\/hu\/wp-json\/wp\/v2\/types\/product"}],"wp:featuredmedia":[{"embeddable":true,"href":"https:\/\/touchscreenmfg.com\/hu\/wp-json\/wp\/v2\/media\/2180"}],"wp:attachment":[{"href":"https:\/\/touchscreenmfg.com\/hu\/wp-json\/wp\/v2\/media?parent=2179"}],"wp:term":[{"taxonomy":"product_cat","embeddable":true,"href":"https:\/\/touchscreenmfg.com\/hu\/wp-json\/wp\/v2\/product_cat?post=2179"},{"taxonomy":"product_tag","embeddable":true,"href":"https:\/\/touchscreenmfg.com\/hu\/wp-json\/wp\/v2\/product_tag?post=2179"}],"curies":[{"name":"wp","href":"https:\/\/api.w.org\/{rel}","templated":true}]}}