{"id":2177,"date":"2024-09-20T08:00:55","date_gmt":"2024-09-20T08:00:55","guid":{"rendered":"https:\/\/touchscreenmfg.com\/?post_type=product&#038;p=2177"},"modified":"2025-03-15T09:13:16","modified_gmt":"2025-03-15T09:13:16","slug":"pmma-touch-screen","status":"publish","type":"product","link":"https:\/\/touchscreenmfg.com\/hu\/pmma-touch-screen\/","title":{"rendered":"PMMA \u00e9rint\u0151k\u00e9perny\u0151"},"content":{"rendered":"<h2>PMMA \u00e9rint\u0151k\u00e9perny\u0151k: Egy\u00e9rtelm\u0171 \u00e9s \u00e9rz\u00e9keny v\u00e1laszt\u00e1s<\/h2>\n<h3 data-sourcepos=\"5:1-5:38\">Legfontosabb el\u0151ny\u00f6k:<\/h3>\n<ul data-sourcepos=\"7:1-8:61\">\n<li data-sourcepos=\"7:1-7:108\">Nagyfok\u00fa \u00e1tl\u00e1that\u00f3s\u00e1g: <a href=\"https:\/\/nylon-granules.com\/acrylic-sheet\/\" target=\"_blank\" rel=\"noopener\">PMMA<\/a> kiv\u00e1l\u00f3 tisztas\u00e1got \u00e9s l\u00e1that\u00f3s\u00e1got biztos\u00edt, tiszta \u00e9s \u00e9les megjelen\u00edt\u00e9st biztos\u00edt.<\/li>\n<li data-sourcepos=\"8:1-8:61\">K\u00f6nny\u0171s\u00faly: A PMMA viszonylag k\u00f6nny\u0171 anyag, ez\u00e9rt alkalmas hordozhat\u00f3 eszk\u00f6z\u00f6kh\u00f6z.<\/li>\n<li data-sourcepos=\"9:1-9:97\">Karc\u00e1ll\u00f3s\u00e1g: A PMMA j\u00f3 karc\u00e1ll\u00f3s\u00e1got biztos\u00edt, megv\u00e9dve a k\u00e9perny\u0151t a s\u00e9r\u00fcl\u00e9sekt\u0151l.<\/li>\n<li data-sourcepos=\"10:1-10:29\">K\u00e9miai ellen\u00e1ll\u00e1s: A PMMA sz\u00e1mos vegyi anyaggal szemben ellen\u00e1ll\u00f3, \u00edgy alkalmas a zord k\u00f6rnyezetben val\u00f3 haszn\u00e1latra.<\/li>\n<li data-sourcepos=\"11:1-12:0\">K\u00f6lts\u00e9ghat\u00e9kony: PMMA \u00e1ltal\u00e1ban k\u00f6lts\u00e9ghat\u00e9konyabb m\u00e1s anyagokhoz, p\u00e9ld\u00e1ul az \u00fcveghez k\u00e9pest.<\/li>\n<\/ul>\n<h3 data-sourcepos=\"13:1-13:39\">Alkalmaz\u00e1sok:<\/h3>\n<ul data-sourcepos=\"15:1-17:89\">\n<li data-sourcepos=\"15:1-15:170\">Okostelefonok \u00e9s t\u00e1blag\u00e9pek: A PMMA-t gyakran haszn\u00e1lj\u00e1k okostelefonok \u00e9s t\u00e1blag\u00e9pek \u00e9rint\u0151k\u00e9perny\u0151iben a tisztas\u00e1g, a tart\u00f3ss\u00e1g \u00e9s a k\u00f6lts\u00e9ghat\u00e9konys\u00e1g kombin\u00e1ci\u00f3ja miatt.<\/li>\n<li data-sourcepos=\"16:1-16:150\">POS-rendszerek (Point-of-Sale): A PMMA \u00e9rint\u0151k\u00e9perny\u0151ket sz\u00e9les k\u00f6rben haszn\u00e1lj\u00e1k a kiskereskedelemben \u00e9s a vend\u00e9gl\u00e1t\u00f3iparban a v\u00e1s\u00e1rl\u00f3i interakci\u00f3khoz \u00e9s tranzakci\u00f3khoz.<\/li>\n<li data-sourcepos=\"17:1-17:89\">Ipari automatiz\u00e1l\u00e1s: PMMA \u00e9rint\u0151k\u00e9perny\u0151ket ipari vez\u00e9rl\u0151paneleken \u00e9s g\u00e9peken haszn\u00e1lnak a kezel\u0151i bevitelre.<\/li>\n<li data-sourcepos=\"18:1-19:0\">Orvostechnikai eszk\u00f6z\u00f6k: PMMA \u00e9rint\u0151k\u00e9perny\u0151k tal\u00e1lhat\u00f3k orvosi berendez\u00e9sekben, p\u00e9ld\u00e1ul diagnosztikai eszk\u00f6z\u00f6kben \u00e9s betegmegfigyel\u0151 rendszerekben.<\/li>\n<\/ul>\n<h3 data-sourcepos=\"20:1-20:68\">B\u00e1r a PMMA sz\u00e1mos el\u0151nnyel j\u00e1r, vannak korl\u00e1tai is:<\/h3>\n<ul data-sourcepos=\"22:1-24:0\">\n<li data-sourcepos=\"22:1-22:86\">Kem\u00e9nys\u00e9g: A PMMA nem olyan kem\u00e9ny, mint az \u00fcveg, ez\u00e9rt \u00e9rz\u00e9kenyebb a karcol\u00e1sokra.<\/li>\n<li data-sourcepos=\"23:1-24:0\">H\u0151m\u00e9rs\u00e9klet-\u00e9rz\u00e9kenys\u00e9g: A PMMA-t befoly\u00e1solhatj\u00e1k a sz\u00e9ls\u0151s\u00e9ges h\u0151m\u00e9rs\u00e9kletek, ami hat\u00e1ssal lehet a teljes\u00edtm\u00e9ny\u00e9re.<\/li>\n<\/ul>","protected":false},"excerpt":{"rendered":"<p data-sourcepos=\"3:1-3:93\">A PMMA, azaz a polimetilmetil-metakril\u00e1t kiv\u00e1l\u00f3 optikai tulajdons\u00e1gai \u00e9s tart\u00f3ss\u00e1ga miatt n\u00e9pszer\u0171 anyag az \u00e9rint\u0151k\u00e9perny\u0151kh\u00f6z. A PMMA \u00e9rint\u0151k\u00e9perny\u0151k tiszta, \u00e9rz\u00e9keny \u00e9s k\u00f6lts\u00e9ghat\u00e9kony megold\u00e1st k\u00edn\u00e1lnak k\u00fcl\u00f6nb\u00f6z\u0151 elektronikus eszk\u00f6z\u00f6kh\u00f6z.<\/p>\n<p data-sourcepos=\"3:1-3:93\">\u00d6sszess\u00e9g\u00e9ben a PMMA \u00e9rint\u0151k\u00e9perny\u0151k megb\u00edzhat\u00f3 \u00e9s k\u00f6lts\u00e9ghat\u00e9kony megold\u00e1st ny\u00fajtanak az alkalmaz\u00e1sok sz\u00e9les k\u00f6r\u00e9hez. A tisztas\u00e1g, a tart\u00f3ss\u00e1g \u00e9s a megfizethet\u0151s\u00e9g kombin\u00e1ci\u00f3ja n\u00e9pszer\u0171 v\u00e1laszt\u00e1ss\u00e1 teszi \u0151ket az elektronikai iparban.<\/p>","protected":false},"featured_media":2178,"template":"","meta":[],"product_cat":[43],"product_tag":[],"_links":{"self":[{"href":"https:\/\/touchscreenmfg.com\/hu\/wp-json\/wp\/v2\/product\/2177"}],"collection":[{"href":"https:\/\/touchscreenmfg.com\/hu\/wp-json\/wp\/v2\/product"}],"about":[{"href":"https:\/\/touchscreenmfg.com\/hu\/wp-json\/wp\/v2\/types\/product"}],"wp:featuredmedia":[{"embeddable":true,"href":"https:\/\/touchscreenmfg.com\/hu\/wp-json\/wp\/v2\/media\/2178"}],"wp:attachment":[{"href":"https:\/\/touchscreenmfg.com\/hu\/wp-json\/wp\/v2\/media?parent=2177"}],"wp:term":[{"taxonomy":"product_cat","embeddable":true,"href":"https:\/\/touchscreenmfg.com\/hu\/wp-json\/wp\/v2\/product_cat?post=2177"},{"taxonomy":"product_tag","embeddable":true,"href":"https:\/\/touchscreenmfg.com\/hu\/wp-json\/wp\/v2\/product_tag?post=2177"}],"curies":[{"name":"wp","href":"https:\/\/api.w.org\/{rel}","templated":true}]}}