{"id":1877,"date":"2024-08-07T02:50:04","date_gmt":"2024-08-07T02:50:04","guid":{"rendered":"https:\/\/touchscreenmfg.com\/?post_type=product&#038;p=1877"},"modified":"2024-08-07T03:01:34","modified_gmt":"2024-08-07T03:01:34","slug":"controller-touch-switch","status":"publish","type":"product","link":"https:\/\/touchscreenmfg.com\/hu\/controller-touch-switch\/","title":{"rendered":"Vez\u00e9rl\u0151 \u00e9rint\u0151kapcsol\u00f3"},"content":{"rendered":"<h3 class=\"\" data-sourcepos=\"11:1-11:45\">Alkalmaz\u00e1sok<\/h3>\n<p data-sourcepos=\"13:1-13:71\">A vez\u00e9rl\u0151 \u00e9rint\u0151kapcsol\u00f3k sz\u00e1mos ipar\u00e1gban tal\u00e1lnak alkalmaz\u00e1st:<\/p>\n<ul data-sourcepos=\"15:1-20:0\">\n<li data-sourcepos=\"15:1-15:84\"><strong>Sz\u00f3rakoztat\u00f3 elektronika:<\/strong> Okostelefonok, t\u00e1blag\u00e9pek, okos\u00f3r\u00e1k \u00e9s j\u00e1t\u00e9kkonzolok.<\/li>\n<li data-sourcepos=\"16:1-16:88\"><strong>Aut\u00f3ipar:<\/strong> Infotainment rendszerek, kl\u00edmaberendez\u00e9sek \u00e9s m\u0171szeregys\u00e9gek.<\/li>\n<li data-sourcepos=\"17:1-17:85\"><strong>Ipari automatiz\u00e1l\u00e1s:<\/strong> G\u00e9pi vez\u00e9rl\u0151panelek, ember-g\u00e9p interf\u00e9szek (HMI-k).<\/li>\n<li data-sourcepos=\"18:1-18:72\"><strong>Otthoni k\u00e9sz\u00fcl\u00e9kek:<\/strong> Intelligens s\u00fct\u0151k, h\u0171t\u0151szekr\u00e9nyek \u00e9s mos\u00f3g\u00e9pek.<\/li>\n<li data-sourcepos=\"19:1-20:0\"><strong>Orvosi berendez\u00e9sek:<\/strong> Diagnosztikai g\u00e9pek, betegmegfigyel\u0151 rendszerek.<\/li>\n<\/ul>\n<h3 class=\"\" data-sourcepos=\"21:1-21:41\">El\u0151ny\u00f6k<\/h3>\n<ul data-sourcepos=\"23:1-28:0\">\n<li data-sourcepos=\"23:1-23:81\"><strong>Intuit\u00edv felhaszn\u00e1l\u00f3i fel\u00fclet:<\/strong> Term\u00e9szetes \u00e9s felhaszn\u00e1l\u00f3bar\u00e1t interakci\u00f3t biztos\u00edt.<\/li>\n<li data-sourcepos=\"24:1-24:71\"><strong>Eleg\u00e1ns kialak\u00edt\u00e1s:<\/strong> Hozz\u00e1j\u00e1rul a modern \u00e9s eszt\u00e9tikus term\u00e9ktervez\u00e9shez.<\/li>\n<li data-sourcepos=\"25:1-25:65\"><strong>Tart\u00f3ss\u00e1g:<\/strong> Ellen\u00e1ll a kop\u00e1snak, hossz\u00fa \u00e9lettartamot biztos\u00edt.<\/li>\n<li data-sourcepos=\"26:1-26:83\"><strong>Testreszab\u00e1s:<\/strong> Testre szabhat\u00f3 az adott alkalmaz\u00e1sokhoz \u00e9s felhaszn\u00e1l\u00f3i preferenci\u00e1khoz.<\/li>\n<li data-sourcepos=\"27:1-28:0\"><strong>Higi\u00e9nia:<\/strong> K\u00f6nnyebben tiszt\u00edthat\u00f3 a fizikai gombokhoz k\u00e9pest.<\/li>\n<\/ul>","protected":false},"excerpt":{"rendered":"<p>A vez\u00e9rl\u0151 \u00e9rint\u0151kapcsol\u00f3 olyan felhaszn\u00e1l\u00f3i fel\u00fclet, amely reag\u00e1l az \u00e9rint\u00e9ses bevitelre, \u00e9s lehet\u0151v\u00e9 teszi a k\u00fcl\u00f6nb\u00f6z\u0151 eszk\u00f6z\u00f6k \u00e9s rendszerek vez\u00e9rl\u00e9s\u00e9t. Ez a technol\u00f3gia forradalmas\u00edtotta az elektronik\u00e1val val\u00f3 interakci\u00f3inkat, z\u00f6kken\u0151mentes \u00e9s intuit\u00edv \u00e9lm\u00e9nyt ny\u00fajtva.<\/p>","protected":false},"featured_media":1878,"template":"","meta":[],"product_cat":[42],"product_tag":[],"_links":{"self":[{"href":"https:\/\/touchscreenmfg.com\/hu\/wp-json\/wp\/v2\/product\/1877"}],"collection":[{"href":"https:\/\/touchscreenmfg.com\/hu\/wp-json\/wp\/v2\/product"}],"about":[{"href":"https:\/\/touchscreenmfg.com\/hu\/wp-json\/wp\/v2\/types\/product"}],"wp:featuredmedia":[{"embeddable":true,"href":"https:\/\/touchscreenmfg.com\/hu\/wp-json\/wp\/v2\/media\/1878"}],"wp:attachment":[{"href":"https:\/\/touchscreenmfg.com\/hu\/wp-json\/wp\/v2\/media?parent=1877"}],"wp:term":[{"taxonomy":"product_cat","embeddable":true,"href":"https:\/\/touchscreenmfg.com\/hu\/wp-json\/wp\/v2\/product_cat?post=1877"},{"taxonomy":"product_tag","embeddable":true,"href":"https:\/\/touchscreenmfg.com\/hu\/wp-json\/wp\/v2\/product_tag?post=1877"}],"curies":[{"name":"wp","href":"https:\/\/api.w.org\/{rel}","templated":true}]}}