{"id":1862,"date":"2024-08-07T02:42:39","date_gmt":"2024-08-07T02:42:39","guid":{"rendered":"https:\/\/touchscreenmfg.com\/?post_type=product&#038;p=1862"},"modified":"2024-08-07T02:54:53","modified_gmt":"2024-08-07T02:54:53","slug":"car-center-console-touch-film","status":"publish","type":"product","link":"https:\/\/touchscreenmfg.com\/hu\/car-center-console-touch-film\/","title":{"rendered":"Aut\u00f3 k\u00f6z\u00e9pkonzol \u00e9rint\u0151k\u00e9perny\u0151s film"},"content":{"rendered":"<h3><strong>Touch Film alkalmaz\u00e1sok<\/strong><\/h3>\n<p id=\"tw-target-text\" class=\"tw-data-text tw-text-large tw-ta\" dir=\"ltr\" data-placeholder=\"Translation\" aria-label=\"Ford\u00edtott sz\u00f6veg\" data-ved=\"2ahUKEwie_Z3B7OGHAxW_bfUHHYxgEGkQ3ewLegQIERAU\"><span class=\"Y2IQFc\" lang=\"en\">Az \u00f6nkapacit\u00e1s az elektrosztatikus kapacit\u00e1s v\u00e1ltoz\u00e1sainak \u00e9rz\u00e9kel\u00e9s\u00e9vel hat\u00e1rozza meg, hogy az ujj hozz\u00e1\u00e9r-e az elektr\u00f3d\u00e1hoz. A kapacit\u00e1st egy bizonyos ciklus szerint p\u00e1szt\u00e1zz\u00e1k \u00e9s \u00e9rz\u00e9kelik. A m\u00e9rt \u00e9rt\u00e9k v\u00e1ltoz\u00e1sa alapj\u00e1n meg\u00edt\u00e9lhet\u0151, hogy az ujj meg\u00e9rinti-e az elektr\u00f3dot. Az MCU egy bizonyos ciklus szerint ciklikusan m\u0171k\u00f6dik. Az elektr\u00f3da kapacit\u00e1sa beolvas\u00e1sra \u00e9s \u00e9rz\u00e9kel\u00e9sre ker\u00fcl. Amikor az ujj t\u00e1vol van az elektr\u00f3d\u00e1t\u00f3l, a kapacit\u00e1s \u00e9rt\u00e9ke stabil sz\u00e1mol\u00e1si \u00e9rt\u00e9ken marad. Amikor az ujj megk\u00f6zel\u00edti vagy meg\u00e9rinti a kapacit\u00e1s\u00e9rt\u00e9ket, a kapacit\u00e1s\u00e9rt\u00e9k megn\u0151, \u00e9s a sz\u00e1ml\u00e1l\u00f3\u00e9rt\u00e9k megn\u0151. Amikor az ujj elt\u00e1volodik az elektr\u00f3d\u00e1t\u00f3l, a kapacit\u00e1s\u00e9rt\u00e9k a sz\u00e1ml\u00e1l\u00f3\u00e9rt\u00e9kkel cs\u00f6kken. Azt a sz\u00e1ml\u00e1l\u00f3\u00e9rt\u00e9ket, amely cs\u00f6kken \u00e9s stabil \u00e9rt\u00e9ken marad, amikor az ujj elt\u00e1volodik az elektr\u00f3d\u00e1t\u00f3l, alap\u00e9rt\u00e9knek nevezz\u00fck. Erre az alap\u00e9rt\u00e9kre egy k\u00fcsz\u00f6b\u00e9rt\u00e9ket helyez\u00fcnk fel, mint kritikus \u00e9rt\u00e9ket. Ha a sz\u00e1ml\u00e1l\u00f3\u00e9rt\u00e9k nagyobb, mint ez a kritikus \u00e9rt\u00e9k, akkor az \u00e9rt\u00e9kel\u0151 kapcsol\u00f3 bekapcsol. Ha a sz\u00e1ml\u00e1l\u00e1si \u00e9rt\u00e9k e kritikus \u00e9rt\u00e9k alatt van, a kapcsol\u00f3t kikapcsoltnak \u00edt\u00e9lj\u00fck.<\/span><\/p>","protected":false},"excerpt":{"rendered":"<h3 id=\"tw-target-text\" class=\"tw-data-text tw-text-large tw-ta\" dir=\"ltr\" data-placeholder=\"Translation\" aria-label=\"Ford\u00edtott sz\u00f6veg\" data-ved=\"2ahUKEwie_Z3B7OGHAxW_bfUHHYxgEGkQ3ewLegQIERAU\"><strong><span class=\"Y2IQFc\" lang=\"en\">\u00c9rint\u0151f\u00f3lia v\u00e9grehajt\u00e1si elve<\/span><\/strong><\/h3>\n<p>A t\u00f6lt\u00e9s mozg\u00e1si sebess\u00e9ge \u00e1lland\u00f3, ez\u00e9rt min\u00e9l nagyobb a kapacit\u00e1s, ann\u00e1l hosszabb a t\u00f6lt\u00e9si \u00e9s kis\u00fct\u00e9si id\u0151, \u00e9s ann\u00e1l nagyobb az \u00e1ram mennyis\u00e9ge. Ez\u00e9rt a t\u00f6lt\u00e9si \u00e9s kis\u00fct\u00e9si id\u0151 hossz\u00e1t \u00e9s a t\u00f6lt\u00e9si \u00e9s kis\u00fct\u00e9si \u00e1ram mennyis\u00e9g\u00e9t haszn\u00e1lhatjuk a kondenz\u00e1tor m\u00e9ret\u00e9nek meg\u00edt\u00e9l\u00e9s\u00e9re. ,Am\u00edg van olyan \u00e1llapot, amelyet el\u00e9rhet\u00fcnk \u00e9s stabil \u00e1llapotv\u00e1ltoz\u00e1st gy\u0171jthet\u00fcnk, addig ezt a v\u00e1ltoz\u00e1st felhaszn\u00e1lhatjuk egy kapcsol\u00f3jel megval\u00f3s\u00edt\u00e1s\u00e1ra.<\/p>","protected":false},"featured_media":1863,"template":"","meta":[],"product_cat":[42],"product_tag":[],"_links":{"self":[{"href":"https:\/\/touchscreenmfg.com\/hu\/wp-json\/wp\/v2\/product\/1862"}],"collection":[{"href":"https:\/\/touchscreenmfg.com\/hu\/wp-json\/wp\/v2\/product"}],"about":[{"href":"https:\/\/touchscreenmfg.com\/hu\/wp-json\/wp\/v2\/types\/product"}],"wp:featuredmedia":[{"embeddable":true,"href":"https:\/\/touchscreenmfg.com\/hu\/wp-json\/wp\/v2\/media\/1863"}],"wp:attachment":[{"href":"https:\/\/touchscreenmfg.com\/hu\/wp-json\/wp\/v2\/media?parent=1862"}],"wp:term":[{"taxonomy":"product_cat","embeddable":true,"href":"https:\/\/touchscreenmfg.com\/hu\/wp-json\/wp\/v2\/product_cat?post=1862"},{"taxonomy":"product_tag","embeddable":true,"href":"https:\/\/touchscreenmfg.com\/hu\/wp-json\/wp\/v2\/product_tag?post=1862"}],"curies":[{"name":"wp","href":"https:\/\/api.w.org\/{rel}","templated":true}]}}