{"id":1627,"date":"2024-06-29T01:18:12","date_gmt":"2024-06-29T01:18:12","guid":{"rendered":"https:\/\/touchscreenmfg.com\/?post_type=product&#038;p=1627"},"modified":"2024-06-29T01:50:18","modified_gmt":"2024-06-29T01:50:18","slug":"planar-resistive-touch-screen","status":"publish","type":"product","link":"https:\/\/touchscreenmfg.com\/hu\/planar-resistive-touch-screen\/","title":{"rendered":"Plan\u00e1ris ellen\u00e1ll\u00e1sos \u00e9rint\u0151k\u00e9perny\u0151"},"content":{"rendered":"<p data-sourcepos=\"3:1-3:111\">A s\u00edkbeli reziszt\u00edv \u00e9rint\u0151k\u00e9perny\u0151k bev\u00e1lt \u00e9s k\u00f6lts\u00e9ghat\u00e9kony megold\u00e1st k\u00edn\u00e1lnak az \u00e9rint\u00e9svez\u00e9relt alkalmaz\u00e1sokhoz. Ezek a tart\u00f3s \u00e9rint\u0151k\u00e9perny\u0151k nyom\u00e1s\u00e9rz\u00e9keny r\u00e9teget haszn\u00e1lnak, amely fizikai \u00e9rint\u00e9sre reag\u00e1l, \u00edgy megb\u00edzhat\u00f3 \u00e9s intuit\u00edv \u00e9rint\u00e9si \u00e9lm\u00e9nyt ny\u00fajtanak.<\/p>\n<p data-sourcepos=\"5:1-5:51\"><strong>Kulcsfontoss\u00e1g\u00fa jellemz\u0151k:<\/strong><\/p>\n<ul data-sourcepos=\"7:1-9:11\">\n<li data-sourcepos=\"7:1-8:0\">\n<p data-sourcepos=\"7:3-7:185\"><strong>Pontos \u00e9s \u00e9rz\u00e9keny \u00e9rint\u00e9sfelismer\u00e9s:<\/strong> A plan\u00e1ris reziszt\u00edv \u00e9rint\u0151k\u00e9perny\u0151k pontos \u00e9rint\u00e9s\u00e9rz\u00e9kel\u00e9st biztos\u00edtanak, \u00edgy pontos \u00e9s \u00e9rz\u00e9keny interakci\u00f3t biztos\u00edtanak az \u00e9rint\u0151k\u00e9perny\u0151s kijelz\u0151kkel.<\/p>\n<\/li>\n<li data-sourcepos=\"9:1-9:11\">\n<p data-sourcepos=\"9:3-9:11\"><strong>Tart\u00f3s konstrukci\u00f3:<\/strong> A reziszt\u00edv \u00e9rint\u0151k\u00e9perny\u0151k robusztus kialak\u00edt\u00e1sa ellen\u00e1ll a nagy ig\u00e9nybev\u00e9telnek \u00e9s a zord k\u00f6rnyezetnek, \u00edgy ide\u00e1lisak kereskedelmi \u00e9s ipari alkalmaz\u00e1sokhoz.<\/p>\n<\/li>\n<li data-sourcepos=\"11:1-11:27\">\n<p data-sourcepos=\"11:3-11:27\"><strong>K\u00f6lts\u00e9ghat\u00e9kony megold\u00e1s:<\/strong> A kapacit\u00edv \u00e9rint\u0151k\u00e9perny\u0151kh\u00f6z k\u00e9pest a nyom\u00e1salap\u00fa \u00e9rint\u0151k\u00e9perny\u0151k megfizethet\u0151bb megold\u00e1st k\u00edn\u00e1lnak, k\u00fcl\u00f6n\u00f6sen a nagyobb kijelz\u0151m\u00e9retek eset\u00e9ben.<\/p>\n<\/li>\n<\/ul>\n<p data-sourcepos=\"13:1-13:51\"><strong>Alkalmaz\u00e1sok:<\/strong><\/p>\n<ul data-sourcepos=\"15:1-18:0\">\n<li data-sourcepos=\"15:1-16:0\">\n<p data-sourcepos=\"15:3-15:180\"><strong>POS-rendszerek (Point-of-Sale):<\/strong> Az ellen\u00e1ll\u00e1sos \u00e9rint\u0151k\u00e9perny\u0151ket a POS-rendszerekben sz\u00e9les k\u00f6rben haszn\u00e1lj\u00e1k megb\u00edzhat\u00f3s\u00e1guk, megfizethet\u0151s\u00e9g\u00fck \u00e9s a gyakori \u00e9rint\u00e9sekkel szembeni ellen\u00e1ll\u00f3 k\u00e9pess\u00e9g\u00fck miatt.<\/p>\n<\/li>\n<li data-sourcepos=\"17:1-18:0\">\n<p data-sourcepos=\"17:3-17:177\"><strong>Ipari vez\u00e9rl\u0151panelek:<\/strong> Az ipari k\u00f6rnyezetben az ellen\u00e1ll\u00e1sos \u00e9rint\u0151k\u00e9perny\u0151k robusztus \u00e9s tart\u00f3s megold\u00e1st ny\u00fajtanak a g\u00e9pek vez\u00e9rl\u00e9s\u00e9re \u00e9s a folyamatok fel\u00fcgyelet\u00e9re.<\/p>\n<\/li>\n<li data-sourcepos=\"19:1-20:0\">\n<p data-sourcepos=\"19:3-19:161\"><strong>Nyilv\u00e1nos inform\u00e1ci\u00f3s kioszkok:<\/strong> A plan\u00e1ris reziszt\u00edv \u00e9rint\u0151k\u00e9perny\u0151k interakt\u00edv nyilv\u00e1nos inform\u00e1ci\u00f3s kioszkokat tesznek lehet\u0151v\u00e9, amelyek k\u00f6nny\u0171 navig\u00e1ci\u00f3t \u00e9s inform\u00e1ci\u00f3hoz val\u00f3 hozz\u00e1f\u00e9r\u00e9st biztos\u00edtanak.<\/p>\n<\/li>\n<li data-sourcepos=\"21:1-22:0\">\n<p data-sourcepos=\"21:3-21:176\"><strong>Oktat\u00e1si bemutat\u00f3k:<\/strong> Az oktat\u00e1si k\u00f6rnyezetben a nyom\u00e1salap\u00fa \u00e9rint\u0151k\u00e9perny\u0151k megk\u00f6nny\u00edtik az interakt\u00edv tanul\u00e1si tapasztalatokat, \u00e9s \u00e9rint\u00e9salap\u00fa tev\u00e9kenys\u00e9gekkel k\u00f6tik le a tanul\u00f3kat.<\/p>\n<\/li>\n<\/ul>","protected":false},"excerpt":{"rendered":"<p>A s\u00edkbeli reziszt\u00edv \u00e9rint\u0151k\u00e9perny\u0151k megb\u00edzhat\u00f3 teljes\u00edtm\u00e9ny\u00fck, megfizethet\u0151s\u00e9g\u00fck \u00e9s tart\u00f3ss\u00e1guk miatt tov\u00e1bbra is n\u00e9pszer\u0171 v\u00e1laszt\u00e1snak sz\u00e1m\u00edtanak az alkalmaz\u00e1sok sz\u00e9les k\u00f6r\u00e9ben. Bev\u00e1lt \u00e9s k\u00f6lts\u00e9ghat\u00e9kony megold\u00e1st k\u00edn\u00e1lnak az \u00e9rint\u00e9svez\u00e9relt kijelz\u0151kh\u00f6z, \u00edgy \u00e9rt\u00e9kes eszk\u00f6zz\u00e9 v\u00e1lnak a k\u00fcl\u00f6nb\u00f6z\u0151 ipar\u00e1gak \u00e9s k\u00f6rnyezetek sz\u00e1m\u00e1ra.<\/p>","protected":false},"featured_media":1569,"template":"","meta":[],"product_cat":[41],"product_tag":[],"_links":{"self":[{"href":"https:\/\/touchscreenmfg.com\/hu\/wp-json\/wp\/v2\/product\/1627"}],"collection":[{"href":"https:\/\/touchscreenmfg.com\/hu\/wp-json\/wp\/v2\/product"}],"about":[{"href":"https:\/\/touchscreenmfg.com\/hu\/wp-json\/wp\/v2\/types\/product"}],"wp:featuredmedia":[{"embeddable":true,"href":"https:\/\/touchscreenmfg.com\/hu\/wp-json\/wp\/v2\/media\/1569"}],"wp:attachment":[{"href":"https:\/\/touchscreenmfg.com\/hu\/wp-json\/wp\/v2\/media?parent=1627"}],"wp:term":[{"taxonomy":"product_cat","embeddable":true,"href":"https:\/\/touchscreenmfg.com\/hu\/wp-json\/wp\/v2\/product_cat?post=1627"},{"taxonomy":"product_tag","embeddable":true,"href":"https:\/\/touchscreenmfg.com\/hu\/wp-json\/wp\/v2\/product_tag?post=1627"}],"curies":[{"name":"wp","href":"https:\/\/api.w.org\/{rel}","templated":true}]}}