{"id":1626,"date":"2024-06-29T01:13:20","date_gmt":"2024-06-29T01:13:20","guid":{"rendered":"https:\/\/touchscreenmfg.com\/?post_type=product&#038;p=1626"},"modified":"2024-06-29T02:10:54","modified_gmt":"2024-06-29T02:10:54","slug":"4-wire-resistive-touch-screens","status":"publish","type":"product","link":"https:\/\/touchscreenmfg.com\/hu\/4-wire-resistive-touch-screens\/","title":{"rendered":"4 huzalos ellen\u00e1ll\u00e1sos \u00e9rint\u0151k\u00e9perny\u0151k"},"content":{"rendered":"<h2 class=\"\" data-sourcepos=\"4:1-4:104\">4 huzalos ellen\u00e1ll\u00e1sos \u00e9rint\u0151k\u00e9perny\u0151k: Megb\u00edzhat\u00f3 \u00e9s k\u00f6lts\u00e9ghat\u00e9kony \u00e9rint\u00e9ses interakci\u00f3 az interakt\u00edv t\u00e1bl\u00e1khoz<\/h2>\n<p data-sourcepos=\"6:1-6:51\">A 4 vezet\u00e9kes reziszt\u00edv \u00e9rint\u0151k\u00e9perny\u0151k bev\u00e1lt \u00e9s megfizethet\u0151 megold\u00e1st ny\u00fajtanak a vonz\u00f3 \u00e9s interakt\u00edv feliratok l\u00e9trehoz\u00e1s\u00e1hoz. Ezek a tart\u00f3s \u00e9rint\u0151k\u00e9perny\u0151k nyom\u00e1s\u00e9rz\u00e9keny r\u00e9teget haszn\u00e1lnak, amely fizikai \u00e9rint\u00e9sre reag\u00e1l, lehet\u0151v\u00e9 t\u00e9ve az interakt\u00edv kijelz\u0151kkel val\u00f3 intuit\u00edv interakci\u00f3t.<\/p>\n<p data-sourcepos=\"8:1-8:51\"><strong>A 4 huzalos ellen\u00e1ll\u00e1sos \u00e9rint\u0151k\u00e9perny\u0151k f\u0151bb jellemz\u0151i:<\/strong><\/p>\n<ul data-sourcepos=\"10:1-10:95\">\n<li data-sourcepos=\"10:1-10:95\">\n<p class=\"\" data-sourcepos=\"10:3-10:183\"><strong class=\"\">Pontos \u00e9s \u00e9rz\u00e9keny \u00e9rint\u00e9sfelismer\u00e9s:<\/strong> A 4 vezet\u00e9kes reziszt\u00edv \u00e9rint\u0151k\u00e9perny\u0151k pontos \u00e9rint\u00e9s\u00e9rz\u00e9kel\u00e9st biztos\u00edtanak, \u00edgy pontos \u00e9s \u00e9rz\u00e9keny interakci\u00f3t biztos\u00edtanak az interakt\u00edv t\u00e1bl\u00e1kkal.<\/p>\n<\/li>\n<li data-sourcepos=\"12:1-13:0\">\n<p data-sourcepos=\"12:3-12:175\"><strong>Tart\u00f3s konstrukci\u00f3:<\/strong> A 4 huzalos reziszt\u00edv \u00e9rint\u0151k\u00e9perny\u0151k robusztus kialak\u00edt\u00e1sa ellen\u00e1ll a nagy ig\u00e9nybev\u00e9telnek \u00e9s a zord k\u00f6rnyezetnek, \u00edgy ide\u00e1lisak a nyilv\u00e1nos feliratokhoz.<\/p>\n<\/li>\n<li data-sourcepos=\"14:1-15:0\">\n<p data-sourcepos=\"14:3-14:170\"><strong>K\u00f6lts\u00e9ghat\u00e9kony megold\u00e1s:<\/strong> A kapacit\u00edv \u00e9rint\u0151k\u00e9perny\u0151kh\u00f6z k\u00e9pest a 4 vezet\u00e9kes reziszt\u00edv \u00e9rint\u0151k\u00e9perny\u0151k megfizethet\u0151bb megold\u00e1st k\u00edn\u00e1lnak, k\u00fcl\u00f6n\u00f6sen a nagyobb m\u00e9ret\u0171 kijelz\u0151k eset\u00e9ben.<\/p>\n<\/li>\n<\/ul>\n<p data-sourcepos=\"16:1-16:51\"><strong>A 4-vezet\u00e9kes ellen\u00e1ll\u00e1sos \u00e9rint\u0151k\u00e9perny\u0151k alkalmaz\u00e1sai:<\/strong><\/p>\n<ul data-sourcepos=\"18:1-20:26\">\n<li data-sourcepos=\"18:1-19:0\">\n<p data-sourcepos=\"18:3-18:195\"><strong>Interakt\u00edv digit\u00e1lis jelz\u00e9sek:<\/strong> A 4 vezet\u00e9kes reziszt\u00edv \u00e9rint\u0151k\u00e9perny\u0151ket sz\u00e9les k\u00f6rben haszn\u00e1lj\u00e1k az interakt\u00edv digit\u00e1lis kijelz\u0151kben, lehet\u0151v\u00e9 t\u00e9ve a n\u00e9z\u0151k sz\u00e1m\u00e1ra, hogy kapcsolatba l\u00e9pjenek a tartalommal, v\u00e1lasszanak \u00e9s hozz\u00e1f\u00e9rjenek az inform\u00e1ci\u00f3khoz.<\/p>\n<\/li>\n<li data-sourcepos=\"20:1-20:26\">\n<p data-sourcepos=\"20:3-20:26\"><strong>Kiskereskedelmi \u00e9s vend\u00e9gl\u00e1t\u00f3ipari kijelz\u0151k:<\/strong> A kiskereskedelmi \u00e9s vend\u00e9gl\u00e1t\u00f3ipari k\u00f6rnyezetben a 4 huzalos reziszt\u00edv \u00e9rint\u0151k\u00e9perny\u0151k jav\u00edtj\u00e1k az \u00f6nkiszolg\u00e1l\u00f3 kioszkokat, lehet\u0151v\u00e9 t\u00e9ve a v\u00e1s\u00e1rl\u00f3k sz\u00e1m\u00e1ra a term\u00e9kek egyszer\u0171 b\u00f6ng\u00e9sz\u00e9s\u00e9t, a rendel\u00e9sek lead\u00e1s\u00e1t \u00e9s a fizet\u00e9st.<\/p>\n<\/li>\n<li data-sourcepos=\"22:1-23:0\">\n<p data-sourcepos=\"22:3-22:194\"><strong>Nyilv\u00e1nos inform\u00e1ci\u00f3s kioszkok:<\/strong> A 4 huzalos reziszt\u00edv \u00e9rint\u0151k\u00e9perny\u0151k megk\u00f6nny\u00edtik az interakt\u00edv nyilv\u00e1nos inform\u00e1ci\u00f3s kioszkok haszn\u00e1lat\u00e1t, \u00edgy a l\u00e1togat\u00f3k k\u00f6nnyen hozz\u00e1f\u00e9rhetnek a t\u00e9rk\u00e9pekhez, c\u00edmjegyz\u00e9kekhez \u00e9s egy\u00e9b inform\u00e1ci\u00f3khoz.<\/p>\n<\/li>\n<li data-sourcepos=\"24:1-25:0\">\n<p data-sourcepos=\"24:3-24:196\"><strong>M\u00fazeumi \u00e9s ki\u00e1ll\u00edt\u00e1si bemutat\u00f3k:<\/strong> A 4 vezet\u00e9kes reziszt\u00edv \u00e9rint\u0151k\u00e9perny\u0151k jav\u00edtj\u00e1k a m\u00fazeumi \u00e9s ki\u00e1ll\u00edt\u00e1si kijelz\u0151ket, lehet\u0151v\u00e9 t\u00e9ve a l\u00e1togat\u00f3k sz\u00e1m\u00e1ra, hogy interakt\u00edv m\u00f3don fedezz\u00e9k fel a ki\u00e1ll\u00edt\u00e1si t\u00e1rgyakat, \u00e9s t\u00f6bbet tudjanak meg a m\u0171t\u00e1rgyakr\u00f3l.<\/p>\n<\/li>\n<\/ul>","protected":false},"excerpt":{"rendered":"<p>A 4 vezet\u00e9kes reziszt\u00edv \u00e9rint\u0151k\u00e9perny\u0151k megb\u00edzhat\u00f3 teljes\u00edtm\u00e9ny\u00fck, megfizethet\u0151s\u00e9g\u00fck \u00e9s tart\u00f3ss\u00e1guk miatt tov\u00e1bbra is n\u00e9pszer\u0171 v\u00e1laszt\u00e1snak sz\u00e1m\u00edtanak az interakt\u00edv feliratokhoz. Bev\u00e1lt \u00e9s k\u00f6lts\u00e9ghat\u00e9kony megold\u00e1st k\u00edn\u00e1lnak az \u00e9rint\u00e9svez\u00e9relt kijelz\u0151kh\u00f6z, \u00edgy \u00e9rt\u00e9kes eszk\u00f6znek bizonyulnak a k\u00fcl\u00f6nb\u00f6z\u0151 jelz\u0151rendszeri alkalmaz\u00e1sokban.<\/p>","protected":false},"featured_media":1546,"template":"","meta":[],"product_cat":[41],"product_tag":[],"_links":{"self":[{"href":"https:\/\/touchscreenmfg.com\/hu\/wp-json\/wp\/v2\/product\/1626"}],"collection":[{"href":"https:\/\/touchscreenmfg.com\/hu\/wp-json\/wp\/v2\/product"}],"about":[{"href":"https:\/\/touchscreenmfg.com\/hu\/wp-json\/wp\/v2\/types\/product"}],"wp:featuredmedia":[{"embeddable":true,"href":"https:\/\/touchscreenmfg.com\/hu\/wp-json\/wp\/v2\/media\/1546"}],"wp:attachment":[{"href":"https:\/\/touchscreenmfg.com\/hu\/wp-json\/wp\/v2\/media?parent=1626"}],"wp:term":[{"taxonomy":"product_cat","embeddable":true,"href":"https:\/\/touchscreenmfg.com\/hu\/wp-json\/wp\/v2\/product_cat?post=1626"},{"taxonomy":"product_tag","embeddable":true,"href":"https:\/\/touchscreenmfg.com\/hu\/wp-json\/wp\/v2\/product_tag?post=1626"}],"curies":[{"name":"wp","href":"https:\/\/api.w.org\/{rel}","templated":true}]}}