{"id":1625,"date":"2024-06-29T01:12:48","date_gmt":"2024-06-29T01:12:48","guid":{"rendered":"https:\/\/touchscreenmfg.com\/?post_type=product&#038;p=1625"},"modified":"2024-06-29T02:14:44","modified_gmt":"2024-06-29T02:14:44","slug":"5-wire-resistive-touch-screens","status":"publish","type":"product","link":"https:\/\/touchscreenmfg.com\/hu\/5-wire-resistive-touch-screens\/","title":{"rendered":"5 huzalos ellen\u00e1ll\u00e1sos \u00e9rint\u0151k\u00e9perny\u0151k"},"content":{"rendered":"<h2 class=\"\" data-sourcepos=\"1:1-1:95\">5 huzalos ellen\u00e1ll\u00e1sos \u00e9rint\u0151k\u00e9perny\u0151k: Interakt\u00edv intelligens t\u00e1bl\u00e1k \u00e9s k\u00e9perny\u0151k fokozott tart\u00f3ss\u00e1ga<\/h2>\n<p data-sourcepos=\"3:1-3:87\">Az 5 huzalos reziszt\u00edv \u00e9rint\u0151k\u00e9perny\u0151k n\u00f6velik az interakt\u00edv intelligens t\u00e1bl\u00e1k \u00e9s k\u00e9perny\u0151k \u00e9rint\u00e9ses interakci\u00f3j\u00e1nak \u00e9lm\u00e9ny\u00e9t, fokozott tart\u00f3ss\u00e1got, pontoss\u00e1got \u00e9s megfizethet\u0151s\u00e9get k\u00edn\u00e1lva. Ezek a fejlett \u00e9rint\u0151k\u00e9perny\u0151k egyedi kialak\u00edt\u00e1s\u00faak egy tov\u00e1bbi \u00e9rz\u00e9kel\u0151huzallal, amely sz\u00e1mos el\u0151nyt biztos\u00edt a hagyom\u00e1nyos 4 huzalos reziszt\u00edv \u00e9rint\u0151k\u00e9perny\u0151kkel szemben.<\/p>\n<p data-sourcepos=\"5:1-5:51\"><strong>Az 5 huzalos ellen\u00e1ll\u00e1sos \u00e9rint\u0151k\u00e9perny\u0151k f\u0151 jellemz\u0151i:<\/strong><\/p>\n<ul data-sourcepos=\"7:1-7:60\">\n<li data-sourcepos=\"7:1-7:60\">\n<p data-sourcepos=\"7:3-7:199\"><strong>Kiv\u00e1l\u00f3 tart\u00f3ss\u00e1g:<\/strong> Az 5 huzalos reziszt\u00edv \u00e9rint\u0151k\u00e9perny\u0151k tov\u00e1bbi \u00e9rz\u00e9kel\u0151huzalai n\u00f6velik a tart\u00f3ss\u00e1got, \u00edgy ellen\u00e1llnak a karcol\u00e1soknak \u00e9s szennyez\u0151d\u00e9seknek, ide\u00e1lisak a nagy forgalm\u00fa k\u00f6rnyezetekben.<\/p>\n<\/li>\n<li data-sourcepos=\"9:1-9:45\">\n<p data-sourcepos=\"9:3-9:45\"><strong>Cs\u00f6kkentett peremtorz\u00edt\u00e1s:<\/strong> Az extra vezet\u00e9k seg\u00edt kompenz\u00e1lni a sz\u00e9lek torzul\u00e1s\u00e1t, ami a nagyobb interakt\u00edv k\u00e9perny\u0151kn\u00e9l gyakori probl\u00e9ma, \u00e9s biztos\u00edtja a konzisztens \u00e9rint\u00e9spontoss\u00e1got a teljes kijelz\u0151n.<\/p>\n<\/li>\n<li data-sourcepos=\"11:1-12:0\">\n<p data-sourcepos=\"11:3-11:164\"><strong>Stabil teljes\u00edtm\u00e9ny:<\/strong> Az 5 huzalos reziszt\u00edv \u00e9rint\u0151k\u00e9perny\u0151k stabil teljes\u00edtm\u00e9nyt ny\u00fajtanak m\u00e9g olyan kih\u00edv\u00e1st jelent\u0151 k\u00f6rnyezetben is, mint p\u00e9ld\u00e1ul a magas k\u00f6rnyezeti f\u00e9ny vagy por.<\/p>\n<\/li>\n<li data-sourcepos=\"13:1-14:0\">\n<p data-sourcepos=\"13:3-13:167\"><strong>K\u00f6lts\u00e9ghat\u00e9kony megold\u00e1s:<\/strong> A kapacit\u00edv \u00e9rint\u0151k\u00e9perny\u0151kh\u00f6z k\u00e9pest az 5 huzalos reziszt\u00edv \u00e9rint\u0151k\u00e9perny\u0151k k\u00f6lts\u00e9ghat\u00e9konyabb megold\u00e1st k\u00edn\u00e1lnak a nagym\u00e9ret\u0171 interakt\u00edv k\u00e9perny\u0151kh\u00f6z.<\/p>\n<\/li>\n<\/ul>\n<p data-sourcepos=\"15:1-15:51\"><strong>Az 5-vezet\u00e9kes ellen\u00e1ll\u00e1sos \u00e9rint\u0151k\u00e9perny\u0151k alkalmaz\u00e1sai:<\/strong><\/p>\n<ul data-sourcepos=\"17:1-24:0\">\n<li data-sourcepos=\"17:1-18:0\">\n<p data-sourcepos=\"17:3-17:212\"><strong>Interakt\u00edv intelligens t\u00e1bl\u00e1k:<\/strong> Az 5 vezet\u00e9kes reziszt\u00edv \u00e9rint\u0151k\u00e9perny\u0151k ide\u00e1lisak az oszt\u00e1lytermekben, konferenciatermekben \u00e9s k\u00e9pz\u00e9si k\u00f6zpontokban haszn\u00e1lt interakt\u00edv intelligens t\u00e1bl\u00e1khoz, amelyek lehet\u0151v\u00e9 teszik a k\u00f6z\u00f6s tanul\u00e1st \u00e9s a prezent\u00e1ci\u00f3kat.<\/p>\n<\/li>\n<li data-sourcepos=\"19:1-20:0\">\n<p data-sourcepos=\"19:3-19:225\"><strong>Digit\u00e1lis feliratok \u00e9s kioszkok:<\/strong> A kiskereskedelemben, a vend\u00e9gl\u00e1t\u00e1sban \u00e9s a nyilv\u00e1nos helyis\u00e9gekben az 5 huzalos reziszt\u00edv \u00e9rint\u0151k\u00e9perny\u0151k jav\u00edtj\u00e1k a digit\u00e1lis kijelz\u0151ket \u00e9s a kioszkokat, lehet\u0151v\u00e9 t\u00e9ve a felhaszn\u00e1l\u00f3k sz\u00e1m\u00e1ra a tartalommal val\u00f3 interakci\u00f3t, a v\u00e1laszt\u00e1st \u00e9s az inform\u00e1ci\u00f3k el\u00e9r\u00e9s\u00e9t.<\/p>\n<\/li>\n<li data-sourcepos=\"21:1-22:0\">\n<p data-sourcepos=\"21:3-21:179\"><strong>Ipari vez\u00e9rl\u0151rendszerek:<\/strong> Az 5 vezet\u00e9kes reziszt\u00edv \u00e9rint\u0151k\u00e9perny\u0151k megb\u00edzhat\u00f3 \u00e9s tart\u00f3s megold\u00e1st ny\u00fajtanak a g\u00e9pek vez\u00e9rl\u00e9s\u00e9hez \u00e9s a folyamatok fel\u00fcgyelet\u00e9hez ipari k\u00f6rnyezetben.<\/p>\n<\/li>\n<li data-sourcepos=\"23:1-24:0\">\n<p data-sourcepos=\"23:3-23:193\"><strong>Orvosi k\u00e9palkot\u00f3 rendszerek:<\/strong> Az 5 huzalos reziszt\u00edv \u00e9rint\u0151k\u00e9perny\u0151k tart\u00f3ss\u00e1ga \u00e9s pontoss\u00e1ga alkalmass\u00e1 teszi \u0151ket orvosi k\u00e9palkot\u00f3 rendszerekhez, lehet\u0151v\u00e9 t\u00e9ve az orvosok sz\u00e1m\u00e1ra a k\u00e9pekkel val\u00f3 pontos interakci\u00f3t.<\/p>\n<\/li>\n<\/ul>","protected":false},"excerpt":{"rendered":"<p>Az 5 huzalos reziszt\u00edv \u00e9rint\u0151k\u00e9perny\u0151k a tart\u00f3ss\u00e1g, a pontoss\u00e1g \u00e9s a megfizethet\u0151s\u00e9g meggy\u0151z\u0151 kombin\u00e1ci\u00f3j\u00e1t k\u00edn\u00e1lj\u00e1k, \u00edgy az interakt\u00edv intelligens t\u00e1bl\u00e1k \u00e9s k\u00e9perny\u0151alkalmaz\u00e1sok sz\u00e9les sk\u00e1l\u00e1j\u00e1hoz el\u0151ny\u00f6s v\u00e1laszt\u00e1snak bizonyulnak. Megb\u00edzhat\u00f3 \u00e9s k\u00f6lts\u00e9ghat\u00e9kony megold\u00e1st ny\u00fajtanak az \u00e9rint\u00e9svez\u00e9relt kijelz\u0151kh\u00f6z, fokozva a felhaszn\u00e1l\u00f3k elk\u00f6telezetts\u00e9g\u00e9t \u00e9s termel\u00e9kenys\u00e9g\u00e9t a k\u00fcl\u00f6nb\u00f6z\u0151 k\u00f6rnyezetekben.<\/p>","protected":false},"featured_media":1548,"template":"","meta":[],"product_cat":[41],"product_tag":[],"_links":{"self":[{"href":"https:\/\/touchscreenmfg.com\/hu\/wp-json\/wp\/v2\/product\/1625"}],"collection":[{"href":"https:\/\/touchscreenmfg.com\/hu\/wp-json\/wp\/v2\/product"}],"about":[{"href":"https:\/\/touchscreenmfg.com\/hu\/wp-json\/wp\/v2\/types\/product"}],"wp:featuredmedia":[{"embeddable":true,"href":"https:\/\/touchscreenmfg.com\/hu\/wp-json\/wp\/v2\/media\/1548"}],"wp:attachment":[{"href":"https:\/\/touchscreenmfg.com\/hu\/wp-json\/wp\/v2\/media?parent=1625"}],"wp:term":[{"taxonomy":"product_cat","embeddable":true,"href":"https:\/\/touchscreenmfg.com\/hu\/wp-json\/wp\/v2\/product_cat?post=1625"},{"taxonomy":"product_tag","embeddable":true,"href":"https:\/\/touchscreenmfg.com\/hu\/wp-json\/wp\/v2\/product_tag?post=1625"}],"curies":[{"name":"wp","href":"https:\/\/api.w.org\/{rel}","templated":true}]}}