{"id":1624,"date":"2024-06-29T01:09:51","date_gmt":"2024-06-29T01:09:51","guid":{"rendered":"https:\/\/touchscreenmfg.com\/?post_type=product&#038;p=1624"},"modified":"2024-06-29T02:07:12","modified_gmt":"2024-06-29T02:07:12","slug":"8-wire-resistive-touch-screens","status":"publish","type":"product","link":"https:\/\/touchscreenmfg.com\/hu\/8-wire-resistive-touch-screens\/","title":{"rendered":"8 huzalos ellen\u00e1ll\u00e1sos \u00e9rint\u0151k\u00e9perny\u0151k"},"content":{"rendered":"<h2 class=\"\" data-sourcepos=\"1:1-1:78\">8 huzalos ellen\u00e1ll\u00e1sos \u00e9rint\u0151k\u00e9perny\u0151k: Fokozott precizit\u00e1s az \u00e9rint\u0151k\u00e9perny\u0151s monitorokhoz<\/h2>\n<p data-sourcepos=\"3:1-3:106\">A 8 huzalos reziszt\u00edv \u00e9rint\u0151k\u00e9perny\u0151k az \u00e9rint\u0151k\u00e9perny\u0151s monitorok \u00e9rint\u00e9ses interakci\u00f3j\u00e1nak \u00e9lm\u00e9ny\u00e9t emelik, fokozott pontoss\u00e1got, tart\u00f3ss\u00e1got \u00e9s megfizethet\u0151s\u00e9get k\u00edn\u00e1lva. Ezek a fejlett \u00e9rint\u0151k\u00e9perny\u0151k egyedi kialak\u00edt\u00e1s\u00fa, tov\u00e1bbi \u00e9rz\u00e9kel\u0151huzalokat alkalmaznak, amelyek sz\u00e1mos el\u0151nyt biztos\u00edtanak a hagyom\u00e1nyos 4 huzalos reziszt\u00edv \u00e9rint\u0151k\u00e9perny\u0151kkel szemben.<\/p>\n<p data-sourcepos=\"5:1-5:51\"><strong>A 8 huzalos ellen\u00e1ll\u00e1sos \u00e9rint\u0151k\u00e9perny\u0151k f\u0151bb jellemz\u0151i:<\/strong><\/p>\n<ul data-sourcepos=\"7:1-7:94\">\n<li data-sourcepos=\"7:1-7:94\">\n<p data-sourcepos=\"7:3-7:186\"><strong>Kiv\u00e1l\u00f3 pontoss\u00e1g:<\/strong> A 8 huzalos reziszt\u00edv \u00e9rint\u0151k\u00e9perny\u0151k tov\u00e1bbi \u00e9rz\u00e9kel\u0151huzalai pontosabb \u00e9rint\u00e9s\u00e9rz\u00e9kel\u00e9st tesznek lehet\u0151v\u00e9, ami pontosabb \u00e9s \u00e9rz\u00e9kenyebb \u00e9rint\u00e9si \u00e9lm\u00e9nyt eredm\u00e9nyez.<\/p>\n<\/li>\n<li data-sourcepos=\"9:1-9:103\">\n<p data-sourcepos=\"9:3-9:103\"><strong>Cs\u00f6kkentett peremtorz\u00edt\u00e1s:<\/strong> A kieg\u00e9sz\u00edt\u0151 vezet\u00e9kek seg\u00edtenek kompenz\u00e1lni a sz\u00e9lek torzul\u00e1s\u00e1t, ami a nagyobb \u00e9rint\u0151k\u00e9perny\u0151s monitorokn\u00e1l gyakori probl\u00e9ma, \u00e9s \u00edgy az eg\u00e9sz k\u00e9perny\u0151n egyenletes \u00e9rint\u00e9si pontoss\u00e1got biztos\u00edtanak.<\/p>\n<\/li>\n<li data-sourcepos=\"11:1-12:0\">\n<p data-sourcepos=\"11:3-11:164\"><strong>Stabil teljes\u00edtm\u00e9ny:<\/strong> A 8 huzalos reziszt\u00edv \u00e9rint\u0151k\u00e9perny\u0151k stabil teljes\u00edtm\u00e9nyt ny\u00fajtanak m\u00e9g olyan kih\u00edv\u00e1st jelent\u0151 k\u00f6rnyezetben is, mint p\u00e9ld\u00e1ul a magas k\u00f6rnyezeti f\u00e9ny vagy por.<\/p>\n<\/li>\n<li data-sourcepos=\"13:1-14:0\">\n<p data-sourcepos=\"13:3-13:168\"><strong>K\u00f6lts\u00e9ghat\u00e9kony megold\u00e1s:<\/strong> A kapacit\u00edv \u00e9rint\u0151k\u00e9perny\u0151kh\u00f6z k\u00e9pest a 8 huzalos reziszt\u00edv \u00e9rint\u0151k\u00e9perny\u0151k k\u00f6lts\u00e9ghat\u00e9konyabb megold\u00e1st k\u00edn\u00e1lnak a nagym\u00e9ret\u0171 \u00e9rint\u0151k\u00e9perny\u0151kh\u00f6z.<\/p>\n<\/li>\n<\/ul>\n<p data-sourcepos=\"15:1-15:51\"><strong>A 8-vezet\u00e9kes ellen\u00e1ll\u00e1sos \u00e9rint\u0151k\u00e9perny\u0151k alkalmaz\u00e1sai:<\/strong><\/p>\n<ul data-sourcepos=\"17:1-17:32\">\n<li data-sourcepos=\"17:1-17:32\">\n<p class=\"\" data-sourcepos=\"17:3-17:213\"><strong class=\"\">Interakt\u00edv lapos panelek:<\/strong> A 8 vezet\u00e9kes reziszt\u00edv \u00e9rint\u0151k\u00e9perny\u0151k ide\u00e1lisak a konferenciatermekben, tantermekben \u00e9s nyilv\u00e1nos helyis\u00e9gekben haszn\u00e1lt interakt\u00edv lapos panelekhez, lehet\u0151v\u00e9 t\u00e9ve a z\u00f6kken\u0151mentes egy\u00fcttm\u0171k\u00f6d\u00e9st \u00e9s inform\u00e1ci\u00f3megoszt\u00e1st.<\/p>\n<\/li>\n<li data-sourcepos=\"19:1-20:0\">\n<p data-sourcepos=\"19:3-19:180\"><strong>Ipari vez\u00e9rl\u0151rendszerek:<\/strong> Ipari k\u00f6rnyezetben a 8 vezet\u00e9kes reziszt\u00edv \u00e9rint\u0151k\u00e9perny\u0151k megb\u00edzhat\u00f3 \u00e9s tart\u00f3s megold\u00e1st ny\u00fajtanak a g\u00e9pek vez\u00e9rl\u00e9s\u00e9re \u00e9s a folyamatok fel\u00fcgyelet\u00e9re.<\/p>\n<\/li>\n<li data-sourcepos=\"21:1-22:0\">\n<p data-sourcepos=\"21:3-21:217\"><strong>Kiskereskedelmi \u00e9s vend\u00e9gl\u00e1t\u00f3ipari kioszkok:<\/strong> A 8 huzalos reziszt\u00edv \u00e9rint\u0151k\u00e9perny\u0151k jav\u00edtj\u00e1k az \u00f6nkiszolg\u00e1l\u00f3 kioszkokat a kiskereskedelmi \u00e9s vend\u00e9gl\u00e1t\u00f3ipari k\u00f6rnyezetben, lehet\u0151v\u00e9 t\u00e9ve a v\u00e1s\u00e1rl\u00f3k sz\u00e1m\u00e1ra az inform\u00e1ci\u00f3k egyszer\u0171 el\u00e9r\u00e9s\u00e9t, a rendel\u00e9sek lead\u00e1s\u00e1t \u00e9s a fizet\u00e9st.<\/p>\n<\/li>\n<li data-sourcepos=\"23:1-24:0\">\n<p data-sourcepos=\"23:3-23:208\"><strong>Oktat\u00e1si bemutat\u00f3k:<\/strong> A 8 vezet\u00e9kes reziszt\u00edv \u00e9rint\u0151k\u00e9perny\u0151k megk\u00f6nny\u00edtik az interakt\u00edv tanul\u00e1si \u00e9lm\u00e9nyt az oktat\u00e1si k\u00f6rnyezetben, a tanul\u00f3kat \u00e9rint\u00e9salap\u00fa tev\u00e9kenys\u00e9gekkel k\u00f6tik le, \u00e9s jav\u00edtj\u00e1k a meg\u00e9rt\u00e9s\u00fcket.<\/p>\n<\/li>\n<\/ul>","protected":false},"excerpt":{"rendered":"<p>A 8 huzalos reziszt\u00edv \u00e9rint\u0151k\u00e9perny\u0151k a pontoss\u00e1g, a tart\u00f3ss\u00e1g \u00e9s a megfizethet\u0151s\u00e9g meggy\u0151z\u0151 kombin\u00e1ci\u00f3j\u00e1t k\u00edn\u00e1lj\u00e1k, \u00edgy az \u00e9rint\u0151k\u00e9perny\u0151s monitorok sz\u00e9les sk\u00e1l\u00e1j\u00e1hoz el\u0151ny\u00f6s v\u00e1laszt\u00e1snak bizonyulnak. Megb\u00edzhat\u00f3 \u00e9s k\u00f6lts\u00e9ghat\u00e9kony megold\u00e1st ny\u00fajtanak az interakt\u00edv kijelz\u0151kh\u00f6z, fokozva a felhaszn\u00e1l\u00f3k elk\u00f6telezetts\u00e9g\u00e9t \u00e9s termel\u00e9kenys\u00e9g\u00e9t a k\u00fcl\u00f6nb\u00f6z\u0151 k\u00f6rnyezetekben.<\/p>","protected":false},"featured_media":1550,"template":"","meta":[],"product_cat":[41],"product_tag":[],"_links":{"self":[{"href":"https:\/\/touchscreenmfg.com\/hu\/wp-json\/wp\/v2\/product\/1624"}],"collection":[{"href":"https:\/\/touchscreenmfg.com\/hu\/wp-json\/wp\/v2\/product"}],"about":[{"href":"https:\/\/touchscreenmfg.com\/hu\/wp-json\/wp\/v2\/types\/product"}],"wp:featuredmedia":[{"embeddable":true,"href":"https:\/\/touchscreenmfg.com\/hu\/wp-json\/wp\/v2\/media\/1550"}],"wp:attachment":[{"href":"https:\/\/touchscreenmfg.com\/hu\/wp-json\/wp\/v2\/media?parent=1624"}],"wp:term":[{"taxonomy":"product_cat","embeddable":true,"href":"https:\/\/touchscreenmfg.com\/hu\/wp-json\/wp\/v2\/product_cat?post=1624"},{"taxonomy":"product_tag","embeddable":true,"href":"https:\/\/touchscreenmfg.com\/hu\/wp-json\/wp\/v2\/product_tag?post=1624"}],"curies":[{"name":"wp","href":"https:\/\/api.w.org\/{rel}","templated":true}]}}