{"id":1621,"date":"2024-06-29T01:06:11","date_gmt":"2024-06-29T01:06:11","guid":{"rendered":"https:\/\/touchscreenmfg.com\/manufacturer\/pdp-display-cover-glass\/"},"modified":"2024-06-29T02:20:27","modified_gmt":"2024-06-29T02:20:27","slug":"pdp-display-cover-glass","status":"publish","type":"product","link":"https:\/\/touchscreenmfg.com\/hu\/pdp-display-cover-glass\/","title":{"rendered":"PDP kijelz\u0151 bor\u00edt\u00f3 \u00fcveg"},"content":{"rendered":"<p data-sourcepos=\"3:1-3:86\"><strong>V\u00e9dje PDP kijelz\u0151j\u00e9t a karcol\u00e1sokt\u00f3l, t\u00fckr\u00f6z\u0151d\u00e9st\u0151l \u00e9s s\u00e9r\u00fcl\u00e9sekt\u0151l<\/strong><\/p>\n<p data-sourcepos=\"5:1-5:157\">A PDP Display Cover Glass egy kifejezetten a PDP j\u00e1t\u00e9keszk\u00f6z\u00f6k kijelz\u0151j\u00e9hez tervezett v\u00e9d\u0151r\u00e9teg. Potenci\u00e1lisan a k\u00f6vetkez\u0151 funkci\u00f3kat k\u00edn\u00e1lhatja:<\/p>\n<ul data-sourcepos=\"7:1-7:36\">\n<li data-sourcepos=\"7:1-7:36\">\n<p class=\"\" data-sourcepos=\"7:3-7:285\"><strong class=\"\">Karcol\u00e1s- \u00e9s \u00fct\u00e9s\u00e1ll\u00f3s\u00e1g:<\/strong> Az edzett \u00fcvegb\u0151l k\u00e9sz\u00fclt k\u00e9perny\u0151v\u00e9d\u0151h\u00f6z hasonl\u00f3an a PDP Display Cover Glass c\u00e9lja, hogy megv\u00e9dje a kijelz\u0151t a karcol\u00e1sokt\u00f3l, karcol\u00e1sokt\u00f3l \u00e9s v\u00e9letlen \u00fct\u00e9sekt\u0151l. Ez k\u00fcl\u00f6n\u00f6sen fontos a k\u00e9zi j\u00e1t\u00e9keszk\u00f6z\u00f6k eset\u00e9ben, amelyek hajlamosabbak az \u00fct\u0151d\u00e9sekre \u00e9s leejt\u00e9sekre.<\/p>\n<\/li>\n<li data-sourcepos=\"9:1-10:0\">\n<p data-sourcepos=\"9:3-9:168\"><strong>Fokozott tisztas\u00e1g:<\/strong> A kiv\u00e1l\u00f3 min\u0151s\u00e9g\u0171 PDP kijelz\u0151bor\u00edt\u00f3 \u00fcvegnek kiv\u00e1l\u00f3 optikai tisztas\u00e1got kell biztos\u00edtania, hogy a j\u00e1t\u00e9k l\u00e1tv\u00e1nya \u00e9les \u00e9s torz\u00edt\u00e1smentes maradjon.<\/p>\n<\/li>\n<li data-sourcepos=\"11:1-12:0\">\n<p data-sourcepos=\"11:3-11:242\"><strong>K\u00e1pr\u00e1z\u00e1s\u00e1ll\u00f3s\u00e1g:<\/strong> Ha a PDP j\u00e1t\u00e9kk\u00e9sz\u00fcl\u00e9k f\u00e9nyes kijelz\u0151vel rendelkezik, a t\u00fckr\u00f6z\u0151d\u00e9smentes PDP Display Cover Glass seg\u00edthet a k\u00f6rnyezeti f\u00e9nyforr\u00e1sokb\u00f3l sz\u00e1rmaz\u00f3 t\u00fckr\u00f6z\u0151d\u00e9sek minimaliz\u00e1l\u00e1s\u00e1ban, jav\u00edtva a k\u00e9perny\u0151 l\u00e1that\u00f3s\u00e1g\u00e1t, k\u00fcl\u00f6n\u00f6sen er\u0151sen megvil\u00e1g\u00edtott k\u00f6rnyezetben.<\/p>\n<\/li>\n<li data-sourcepos=\"13:1-13:44\">\n<p data-sourcepos=\"13:3-13:44\"><strong>Touch kompatibilit\u00e1s:<\/strong> Ha a PDP j\u00e1t\u00e9keszk\u00f6z \u00e9rint\u0151k\u00e9perny\u0151s kijelz\u0151vel rendelkezik, a fed\u0151\u00fcveget \u00fagy kell megtervezni, hogy \u00e9rint\u0151kompatibilis legyen, lehet\u0151v\u00e9 t\u00e9ve a z\u00f6kken\u0151mentes interakci\u00f3t az \u00e9rint\u0151k\u00e9perny\u0151vel.<\/p>\n<\/li>\n<\/ul>","protected":false},"excerpt":{"rendered":"<p>A PDP Display Cover Glass \u00e9rt\u00e9kes kieg\u00e9sz\u00edt\u0151 lehet a j\u00e1t\u00e9kosok sz\u00e1m\u00e1ra, akik szeretn\u00e9k megv\u00e9deni k\u00e9sz\u00fcl\u00e9k\u00fck kijelz\u0151j\u00e9t \u00e9s fenntartani az optim\u00e1lis j\u00e1t\u00e9k\u00e9lm\u00e9nyt.<\/p>","protected":false},"featured_media":1582,"template":"","meta":[],"product_cat":[15],"product_tag":[],"_links":{"self":[{"href":"https:\/\/touchscreenmfg.com\/hu\/wp-json\/wp\/v2\/product\/1621"}],"collection":[{"href":"https:\/\/touchscreenmfg.com\/hu\/wp-json\/wp\/v2\/product"}],"about":[{"href":"https:\/\/touchscreenmfg.com\/hu\/wp-json\/wp\/v2\/types\/product"}],"wp:featuredmedia":[{"embeddable":true,"href":"https:\/\/touchscreenmfg.com\/hu\/wp-json\/wp\/v2\/media\/1582"}],"wp:attachment":[{"href":"https:\/\/touchscreenmfg.com\/hu\/wp-json\/wp\/v2\/media?parent=1621"}],"wp:term":[{"taxonomy":"product_cat","embeddable":true,"href":"https:\/\/touchscreenmfg.com\/hu\/wp-json\/wp\/v2\/product_cat?post=1621"},{"taxonomy":"product_tag","embeddable":true,"href":"https:\/\/touchscreenmfg.com\/hu\/wp-json\/wp\/v2\/product_tag?post=1621"}],"curies":[{"name":"wp","href":"https:\/\/api.w.org\/{rel}","templated":true}]}}