{"id":1620,"date":"2024-06-29T01:06:11","date_gmt":"2024-06-29T01:06:11","guid":{"rendered":"https:\/\/touchscreenmfg.com\/manufacturer\/anti-reflective-glass\/"},"modified":"2024-06-29T02:25:34","modified_gmt":"2024-06-29T02:25:34","slug":"anti-reflective-glass","status":"publish","type":"product","link":"https:\/\/touchscreenmfg.com\/hu\/anti-reflective-glass\/","title":{"rendered":"Anti-reflekt\u00edv \u00fcveg"},"content":{"rendered":"<h2 class=\"\" data-sourcepos=\"1:1-1:93\">Anti-reflekt\u00edv \u00fcveg: Fokozza a tisztas\u00e1got \u00e9s cs\u00f6kkenti a t\u00fckr\u00f6z\u0151d\u00e9st a kiv\u00e1l\u00f3 vizu\u00e1lis \u00e9lm\u00e9ny \u00e9rdek\u00e9ben.<\/h2>\n<p data-sourcepos=\"3:1-3:52\">A t\u00fckr\u00f6z\u0151d\u00e9smentes \u00fcveg, m\u00e1s n\u00e9ven t\u00fckr\u00f6z\u0151d\u00e9smentes \u00fcveg vagy t\u00fckr\u00f6z\u0151d\u00e9smentes \u00fcveg, olyan \u00fcvegt\u00edpus, amelyet speci\u00e1lis bevonattal kezelnek a t\u00fckr\u00f6z\u0151d\u00e9sek minimaliz\u00e1l\u00e1sa \u00e9s a f\u00e9ny\u00e1tereszt\u00e9s jav\u00edt\u00e1sa \u00e9rdek\u00e9ben. Ez a bevonat megzavarja a f\u00e9nyhull\u00e1mok visszaver\u0151d\u00e9s\u00e9t, cs\u00f6kkentve a nem k\u00edv\u00e1nt t\u00fckr\u00f6z\u0151d\u00e9sek \u00e9s reflexi\u00f3k mennyis\u00e9g\u00e9t, amelyek akad\u00e1lyozhatj\u00e1k a tiszta l\u00e1t\u00e1st.<\/p>\n<p data-sourcepos=\"5:1-5:42\"><strong>A f\u00e9nyvisszaver\u0151d\u00e9sg\u00e1tl\u00f3 \u00fcveg f\u0151 jellemz\u0151i:<\/strong><\/p>\n<ul data-sourcepos=\"7:1-7:23\">\n<li data-sourcepos=\"7:1-7:23\">\n<p data-sourcepos=\"7:3-7:165\"><strong>Fokozott tisztas\u00e1g:<\/strong> Az AR-\u00fcveg jelent\u0151sen cs\u00f6kkenti a fel\u00fcleti t\u00fckr\u00f6z\u0151d\u00e9seket, lehet\u0151v\u00e9 t\u00e9ve az \u00fcveg m\u00f6g\u00f6tti t\u00e1rgyak vagy k\u00e9pek tiszt\u00e1bb \u00e9s pontosabb megjelen\u00edt\u00e9s\u00e9t.<\/p>\n<\/li>\n<li data-sourcepos=\"9:1-9:46\">\n<p data-sourcepos=\"9:3-9:46\"><strong>Cs\u00f6kkentett szemterhel\u00e9s:<\/strong> A t\u00fckr\u00f6z\u0151d\u00e9s minimaliz\u00e1l\u00e1s\u00e1val az AR-\u00fcveg seg\u00edt cs\u00f6kkenteni a szem meger\u0151ltet\u00e9s\u00e9t, \u00edgy k\u00e9nyelmesebb\u00e9 teszi a k\u00e9perny\u0151k, kijelz\u0151k \u00e9s m\u00e1s \u00fcvegfel\u00fcletek hosszabb ideig t\u00f6rt\u00e9n\u0151 megtekint\u00e9s\u00e9t.<\/p>\n<\/li>\n<li data-sourcepos=\"11:1-12:0\">\n<p data-sourcepos=\"11:3-11:135\"><strong>Jav\u00edtott k\u00e9pmin\u0151s\u00e9g:<\/strong> Az AR-\u00fcveg jav\u00edtja az \u00e1ltal\u00e1nos k\u00e9pmin\u0151s\u00e9get az\u00e1ltal, hogy cs\u00f6kkenti a t\u00fckr\u00f6z\u0151d\u00e9seket, amelyek torz\u00edthatj\u00e1k vagy eltakarhatj\u00e1k a l\u00e1tv\u00e1nyt.<\/p>\n<\/li>\n<\/ul>\n<p data-sourcepos=\"13:1-13:42\"><strong>A f\u00e9nyvisszaver\u0151d\u00e9sg\u00e1tl\u00f3 \u00fcveg alkalmaz\u00e1sai:<\/strong><\/p>\n<ul data-sourcepos=\"15:1-17:28\">\n<li data-sourcepos=\"15:1-16:0\">\n<p data-sourcepos=\"15:3-15:165\"><strong>Szem\u00fcveg:<\/strong> Az AR bevonatokat \u00e1ltal\u00e1ban szem\u00fcvegekben \u00e9s napszem\u00fcvegekben haszn\u00e1lj\u00e1k a napf\u00e9ny, a f\u00e9nysz\u00f3r\u00f3k \u00e9s m\u00e1s forr\u00e1sok okozta t\u00fckr\u00f6z\u0151d\u00e9sek cs\u00f6kkent\u00e9s\u00e9re, jav\u00edtva a l\u00e1t\u00e1st \u00e9s a k\u00e9nyelmet.<\/p>\n<\/li>\n<li data-sourcepos=\"17:1-17:28\">\n<p data-sourcepos=\"17:3-17:28\"><strong>Elektronikus eszk\u00f6z\u00f6k:<\/strong> Az AR-\u00fcveget sz\u00e9les k\u00f6rben haszn\u00e1lj\u00e1k okostelefonokban, t\u00e1blag\u00e9pekben, laptopokban \u00e9s m\u00e1s elektronikus eszk\u00f6z\u00f6kben a k\u00e9perny\u0151 tisztas\u00e1g\u00e1nak fokoz\u00e1sa \u00e9s a szem meger\u0151ltet\u00e9s\u00e9nek cs\u00f6kkent\u00e9se \u00e9rdek\u00e9ben.<\/p>\n<\/li>\n<li data-sourcepos=\"19:1-20:0\">\n<p data-sourcepos=\"19:3-19:163\"><strong>M\u00fazeumi \u00e9s gal\u00e9ri\u00e1s ki\u00e1ll\u00edt\u00e1sok:<\/strong> Az AR-\u00fcveget m\u00fazeumi \u00e9s gal\u00e9ri\u00e1s ki\u00e1ll\u00edt\u00e1sokon haszn\u00e1lj\u00e1k, hogy megv\u00e9dj\u00e9k a m\u0171t\u00e1rgyakat a t\u00fckr\u00f6z\u0151d\u00e9sekt\u0151l, \u00e9s tiszt\u00e1bb kil\u00e1t\u00e1st biztos\u00edtsanak a l\u00e1togat\u00f3k sz\u00e1m\u00e1ra.<\/p>\n<\/li>\n<li data-sourcepos=\"21:1-22:0\">\n<p data-sourcepos=\"21:3-21:157\"><strong>\u00c9p\u00edt\u00e9szeti alkalmaz\u00e1sok:<\/strong> Az AR \u00fcveg haszn\u00e1lhat\u00f3 ablakokban, tet\u0151ablakokban \u00e9s m\u00e1s \u00e9p\u00edt\u00e9szeti elemekben a t\u00fckr\u00f6z\u0151d\u00e9s cs\u00f6kkent\u00e9se \u00e9s az energiahat\u00e9konys\u00e1g jav\u00edt\u00e1sa \u00e9rdek\u00e9ben.<\/p>\n<\/li>\n<\/ul>\n<p data-sourcepos=\"23:1-23:316\"><strong>Antireflexi\u00f3s edzett \u00fcveg<\/strong> az AR-\u00fcveg egy olyan t\u00edpusa, amelyet edz\u00e9si elj\u00e1r\u00e1ssal er\u0151s\u00edtenek, \u00e9s ez\u00e1ltal ellen\u00e1ll\u00f3bb\u00e1 teszik a t\u00f6r\u00e9ssel \u00e9s a karcol\u00e1sokkal szemben. A t\u00fckr\u00f6z\u0151d\u00e9sg\u00e1tl\u00f3 \u00e9s v\u00e9d\u0151 tulajdons\u00e1gok ezen kombin\u00e1ci\u00f3ja ide\u00e1lis v\u00e1laszt\u00e1ss\u00e1 teszi az \u00fcvegeket olyan alkalmaz\u00e1sokhoz, ahol a tisztas\u00e1g \u00e9s a tart\u00f3ss\u00e1g egyar\u00e1nt fontos.<\/p>\n<p data-sourcepos=\"25:1-25:141\"><strong>Anti-reflex \u00fcveg<\/strong> egy m\u00e1sik kifejez\u00e9s a t\u00fckr\u00f6z\u0151d\u00e9smentes \u00fcvegre. Gyakran felv\u00e1ltva haszn\u00e1lj\u00e1k az \"AR \u00fcveggel\" \u00e9s a \"nem t\u00fckr\u00f6z\u0151d\u0151 \u00fcveggel\".<\/p>","protected":false},"excerpt":{"rendered":"<p>A f\u00e9nyvisszaver\u0151d\u00e9sg\u00e1tl\u00f3 \u00fcveg \u00e9rt\u00e9kes technol\u00f3gia, amely jelent\u0151s el\u0151ny\u00f6ket k\u00edn\u00e1l a k\u00fcl\u00f6nb\u00f6z\u0151 alkalmaz\u00e1sokban. Fokozza a tisztas\u00e1got, cs\u00f6kkenti a t\u00fckr\u00f6z\u0151d\u00e9st \u00e9s jav\u00edtja az eszt\u00e9tik\u00e1t, \u00edgy el\u0151ny\u00f6s v\u00e1laszt\u00e1s olyan helyzetekben, ahol az optim\u00e1lis l\u00e1that\u00f3s\u00e1g \u00e9s a felhaszn\u00e1l\u00f3i \u00e9lm\u00e9ny alapvet\u0151 fontoss\u00e1g\u00fa.<\/p>","protected":false},"featured_media":1581,"template":"","meta":[],"product_cat":[15],"product_tag":[],"_links":{"self":[{"href":"https:\/\/touchscreenmfg.com\/hu\/wp-json\/wp\/v2\/product\/1620"}],"collection":[{"href":"https:\/\/touchscreenmfg.com\/hu\/wp-json\/wp\/v2\/product"}],"about":[{"href":"https:\/\/touchscreenmfg.com\/hu\/wp-json\/wp\/v2\/types\/product"}],"wp:featuredmedia":[{"embeddable":true,"href":"https:\/\/touchscreenmfg.com\/hu\/wp-json\/wp\/v2\/media\/1581"}],"wp:attachment":[{"href":"https:\/\/touchscreenmfg.com\/hu\/wp-json\/wp\/v2\/media?parent=1620"}],"wp:term":[{"taxonomy":"product_cat","embeddable":true,"href":"https:\/\/touchscreenmfg.com\/hu\/wp-json\/wp\/v2\/product_cat?post=1620"},{"taxonomy":"product_tag","embeddable":true,"href":"https:\/\/touchscreenmfg.com\/hu\/wp-json\/wp\/v2\/product_tag?post=1620"}],"curies":[{"name":"wp","href":"https:\/\/api.w.org\/{rel}","templated":true}]}}