{"id":1619,"date":"2024-06-29T01:06:11","date_gmt":"2024-06-29T01:06:11","guid":{"rendered":"https:\/\/touchscreenmfg.com\/manufacturer\/aio-pc-cover-glass\/"},"modified":"2024-06-29T02:32:50","modified_gmt":"2024-06-29T02:32:50","slug":"aio-pc-cover-glass","status":"publish","type":"product","link":"https:\/\/touchscreenmfg.com\/hu\/aio-pc-cover-glass\/","title":{"rendered":"AIO PC fed\u0151\u00fcveg"},"content":{"rendered":"<h2 class=\"\" data-sourcepos=\"3:1-3:89\">AIO PC Cover Glass: AIO PC eszt\u00e9tik\u00e1j\u00e1nak feldob\u00e1sa eleg\u00e1ns \u00e9s st\u00edlusos v\u00e9delemmel<\/h2>\n<p data-sourcepos=\"5:1-5:54\">Az AIO PC Cover Glass, m\u00e1s n\u00e9ven 3D Cover Glass egy pr\u00e9mium kateg\u00f3ri\u00e1s \u00fcveglap, amelyet az All-in-One (AIO) PC megjelen\u00e9s\u00e9nek jav\u00edt\u00e1s\u00e1ra \u00e9s v\u00e9delm\u00e9re terveztek. Ezek a st\u00edlusos \u00fcvegbor\u00edt\u00e1sok az eszt\u00e9tikai vonzer\u0151 \u00e9s a funkcion\u00e1lis el\u0151ny\u00f6k egyed\u00fcl\u00e1ll\u00f3 kombin\u00e1ci\u00f3j\u00e1t k\u00edn\u00e1lj\u00e1k, \u00e9s az AIO PC-t a munkater\u00fclet vagy az otthoni sz\u00f3rakoztat\u00f3 berendez\u00e9s k\u00f6zponti elem\u00e9v\u00e9 var\u00e1zsolj\u00e1k.<\/p>\n<p data-sourcepos=\"7:1-7:39\"><strong>F\u0151 jellemz\u0151k :<\/strong><\/p>\n<ul data-sourcepos=\"9:1-9:9\">\n<li data-sourcepos=\"9:1-9:9\">\n<p data-sourcepos=\"9:3-9:199\"><strong>Eleg\u00e1ns \u00e9s modern design:<\/strong> Az AIO PC Cover Glass eleg\u00e1ns \u00e9s modern kialak\u00edt\u00e1s\u00fa, amely kieg\u00e9sz\u00edti az AIO PC-k minimalista eszt\u00e9tik\u00e1j\u00e1t, eleganci\u00e1t \u00e9s kifinomults\u00e1got k\u00f6lcs\u00f6n\u00f6zve a be\u00e1ll\u00edt\u00e1soknak.<\/p>\n<\/li>\n<li data-sourcepos=\"11:1-12:0\">\n<p data-sourcepos=\"11:3-11:189\"><strong>Fokozott vizu\u00e1lis vonzer\u0151:<\/strong> Az \u00e1tl\u00e1tsz\u00f3 \u00fcveg lehet\u0151v\u00e9 teszi, hogy az AIO PC bels\u0151 alkatr\u00e9szei \u00e1tvil\u00e1g\u00edtsanak, \u00edgy vizu\u00e1lisan leny\u0171g\u00f6z\u0151 hat\u00e1st keltve, amely bemutatja a benne l\u00e9v\u0151 technol\u00f3gi\u00e1t.<\/p>\n<\/li>\n<li data-sourcepos=\"13:1-13:125\">\n<p data-sourcepos=\"13:3-13:125\"><strong>3D Edge Design:<\/strong> Sz\u00e1mos AIO PC Cover Glass panel 3D-s sz\u00e9l\u0171 kialak\u00edt\u00e1ssal rendelkezik, amely kecsesen k\u00f6rbe\u00f6leli az AIO PC sz\u00e9leit, sima \u00e9s kifinomult megjelen\u00e9st biztos\u00edtva.<\/p>\n<\/li>\n<li data-sourcepos=\"15:1-16:0\">\n<p data-sourcepos=\"15:3-15:211\"><strong>Karcol\u00e1s- \u00e9s \u00fct\u00e9s\u00e1ll\u00f3s\u00e1g:<\/strong> \u00c1ltal\u00e1ban edzett \u00fcvegb\u0151l k\u00e9sz\u00fcl, amely rendk\u00edv\u00fcl ellen\u00e1ll\u00f3 a karcol\u00e1sokkal, \u00fct\u00e9sekkel \u00e9s ujjlenyomatokkal szemben, \u00edgy hossz\u00fa t\u00e1v\u00fa v\u00e9delmet biztos\u00edt az AIO PC sz\u00e1m\u00e1ra.<\/p>\n<\/li>\n<\/ul>\n<p data-sourcepos=\"17:1-17:39\"><strong>Alkalmaz\u00e1sok:<\/strong><\/p>\n<ul data-sourcepos=\"19:1-24:0\">\n<li data-sourcepos=\"19:1-20:0\">\n<p data-sourcepos=\"19:3-19:171\"><strong>AIO PC-k:<\/strong> Az AIO PC Cover Glass kifejezetten az AIO PC-khez k\u00e9sz\u00fclt, t\u00f6k\u00e9letes illeszked\u00e9st biztos\u00edt, \u00e9s jav\u00edtja ezeknek a kompakt asztali sz\u00e1m\u00edt\u00f3g\u00e9peknek az \u00e1ltal\u00e1nos megjelen\u00e9s\u00e9t.<\/p>\n<\/li>\n<li data-sourcepos=\"21:1-22:0\">\n<p data-sourcepos=\"21:3-21:207\"><strong>Otthoni sz\u00f3rakoztat\u00f3 k\u00f6zpontok:<\/strong> Az AIO PC-ket gyakran haszn\u00e1lj\u00e1k az otthoni sz\u00f3rakoztat\u00f3 k\u00f6zpontok r\u00e9szek\u00e9nt, \u00e9s ez feldobhatja ezeknek a be\u00e1ll\u00edt\u00e1soknak az eszt\u00e9tikai vonzerej\u00e9t, a szoba k\u00f6z\u00e9ppontj\u00e1v\u00e1 t\u00e9ve \u0151ket.<\/p>\n<\/li>\n<li data-sourcepos=\"23:1-24:0\">\n<p data-sourcepos=\"23:3-23:174\"><strong>Munkater\u00fcletek:<\/strong> Az AIO PC-k egyre n\u00e9pszer\u0171bbek a munkahelyeken is, \u00e9s az AIO PC Cover Glass professzionalizmust \u00e9s st\u00edlust k\u00f6lcs\u00f6n\u00f6zhet b\u00e1rmely irodai k\u00f6rnyezetnek.<\/p>\n<\/li>\n<\/ul>","protected":false},"excerpt":{"rendered":"<p>Az AIO PC Cover Glass \u00e9rt\u00e9kes kieg\u00e9sz\u00edt\u0151je b\u00e1rmely AIO PC-nek, amely az eszt\u00e9tikai jav\u00edt\u00e1s \u00e9s a funkcion\u00e1lis v\u00e9delem kombin\u00e1ci\u00f3j\u00e1t k\u00edn\u00e1lja. Eleg\u00e1ns kialak\u00edt\u00e1s\u00e1val, 3D-s peremr\u00e9szleteivel \u00e9s karc\u00e1ll\u00f3 tulajdons\u00e1gaival az AIO PC Cover Glass st\u00edlusos \u00e9s v\u00e9dett darabot var\u00e1zsol az AIO PC-b\u0151l.<\/p>","protected":false},"featured_media":1580,"template":"","meta":[],"product_cat":[15],"product_tag":[],"_links":{"self":[{"href":"https:\/\/touchscreenmfg.com\/hu\/wp-json\/wp\/v2\/product\/1619"}],"collection":[{"href":"https:\/\/touchscreenmfg.com\/hu\/wp-json\/wp\/v2\/product"}],"about":[{"href":"https:\/\/touchscreenmfg.com\/hu\/wp-json\/wp\/v2\/types\/product"}],"wp:featuredmedia":[{"embeddable":true,"href":"https:\/\/touchscreenmfg.com\/hu\/wp-json\/wp\/v2\/media\/1580"}],"wp:attachment":[{"href":"https:\/\/touchscreenmfg.com\/hu\/wp-json\/wp\/v2\/media?parent=1619"}],"wp:term":[{"taxonomy":"product_cat","embeddable":true,"href":"https:\/\/touchscreenmfg.com\/hu\/wp-json\/wp\/v2\/product_cat?post=1619"},{"taxonomy":"product_tag","embeddable":true,"href":"https:\/\/touchscreenmfg.com\/hu\/wp-json\/wp\/v2\/product_tag?post=1619"}],"curies":[{"name":"wp","href":"https:\/\/api.w.org\/{rel}","templated":true}]}}