{"id":1618,"date":"2024-06-29T01:06:11","date_gmt":"2024-06-29T01:06:11","guid":{"rendered":"https:\/\/touchscreenmfg.com\/manufacturer\/cover-lens\/"},"modified":"2024-06-29T02:42:53","modified_gmt":"2024-06-29T02:42:53","slug":"cover-lens","status":"publish","type":"product","link":"https:\/\/touchscreenmfg.com\/hu\/cover-lens\/","title":{"rendered":"Fed\u0151lencse"},"content":{"rendered":"<h2 class=\"\" data-sourcepos=\"1:1-1:69\">Fed\u0151lencse: Optikai lencs\u00e9k prec\u00edz v\u00e9delme \u00e9s feljav\u00edt\u00e1sa<\/h2>\n<p data-sourcepos=\"3:1-3:129\">A v\u00e9d\u0151lencs\u00e9k olyan optikai alkatr\u00e9szek, amelyeket az els\u0151dleges lencs\u00e9k f\u00f6l\u00e9 helyeznek, hogy megv\u00e9dj\u00e9k azokat a karcol\u00e1sokt\u00f3l, port\u00f3l \u00e9s m\u00e1s k\u00e1ros\u00edt\u00f3 elemekt\u0151l. K\u00fcl\u00f6nb\u00f6z\u0151 alkalmaz\u00e1sokban j\u00e1tszanak d\u00f6nt\u0151 szerepet, biztos\u00edtva az optikai rendszerek hossz\u00fa \u00e9lettartam\u00e1t \u00e9s optim\u00e1lis teljes\u00edtm\u00e9ny\u00e9t.<\/p>\n<p data-sourcepos=\"5:1-5:30\"><strong>Kulcsfontoss\u00e1g\u00fa jellemz\u0151k:<\/strong><\/p>\n<ul data-sourcepos=\"7:1-9:14\">\n<li data-sourcepos=\"7:1-8:0\">\n<p data-sourcepos=\"7:3-7:154\"><strong>V\u00e9delem:<\/strong> A fed\u0151lencse v\u00e9delmet ny\u00fajt az els\u0151dleges lencs\u00e9knek a karcol\u00e1sokt\u00f3l, kop\u00e1sokt\u00f3l \u00e9s egy\u00e9b k\u00fcls\u0151 t\u00e9nyez\u0151k \u00e1ltal okozott fizikai s\u00e9r\u00fcl\u00e9sekt\u0151l.<\/p>\n<\/li>\n<li data-sourcepos=\"9:1-9:14\">\n<p data-sourcepos=\"9:3-9:14\"><strong>Tart\u00f3ss\u00e1g:<\/strong> \u00c1ltal\u00e1ban tart\u00f3s anyagokb\u00f3l, p\u00e9ld\u00e1ul \u00fcvegb\u0151l vagy m\u0171anyagb\u00f3l k\u00e9sz\u00fclnek, \u00edgy biztos\u00edtj\u00e1k, hogy ellen\u00e1lljanak a rendszeres haszn\u00e1latnak \u00e9s a zord k\u00f6rnyezetnek.<\/p>\n<\/li>\n<li data-sourcepos=\"11:1-11:41\">\n<p data-sourcepos=\"11:3-11:41\"><strong>Optikai tisztas\u00e1g:<\/strong> A kiv\u00e1l\u00f3 min\u0151s\u00e9g\u0171 fed\u0151lencs\u00e9k kiv\u00e1l\u00f3 optikai tisztas\u00e1got biztos\u00edtanak, \u00edgy a f\u00e9ny torz\u00edt\u00e1s n\u00e9lk\u00fcl \u00e1thatol, meg\u0151rizve az els\u0151dleges lencse k\u00e9pmin\u0151s\u00e9g\u00e9t.<\/p>\n<\/li>\n<li data-sourcepos=\"13:1-14:0\">\n<p data-sourcepos=\"13:3-13:133\"><strong>Sokoldal\u00fas\u00e1g:<\/strong> K\u00fcl\u00f6nb\u00f6z\u0151 form\u00e1kban, m\u00e9retekben \u00e9s vastags\u00e1gokban kaphat\u00f3k, hogy az optikai alkalmaz\u00e1sok sz\u00e9les sk\u00e1l\u00e1j\u00e1hoz illeszkedjenek.<\/p>\n<\/li>\n<\/ul>\n<p data-sourcepos=\"15:1-15:33\"><strong>Alkalmaz\u00e1sok:<\/strong><\/p>\n<ul data-sourcepos=\"17:1-21:47\">\n<li data-sourcepos=\"17:1-18:0\">\n<p data-sourcepos=\"17:3-17:177\"><strong>F\u00e9nyk\u00e9pez\u0151g\u00e9p \u00e9s videokamera objekt\u00edvek:<\/strong> A fed\u0151lencs\u00e9k elengedhetetlenek a f\u00e9nyk\u00e9pez\u0151g\u00e9pek \u00e9s videokamer\u00e1k lencs\u00e9inek karcol\u00e1sokt\u00f3l, port\u00f3l \u00e9s ujjlenyomatokt\u00f3l val\u00f3 v\u00e9delm\u00e9hez, biztos\u00edtva az \u00e9les \u00e9s tiszta k\u00e9peket.<\/p>\n<\/li>\n<li data-sourcepos=\"19:1-20:0\">\n<p data-sourcepos=\"19:3-19:169\"><strong>T\u00e1vcs\u00f6vek \u00e9s t\u00e1vcs\u00f6vek:<\/strong> A fed\u0151lencs\u00e9k v\u00e9dik a t\u00e1vcs\u00f6vek \u00e9s t\u00e1vcs\u00f6vek objekt\u00edv- \u00e9s okul\u00e1rlencs\u00e9it, megakad\u00e1lyozva a por, a nedvess\u00e9g \u00e9s az \u00fct\u00e9sek okozta s\u00e9r\u00fcl\u00e9seket.<\/p>\n<\/li>\n<li data-sourcepos=\"21:1-21:47\">\n<p data-sourcepos=\"21:3-21:47\"><strong>Orvostechnikai eszk\u00f6z\u00f6k:<\/strong> Ezeket az orvosi eszk\u00f6z\u00f6kben, p\u00e9ld\u00e1ul mikroszk\u00f3pokban \u00e9s endoszk\u00f3pokban haszn\u00e1lj\u00e1k, hogy megv\u00e9dj\u00e9k a k\u00e9nyes optikai alkatr\u00e9szeket a szennyez\u0151d\u00e9st\u0151l \u00e9s a k\u00e1rosod\u00e1st\u00f3l.<\/p>\n<\/li>\n<li data-sourcepos=\"23:1-24:0\">\n<p data-sourcepos=\"23:3-23:161\"><strong>Ipari alkalmaz\u00e1sok:<\/strong> Ipari k\u00f6rnyezetben alkalmazz\u00e1k \u0151ket az \u00e9rz\u00e9kel\u0151k, l\u00e9zerek \u00e9s m\u00e1s optikai alkatr\u00e9szek v\u00e9delm\u00e9re a zord k\u00f6rnyezetekt\u0151l.<\/p>\n<\/li>\n<\/ul>\n<p data-sourcepos=\"25:1-25:269\">Az optikai lencs\u00e9k pol\u00edroz\u00e1sa kulcsfontoss\u00e1g\u00fa folyamat, amely biztos\u00edtja, hogy a fed\u0151lencs\u00e9k meg\u0151rizz\u00e9k optikai tisztas\u00e1gukat \u00e9s torz\u00edt\u00e1s n\u00e9lk\u00fcl tov\u00e1bb\u00edts\u00e1k a f\u00e9nyt. A pol\u00edroz\u00e1s elt\u00e1vol\u00edtja a mikroszkopikus t\u00f6k\u00e9letlens\u00e9geket \u00e9s szab\u00e1lytalans\u00e1gokat a lencse fel\u00fclet\u00e9r\u0151l, \u00edgy sima \u00e9s tiszta fel\u00fcletet eredm\u00e9nyez.<\/p>","protected":false},"excerpt":{"rendered":"<p>A fed\u0151lencse \u00e9rt\u00e9kes befektet\u00e9s minden \u00e9rint\u0151k\u00e9perny\u0151s vagy \u00e9rz\u00e9keny kijelz\u0151vel rendelkez\u0151 k\u00e9sz\u00fcl\u00e9khez. Alapvet\u0151 v\u00e9delmet ny\u00fajt, mik\u00f6zben potenci\u00e1lisan jav\u00edtja a felhaszn\u00e1l\u00f3i \u00e9lm\u00e9nyt.<\/p>","protected":false},"featured_media":1579,"template":"","meta":[],"product_cat":[15],"product_tag":[],"_links":{"self":[{"href":"https:\/\/touchscreenmfg.com\/hu\/wp-json\/wp\/v2\/product\/1618"}],"collection":[{"href":"https:\/\/touchscreenmfg.com\/hu\/wp-json\/wp\/v2\/product"}],"about":[{"href":"https:\/\/touchscreenmfg.com\/hu\/wp-json\/wp\/v2\/types\/product"}],"wp:featuredmedia":[{"embeddable":true,"href":"https:\/\/touchscreenmfg.com\/hu\/wp-json\/wp\/v2\/media\/1579"}],"wp:attachment":[{"href":"https:\/\/touchscreenmfg.com\/hu\/wp-json\/wp\/v2\/media?parent=1618"}],"wp:term":[{"taxonomy":"product_cat","embeddable":true,"href":"https:\/\/touchscreenmfg.com\/hu\/wp-json\/wp\/v2\/product_cat?post=1618"},{"taxonomy":"product_tag","embeddable":true,"href":"https:\/\/touchscreenmfg.com\/hu\/wp-json\/wp\/v2\/product_tag?post=1618"}],"curies":[{"name":"wp","href":"https:\/\/api.w.org\/{rel}","templated":true}]}}