{"id":1617,"date":"2024-06-29T01:06:11","date_gmt":"2024-06-29T01:06:11","guid":{"rendered":"https:\/\/touchscreenmfg.com\/manufacturer\/gaming-glass\/"},"modified":"2024-06-29T02:51:17","modified_gmt":"2024-06-29T02:51:17","slug":"gaming-glass","status":"publish","type":"product","link":"https:\/\/touchscreenmfg.com\/hu\/gaming-glass\/","title":{"rendered":"Gaming Glass"},"content":{"rendered":"<h2 class=\"\" data-sourcepos=\"1:1-1:81\">Gaming Glass: Szemv\u00e9delemmel \u00e9s k\u00e9nyelemmel fokozza a j\u00e1t\u00e9k\u00e9lm\u00e9nyt.<\/h2>\n<p data-sourcepos=\"3:1-3:118\">A j\u00e1t\u00e9k\u00fcvegek, m\u00e1s n\u00e9ven gamer \u00fcvegek olyan speci\u00e1lis szem\u00fcvegek, amelyeket \u00fagy terveztek, hogy jav\u00edts\u00e1k a k\u00e9nyelmet \u00e9s cs\u00f6kkents\u00e9k a szem meger\u0151ltet\u00e9s\u00e9t a hosszabb j\u00e1t\u00e9kmenetek sor\u00e1n. Ezek a szem\u00fcvegek jellemz\u0151en t\u00f6bb olyan kulcsfontoss\u00e1g\u00fa tulajdons\u00e1ggal rendelkeznek, amelyek a j\u00e1t\u00e9kosok speci\u00e1lis ig\u00e9nyeit szolg\u00e1lj\u00e1k.<\/p>\n<p data-sourcepos=\"5:1-5:35\"><strong>Kulcsfontoss\u00e1g\u00fa jellemz\u0151k:<\/strong><\/p>\n<ul data-sourcepos=\"7:1-9:66\">\n<li data-sourcepos=\"7:1-8:0\">\n<p data-sourcepos=\"7:3-7:300\"><strong>K\u00e9k f\u00e9nyt blokkol\u00f3 lencs\u00e9k:<\/strong> Gyakran tartalmaz k\u00e9k f\u00e9nyt blokkol\u00f3 lencs\u00e9ket, amelyek kisz\u0171rik a digit\u00e1lis k\u00e9perny\u0151k \u00e1ltal kibocs\u00e1tott k\u00e9k f\u00e9ny egy r\u00e9sz\u00e9t. A k\u00e9k f\u00e9ny megzavarhatja az alv\u00e1si mint\u00e1kat \u00e9s hozz\u00e1j\u00e1rulhat a szem meger\u0151ltet\u00e9s\u00e9hez, \u00edgy az expoz\u00edci\u00f3 cs\u00f6kkent\u00e9se jav\u00edthatja a k\u00e9nyelmet \u00e9s az \u00e1ltal\u00e1nos j\u00f3l\u00e9tet.<\/p>\n<\/li>\n<li data-sourcepos=\"9:1-9:66\">\n<p data-sourcepos=\"9:3-9:66\"><strong>K\u00e1pr\u00e1z\u00e1sg\u00e1tl\u00f3 bevonat:<\/strong> \u00c1ltal\u00e1ban t\u00fckr\u00f6z\u0151d\u00e9sg\u00e1tl\u00f3 bevonattal rendelkezik, amely minimaliz\u00e1lja a k\u00f6rnyezeti f\u00e9nyforr\u00e1sok visszaver\u0151d\u00e9s\u00e9t, cs\u00f6kkenti a szem f\u00e1radts\u00e1g\u00e1t \u00e9s jav\u00edtja a k\u00e9perny\u0151 l\u00e1that\u00f3s\u00e1g\u00e1t, k\u00fcl\u00f6n\u00f6sen gyeng\u00e9n megvil\u00e1g\u00edtott k\u00f6rnyezetben.<\/p>\n<\/li>\n<li data-sourcepos=\"11:1-12:0\">\n<p data-sourcepos=\"11:3-11:176\"><strong>K\u00e9nyelmes keretek:<\/strong> \u00c1ltal\u00e1ban k\u00f6nny\u0171 \u00e9s k\u00e9nyelmes keretekkel tervezt\u00e9k \u0151ket, hogy minimaliz\u00e1lj\u00e1k a s\u00falyt \u00e9s az arcra nehezed\u0151 nyom\u00e1st a hossz\u00fa j\u00e1t\u00e9kmenetek sor\u00e1n.<\/p>\n<\/li>\n<li data-sourcepos=\"13:1-14:0\">\n<p data-sourcepos=\"13:3-13:159\"><strong>St\u00edlusok sokf\u00e9les\u00e9ge:<\/strong> A k\u00fcl\u00f6nb\u00f6z\u0151 preferenci\u00e1knak megfelel\u0151 st\u00edlusok sz\u00e9les sk\u00e1l\u00e1j\u00e1val \u00e1llnak rendelkez\u00e9sre, a karcs\u00fa \u00e9s modern diz\u00e1jnt\u00f3l a hagyom\u00e1nyosabb keretekig.<\/p>\n<\/li>\n<\/ul>\n<p data-sourcepos=\"15:1-15:35\"><strong>Alkalmaz\u00e1sok:<\/strong><\/p>\n<ul data-sourcepos=\"17:1-19:78\">\n<li data-sourcepos=\"17:1-18:0\">\n<p data-sourcepos=\"17:3-17:119\"><strong>PC-j\u00e1t\u00e9kok:<\/strong> Els\u0151sorban a PC-s j\u00e1t\u00e9kosok haszn\u00e1lj\u00e1k, akik hosszabb id\u0151t t\u00f6ltenek a sz\u00e1m\u00edt\u00f3g\u00e9p k\u00e9perny\u0151j\u00e9nek b\u00e1mul\u00e1s\u00e1val.<\/p>\n<\/li>\n<li data-sourcepos=\"19:1-19:78\">\n<p data-sourcepos=\"19:3-19:78\"><strong>Konzolos j\u00e1t\u00e9k:<\/strong> A konzolokon j\u00e1tsz\u00f3 j\u00e1t\u00e9kosok is haszn\u00e1t vehetik a j\u00e1t\u00e9kszem\u00fcvegeknek, k\u00fcl\u00f6n\u00f6sen, ha s\u00f6t\u00e9t szob\u00e1ban vagy hossz\u00fa \u00f3r\u00e1kon \u00e1t j\u00e1tszanak.<\/p>\n<\/li>\n<li data-sourcepos=\"21:1-22:0\">\n<p data-sourcepos=\"21:3-21:166\"><strong>Verseng\u0151 j\u00e1t\u00e9k:<\/strong> A profi \u00e9s versenyz\u0151 j\u00e1t\u00e9kosok gyakran haszn\u00e1lnak j\u00e1t\u00e9kszem\u00fcveget, hogy az intenz\u00edv j\u00e1t\u00e9k sor\u00e1n fenntarts\u00e1k az optim\u00e1lis f\u00f3kuszt \u00e9s cs\u00f6kkents\u00e9k a szem meger\u0151ltet\u00e9s\u00e9t.<\/p>\n<\/li>\n<\/ul>","protected":false},"excerpt":{"rendered":"<p>A Gaming Glass kifejezetten j\u00e1t\u00e9keszk\u00f6z\u00f6kh\u00f6z tervezett edzett \u00fcvegv\u00e9d\u0151k.A hagyom\u00e1nyos edzett \u00fcvegv\u00e9d\u0151kh\u00f6z hasonl\u00f3an ezek is a j\u00e1t\u00e9keszk\u00f6z\u00f6k \u00e9rz\u00e9keny kijelz\u0151j\u00e9t hivatottak megv\u00e9deni a karcol\u00e1sokt\u00f3l \u00e9s \u00fct\u00e9sekt\u0151l.<\/p>","protected":false},"featured_media":1578,"template":"","meta":[],"product_cat":[15],"product_tag":[],"_links":{"self":[{"href":"https:\/\/touchscreenmfg.com\/hu\/wp-json\/wp\/v2\/product\/1617"}],"collection":[{"href":"https:\/\/touchscreenmfg.com\/hu\/wp-json\/wp\/v2\/product"}],"about":[{"href":"https:\/\/touchscreenmfg.com\/hu\/wp-json\/wp\/v2\/types\/product"}],"wp:featuredmedia":[{"embeddable":true,"href":"https:\/\/touchscreenmfg.com\/hu\/wp-json\/wp\/v2\/media\/1578"}],"wp:attachment":[{"href":"https:\/\/touchscreenmfg.com\/hu\/wp-json\/wp\/v2\/media?parent=1617"}],"wp:term":[{"taxonomy":"product_cat","embeddable":true,"href":"https:\/\/touchscreenmfg.com\/hu\/wp-json\/wp\/v2\/product_cat?post=1617"},{"taxonomy":"product_tag","embeddable":true,"href":"https:\/\/touchscreenmfg.com\/hu\/wp-json\/wp\/v2\/product_tag?post=1617"}],"curies":[{"name":"wp","href":"https:\/\/api.w.org\/{rel}","templated":true}]}}