{"id":1616,"date":"2024-06-29T01:06:11","date_gmt":"2024-06-29T01:06:11","guid":{"rendered":"https:\/\/touchscreenmfg.com\/manufacturer\/3d-cover-glass\/"},"modified":"2024-06-29T03:02:20","modified_gmt":"2024-06-29T03:02:20","slug":"3d-cover-glass","status":"publish","type":"product","link":"https:\/\/touchscreenmfg.com\/hu\/3d-cover-glass\/","title":{"rendered":"3D fed\u0151\u00fcveg"},"content":{"rendered":"<h2 class=\"\" data-sourcepos=\"1:1-1:67\">3D fed\u0151\u00fcveg: Az eleg\u00e1ns \u00e9s tart\u00f3s kijelz\u0151k j\u00f6v\u0151j\u00e9nek megform\u00e1l\u00e1sa<\/h2>\n<p data-sourcepos=\"3:1-3:68\">A 3D Cover Glass, m\u00e1s n\u00e9ven \u00edvelt fed\u0151\u00fcveg egy forradalmi \u00fcvegt\u00edpus, amely \u00e1talak\u00edtja az elektronikus eszk\u00f6z\u00f6k kialak\u00edt\u00e1s\u00e1t \u00e9s funkcionalit\u00e1s\u00e1t. A hagyom\u00e1nyos lapos fed\u0151\u00fcveggel ellent\u00e9tben ez az \u00fcveg olyan \u00edvelt form\u00e1val rendelkezik, amely z\u00f6kken\u0151mentesen illeszkedik a modern \u00edvelt kijelz\u0151k kont\u00farjaihoz. Ez az innovat\u00edv kialak\u00edt\u00e1s sz\u00e1mos el\u0151nyt k\u00edn\u00e1l a sima fed\u0151\u00fcveggel szemben, \u00edgy a gy\u00e1rt\u00f3k \u00e9s a fogyaszt\u00f3k sz\u00e1m\u00e1ra egyar\u00e1nt el\u0151ny\u00f6s v\u00e1laszt\u00e1ss\u00e1 v\u00e1lt.<\/p>\n<p data-sourcepos=\"5:1-5:2\"><strong>Kulcsfontoss\u00e1g\u00fa jellemz\u0151k:<\/strong><\/p>\n<ul data-sourcepos=\"7:1-7:103\">\n<li data-sourcepos=\"7:1-7:103\">\n<p class=\"\" data-sourcepos=\"7:3-7:170\"><strong class=\"\">Karcs\u00fa \u00e9s eleg\u00e1ns kialak\u00edt\u00e1s:<\/strong> Az\u00e1ltal, hogy sima, folytonos fel\u00fcletet hoz l\u00e9tre, amely z\u00f6kken\u0151mentesen illeszkedik az \u00edvelt kijelz\u0151h\u00f6z, jav\u00edtja a k\u00e9sz\u00fcl\u00e9kek eszt\u00e9tik\u00e1j\u00e1t.<\/p>\n<\/li>\n<li data-sourcepos=\"9:1-10:0\">\n<p data-sourcepos=\"9:3-9:177\"><strong>Fokozott tart\u00f3ss\u00e1g:<\/strong> A 3D Cover Glass \u00edvelt form\u00e1ja jobb szerkezeti tart\u00e1st biztos\u00edt, \u00edgy a sima fed\u0151\u00fcveghez k\u00e9pest ellen\u00e1ll\u00f3bb az \u00fct\u00e9sekkel \u00e9s karcol\u00e1sokkal szemben.<\/p>\n<\/li>\n<li data-sourcepos=\"11:1-12:0\">\n<p data-sourcepos=\"11:3-11:160\"><strong>Tov\u00e1bbfejlesztett Edge-to-Edge kijelz\u0151:<\/strong> Ez lehet\u0151v\u00e9 teszi a sz\u00e9lekt\u0151l a sz\u00e9l\u00e9ig \u00e9r\u0151 kijelz\u0151ket, maximaliz\u00e1lva a megtekint\u00e9si ter\u00fcletet \u00e9s m\u00e9g mag\u00e1val ragad\u00f3bb felhaszn\u00e1l\u00f3i \u00e9lm\u00e9nyt teremtve.<\/p>\n<\/li>\n<li data-sourcepos=\"13:1-13:105\">\n<p data-sourcepos=\"13:3-13:105\"><strong>\u00c9rint\u0151k\u00e9perny\u0151 kompatibilit\u00e1s:<\/strong> Teljesen kompatibilis az \u00e9rint\u0151k\u00e9perny\u0151s technol\u00f3gi\u00e1val, \u00edgy z\u00f6kken\u0151mentes \u00e9rint\u00e9ses interakci\u00f3t biztos\u00edt.<\/p>\n<\/li>\n<\/ul>\n<p data-sourcepos=\"15:1-15:35\"><strong>Alkalmaz\u00e1sok:<\/strong><\/p>\n<ul data-sourcepos=\"17:1-24:0\">\n<li data-sourcepos=\"17:1-18:0\">\n<p data-sourcepos=\"17:3-17:135\"><strong>Okostelefonok:<\/strong> Sz\u00e9les k\u00f6rben haszn\u00e1lj\u00e1k cs\u00facskateg\u00f3ri\u00e1s okostelefonokban, hozz\u00e1j\u00e1rulva azok eleg\u00e1ns kialak\u00edt\u00e1s\u00e1hoz \u00e9s tart\u00f3s fel\u00e9p\u00edt\u00e9s\u00e9hez.<\/p>\n<\/li>\n<li data-sourcepos=\"19:1-20:0\">\n<p data-sourcepos=\"19:3-19:118\"><strong>Tablett\u00e1k:<\/strong> A t\u00e1blag\u00e9pek a nagyobb kijelz\u0151k \u00e9s a jobb felhaszn\u00e1l\u00f3i \u00e9lm\u00e9ny miatt egyre gyakrabban tartalmaznak 3D Cover Glass-t.<\/p>\n<\/li>\n<li data-sourcepos=\"21:1-22:0\">\n<p data-sourcepos=\"21:3-21:113\"><strong>Laptopok:<\/strong> Egyes pr\u00e9mium laptopok 3D Cover Glass-t tartalmaznak az \u00e9rint\u00e9s\u00e9rz\u00e9keny kijelz\u0151ik \u00e9s eleg\u00e1ns eszt\u00e9tik\u00e1juk miatt.<\/p>\n<\/li>\n<li data-sourcepos=\"23:1-24:0\">\n<p data-sourcepos=\"23:3-23:146\"><strong>Okos\u00f3r\u00e1k:<\/strong>Egyre ink\u00e1bb az okos\u00f3r\u00e1kba ker\u00fcl, mivel tart\u00f3sabb \u00e9s vizu\u00e1lisan vonz\u00f3bb burkolatot biztos\u00edt a kijelz\u0151iknek.<\/p>\n<\/li>\n<\/ul>","protected":false},"excerpt":{"rendered":"<p>A 3D Cover Glass megv\u00e1ltoztatja az elektronikai eszk\u00f6z\u00f6k vil\u00e1g\u00e1t, mivel az eleg\u00e1ns diz\u00e1jn, a fokozott tart\u00f3ss\u00e1g \u00e9s a jobb kijelz\u0151k\u00e9pess\u00e9g kombin\u00e1ci\u00f3j\u00e1t k\u00edn\u00e1lja. A technol\u00f3gia fejl\u0151d\u00e9s\u00e9vel v\u00e1rhat\u00f3an m\u00e9g ink\u00e1bb elterjedt\u00e9 v\u00e1lik, \u00e9s az okostelefonok, t\u00e1blag\u00e9pek, laptopok \u00e9s egy\u00e9b eszk\u00f6z\u00f6k j\u00f6v\u0151j\u00e9t alak\u00edtja.<\/p>","protected":false},"featured_media":1577,"template":"","meta":[],"product_cat":[15],"product_tag":[],"_links":{"self":[{"href":"https:\/\/touchscreenmfg.com\/hu\/wp-json\/wp\/v2\/product\/1616"}],"collection":[{"href":"https:\/\/touchscreenmfg.com\/hu\/wp-json\/wp\/v2\/product"}],"about":[{"href":"https:\/\/touchscreenmfg.com\/hu\/wp-json\/wp\/v2\/types\/product"}],"wp:featuredmedia":[{"embeddable":true,"href":"https:\/\/touchscreenmfg.com\/hu\/wp-json\/wp\/v2\/media\/1577"}],"wp:attachment":[{"href":"https:\/\/touchscreenmfg.com\/hu\/wp-json\/wp\/v2\/media?parent=1616"}],"wp:term":[{"taxonomy":"product_cat","embeddable":true,"href":"https:\/\/touchscreenmfg.com\/hu\/wp-json\/wp\/v2\/product_cat?post=1616"},{"taxonomy":"product_tag","embeddable":true,"href":"https:\/\/touchscreenmfg.com\/hu\/wp-json\/wp\/v2\/product_tag?post=1616"}],"curies":[{"name":"wp","href":"https:\/\/api.w.org\/{rel}","templated":true}]}}